{"id":2112,"date":"2025-03-05T12:14:51","date_gmt":"2025-03-05T10:14:51","guid":{"rendered":"https:\/\/authentictrees.com\/?post_type=product&#038;p=2112"},"modified":"2025-10-31T14:54:15","modified_gmt":"2025-10-31T12:54:15","slug":"supoles","status":"publish","type":"product","link":"https:\/\/authentictrees.com\/lv\/products\/supoles\/","title":{"rendered":"\u0160\u016bpo\u013cu d\u0113\u013ci"},"content":{"rendered":"<div class=\"fusion-fullwidth fullwidth-box fusion-builder-row-1 fusion-flex-container nonhundred-percent-fullwidth non-hundred-percent-height-scrolling fusion-animated\" style=\"--awb-border-radius-top-left:0px;--awb-border-radius-top-right:0px;--awb-border-radius-bottom-right:0px;--awb-border-radius-bottom-left:0px;--awb-padding-right:0px;--awb-padding-left:0px;--awb-flex-wrap:wrap;\" data-animationType=\"fadeInUp\" data-animationDuration=\"1.3\" data-animationOffset=\"top-into-view\" ><div class=\"fusion-builder-row fusion-row fusion-flex-align-items-flex-start fusion-flex-content-wrap\" style=\"max-width:1248px;margin-left: calc(-4% \/ 2 );margin-right: calc(-4% \/ 2 );\"><div class=\"fusion-layout-column fusion_builder_column fusion-builder-column-0 fusion_builder_column_1_1 1_1 fusion-flex-column\" style=\"--awb-bg-blend:overlay;--awb-bg-size:cover;--awb-width-large:100%;--awb-margin-top-large:0px;--awb-spacing-right-large:1.92%;--awb-margin-bottom-large:0px;--awb-spacing-left-large:1.92%;--awb-width-medium:100%;--awb-spacing-right-medium:1.92%;--awb-spacing-left-medium:1.92%;--awb-width-small:100%;--awb-spacing-right-small:1.92%;--awb-spacing-left-small:1.92%;\"><div class=\"fusion-column-wrapper fusion-flex-justify-content-flex-start fusion-content-layout-column\"><div class=\"fusion-text fusion-text-1 fusion-text-no-margin\" style=\"--awb-margin-bottom:60px;\"><p><strong>\u012apa\u0161\u012bbas:<\/strong><\/p>\n<ul>\n<li><strong>Izm\u0113ri:<\/strong> 60 cm x 20 cm x 3 cm nodro\u0161ina \u0113rtu s\u0113dvietu gan b\u0113rniem, gan pieaugu\u0161ajiem. Nelielas izm\u0113ru at\u0161\u0137ir\u012bbas ir iesp\u0113jamas, jo katrs produkts ir roku darbs.<\/li>\n<li><strong>Iztur\u012bgas un dro\u0161as:<\/strong> paredz\u0113tas slodzei l\u012bdz 125 kg, apr\u012bkotas ar 16 mm biezu, laikapst\u0101k\u013cu iztur\u012bgu d\u017eutas virvi maksim\u0101lai dro\u0161\u012bbai un stabilit\u0101tei.<\/li>\n<li><strong>Laikapst\u0101k\u013cu notur\u012bgs p\u0101rkl\u0101jums:<\/strong> pieejamas dab\u012bg\u0101 ozola ton\u012b un piem\u0113rotas tur\u0113\u0161anai \u0101ra apst\u0101k\u013cos visa gada garum\u0101.<\/li>\n<li><strong>Pilns komplekts:<\/strong> ietver \u0161\u016bpo\u013cu d\u0113li, regul\u0113jamas d\u017eutas virves un 2 karab\u012bnes \u0113rtai uzst\u0101d\u012b\u0161anai. Izv\u0113lieties sev piem\u0113rotu virves garumu, veicot pas\u016bt\u012bjumu.<\/li>\n<li><strong>Daudzpus\u012bgs dizains:<\/strong> lieliski iederas gan \u0101ra vid\u0113 \u2013 pagalm\u0101 vai d\u0101rz\u0101, gan iek\u0161telp\u0101s, pie\u0161\u0137irot telpai rota\u013c\u012bgu un dabisku noska\u0146u.<\/li>\n<li><strong>Videi draudz\u012bgi materi\u0101li:<\/strong> izgatavotas no ilgtsp\u0113j\u012bgi ieg\u016bta ozolkoka un dab\u012bgas d\u017eutas virves \u2013 apzin\u0101ta un videi draudz\u012bga izv\u0113le.<\/li>\n<li><strong>Dabisks raksturs:<\/strong> koks ir dab\u012bgs materi\u0101ls, t\u0101d\u0113\u013c nelielas plaisi\u0146as, unik\u0101li koksnes raksti un zaru vietas ir da\u013ca no \u0161\u016bpo\u013cu \u0161arma, neietekm\u0113jot \u0161\u016bpo\u013cu iztur\u012bbu un dro\u0161\u012bbu.<\/li>\n<\/ul>\n<p><strong>Pieg\u0101de un atgrie\u0161ana:<\/strong><\/p>\n<ul>\n<li><strong>Pieg\u0101de:<\/strong> pas\u016bt\u012bjumi tiek izs\u016bt\u012bti 2-3 dienu laik\u0101 p\u0113c maks\u0101juma sa\u0146em\u0161anas un parasti non\u0101k galam\u0113r\u0137\u012b 5-10 dienu laik\u0101, atkar\u012bb\u0101 no j\u016bsu atra\u0161an\u0101s vietas.<\/li>\n<li><strong>Atgrie\u0161ana:<\/strong> neesat apmierin\u0101ts? Atgrieziet preci 14 dienu laik\u0101 apmai\u0146ai vai naudas atmaksai (pieg\u0101des izmaksas netiek atmaks\u0101tas).<\/li>\n<li><strong>Starptautiskajiem pirc\u0113jiem:<\/strong> ievedmuita, nodok\u013ci un citi ar pieg\u0101di saist\u012btie maks\u0101jumi nav iek\u013cauti preces cen\u0101 un ir pirc\u0113ja atbild\u012bba.<\/li>\n<\/ul>\n<p><strong>\u00a0<\/strong><\/p>\n<p><strong>Radiet neaizmirstamus mirk\u013cus ar \u0161\u016bpol\u0113m, kas apvieno skaistumu un ilgm\u016b\u017e\u012bbu!<\/strong><\/p>\n<p>#\u0160\u016bpo\u013cuD\u0113lis #Koka\u0160\u016bpoles #D\u0101rza\u0160\u016bpoles #RokuDarin\u0101jumi #Ilgtsp\u0113j\u012bgsDizains<\/p>\n<\/div><\/div><\/div><\/div><\/div>\n","protected":false},"excerpt":{"rendered":"<p><strong>Ilgm\u016b\u017e\u012bgas ozolkoka \u0161\u016bpoles bezr\u016bp\u012bgam priekam!<\/strong><\/p>\n<p>Radiet sav\u0101 m\u0101j\u0101 vai d\u0101rz\u0101 neatk\u0101rtojamu \u0161armu un prieka pilnus mirk\u013cus ar m\u016bsu darin\u0101taj\u0101m koka \u0161\u016bpol\u0113m. Izgatavots no augst\u0101k\u0101s kvalit\u0101tes kalt\u0113ta ozola, katrs \u0161\u016bpo\u013cu d\u0113lis tiek izgrebts no viena mas\u012bvkoka gabala, izce\u013cot koksnes dabisko rakstu, zaru vietas un unik\u0101lo raksturu. Neatkar\u012bgi, vai \u0161\u016bpoles ir dom\u0101tas \u0101ra rota\u013c\u0101m, lauku stila atp\u016btas vietai d\u0101rz\u0101 vai m\u0101j\u012bgam iek\u0161telpu st\u016br\u012btim, t\u0101s ir darin\u0101tas, lai rad\u012btu smaidus un prieku gadiem ilgi.<\/p>\n","protected":false},"featured_media":3011,"template":"","meta":{"_acf_changed":false},"product_brand":[],"product_cat":[100],"product_tag":[],"class_list":{"0":"post-2112","1":"product","2":"type-product","3":"status-publish","4":"has-post-thumbnail","6":"product_cat-supoles","8":"first","9":"instock","10":"taxable","11":"shipping-taxable","12":"purchasable","13":"product-type-variable"},"acf":[],"yoast_head":"<!-- This site is optimized with the Yoast SEO plugin v26.7 - https:\/\/yoast.com\/wordpress\/plugins\/seo\/ -->\n<title>Koka \u0161\u016bpo\u013ci d\u0113\u013ci - Authentic Trees<\/title>\n<meta name=\"description\" content=\"Skaistas ar rok\u0101m darin\u0101tas koka \u0161\u016bpoles, izgatavotas no augst\u0101k\u0101s kvalit\u0101tes ozola. Paredz\u0113tas jebkuriem laikapst\u0101k\u013ciem lieto\u0161anai gan iek\u0161telp\u0101s, gan \u0101r\u0101.\" \/>\n<meta name=\"robots\" content=\"index, follow, max-snippet:-1, max-image-preview:large, max-video-preview:-1\" \/>\n<link rel=\"canonical\" href=\"https:\/\/authentictrees.com\/lv\/products\/supoles\/\" \/>\n<meta property=\"og:locale\" content=\"lv_LV\" \/>\n<meta property=\"og:type\" content=\"article\" \/>\n<meta property=\"og:title\" content=\"Koka \u0161\u016bpo\u013ci d\u0113\u013ci - Authentic Trees\" \/>\n<meta property=\"og:description\" content=\"Skaistas ar rok\u0101m darin\u0101tas koka \u0161\u016bpoles, izgatavotas no augst\u0101k\u0101s kvalit\u0101tes ozola. Paredz\u0113tas jebkuriem laikapst\u0101k\u013ciem lieto\u0161anai gan iek\u0161telp\u0101s, gan \u0101r\u0101.\" \/>\n<meta property=\"og:url\" content=\"https:\/\/authentictrees.com\/lv\/products\/supoles\/\" \/>\n<meta property=\"og:site_name\" content=\"Authentictrees.com\" \/>\n<meta property=\"article:modified_time\" content=\"2025-10-31T12:54:15+00:00\" \/>\n<meta property=\"og:image\" content=\"https:\/\/authentictrees.com\/wp-content\/uploads\/2025\/03\/IMG_8621-scaled.jpg\" \/>\n\t<meta property=\"og:image:width\" content=\"2560\" \/>\n\t<meta property=\"og:image:height\" content=\"1707\" \/>\n\t<meta property=\"og:image:type\" content=\"image\/jpeg\" \/>\n<meta name=\"twitter:card\" content=\"summary_large_image\" \/>\n<meta name=\"twitter:label1\" content=\"Est. reading time\" \/>\n\t<meta name=\"twitter:data1\" content=\"2 minutes\" \/>\n<script type=\"application\/ld+json\" class=\"yoast-schema-graph\">{\"@context\":\"https:\/\/schema.org\",\"@graph\":[{\"@type\":\"WebPage\",\"@id\":\"https:\/\/authentictrees.com\/lv\/products\/supoles\/\",\"url\":\"https:\/\/authentictrees.com\/lv\/products\/supoles\/\",\"name\":\"Koka \u0161\u016bpo\u013ci d\u0113\u013ci - Authentic Trees\",\"isPartOf\":{\"@id\":\"https:\/\/authentictrees.com\/lv\/#website\"},\"primaryImageOfPage\":{\"@id\":\"https:\/\/authentictrees.com\/lv\/products\/supoles\/#primaryimage\"},\"image\":{\"@id\":\"https:\/\/authentictrees.com\/lv\/products\/supoles\/#primaryimage\"},\"thumbnailUrl\":\"https:\/\/authentictrees.com\/wp-content\/uploads\/2025\/03\/IMG_8621-scaled.jpg\",\"datePublished\":\"2025-03-05T10:14:51+00:00\",\"dateModified\":\"2025-10-31T12:54:15+00:00\",\"description\":\"Skaistas ar rok\u0101m darin\u0101tas koka \u0161\u016bpoles, izgatavotas no augst\u0101k\u0101s kvalit\u0101tes ozola. Paredz\u0113tas jebkuriem laikapst\u0101k\u013ciem lieto\u0161anai gan iek\u0161telp\u0101s, gan \u0101r\u0101.\",\"breadcrumb\":{\"@id\":\"https:\/\/authentictrees.com\/lv\/products\/supoles\/#breadcrumb\"},\"inLanguage\":\"lv-LV\",\"potentialAction\":[{\"@type\":\"ReadAction\",\"target\":[\"https:\/\/authentictrees.com\/lv\/products\/supoles\/\"]}]},{\"@type\":\"ImageObject\",\"inLanguage\":\"lv-LV\",\"@id\":\"https:\/\/authentictrees.com\/lv\/products\/supoles\/#primaryimage\",\"url\":\"https:\/\/authentictrees.com\/wp-content\/uploads\/2025\/03\/IMG_8621-scaled.jpg\",\"contentUrl\":\"https:\/\/authentictrees.com\/wp-content\/uploads\/2025\/03\/IMG_8621-scaled.jpg\",\"width\":2560,\"height\":1707},{\"@type\":\"BreadcrumbList\",\"@id\":\"https:\/\/authentictrees.com\/lv\/products\/supoles\/#breadcrumb\",\"itemListElement\":[{\"@type\":\"ListItem\",\"position\":1,\"name\":\"Home\",\"item\":\"https:\/\/authentictrees.com\/lv\/\"},{\"@type\":\"ListItem\",\"position\":2,\"name\":\"Veikals\",\"item\":\"https:\/\/authentictrees.com\/lv\/shop\/\"},{\"@type\":\"ListItem\",\"position\":3,\"name\":\"\u0160\u016bpo\u013cu d\u0113\u013ci\"}]},{\"@type\":\"WebSite\",\"@id\":\"https:\/\/authentictrees.com\/lv\/#website\",\"url\":\"https:\/\/authentictrees.com\/lv\/\",\"name\":\"Authentictrees.com\",\"description\":\"Boutique carpentry\",\"potentialAction\":[{\"@type\":\"SearchAction\",\"target\":{\"@type\":\"EntryPoint\",\"urlTemplate\":\"https:\/\/authentictrees.com\/lv\/?s={search_term_string}\"},\"query-input\":{\"@type\":\"PropertyValueSpecification\",\"valueRequired\":true,\"valueName\":\"search_term_string\"}}],\"inLanguage\":\"lv-LV\"}]}<\/script>\n<!-- \/ Yoast SEO plugin. -->","yoast_head_json":{"title":"Koka \u0161\u016bpo\u013ci d\u0113\u013ci - Authentic Trees","description":"Skaistas ar rok\u0101m darin\u0101tas koka \u0161\u016bpoles, izgatavotas no augst\u0101k\u0101s kvalit\u0101tes ozola. Paredz\u0113tas jebkuriem laikapst\u0101k\u013ciem lieto\u0161anai gan iek\u0161telp\u0101s, gan \u0101r\u0101.","robots":{"index":"index","follow":"follow","max-snippet":"max-snippet:-1","max-image-preview":"max-image-preview:large","max-video-preview":"max-video-preview:-1"},"canonical":"https:\/\/authentictrees.com\/lv\/products\/supoles\/","og_locale":"lv_LV","og_type":"article","og_title":"Koka \u0161\u016bpo\u013ci d\u0113\u013ci - Authentic Trees","og_description":"Skaistas ar rok\u0101m darin\u0101tas koka \u0161\u016bpoles, izgatavotas no augst\u0101k\u0101s kvalit\u0101tes ozola. Paredz\u0113tas jebkuriem laikapst\u0101k\u013ciem lieto\u0161anai gan iek\u0161telp\u0101s, gan \u0101r\u0101.","og_url":"https:\/\/authentictrees.com\/lv\/products\/supoles\/","og_site_name":"Authentictrees.com","article_modified_time":"2025-10-31T12:54:15+00:00","og_image":[{"width":2560,"height":1707,"url":"https:\/\/authentictrees.com\/wp-content\/uploads\/2025\/03\/IMG_8621-scaled.jpg","type":"image\/jpeg"}],"twitter_card":"summary_large_image","twitter_misc":{"Est. reading time":"2 minutes"},"schema":{"@context":"https:\/\/schema.org","@graph":[{"@type":"WebPage","@id":"https:\/\/authentictrees.com\/lv\/products\/supoles\/","url":"https:\/\/authentictrees.com\/lv\/products\/supoles\/","name":"Koka \u0161\u016bpo\u013ci d\u0113\u013ci - Authentic Trees","isPartOf":{"@id":"https:\/\/authentictrees.com\/lv\/#website"},"primaryImageOfPage":{"@id":"https:\/\/authentictrees.com\/lv\/products\/supoles\/#primaryimage"},"image":{"@id":"https:\/\/authentictrees.com\/lv\/products\/supoles\/#primaryimage"},"thumbnailUrl":"https:\/\/authentictrees.com\/wp-content\/uploads\/2025\/03\/IMG_8621-scaled.jpg","datePublished":"2025-03-05T10:14:51+00:00","dateModified":"2025-10-31T12:54:15+00:00","description":"Skaistas ar rok\u0101m darin\u0101tas koka \u0161\u016bpoles, izgatavotas no augst\u0101k\u0101s kvalit\u0101tes ozola. Paredz\u0113tas jebkuriem laikapst\u0101k\u013ciem lieto\u0161anai gan iek\u0161telp\u0101s, gan \u0101r\u0101.","breadcrumb":{"@id":"https:\/\/authentictrees.com\/lv\/products\/supoles\/#breadcrumb"},"inLanguage":"lv-LV","potentialAction":[{"@type":"ReadAction","target":["https:\/\/authentictrees.com\/lv\/products\/supoles\/"]}]},{"@type":"ImageObject","inLanguage":"lv-LV","@id":"https:\/\/authentictrees.com\/lv\/products\/supoles\/#primaryimage","url":"https:\/\/authentictrees.com\/wp-content\/uploads\/2025\/03\/IMG_8621-scaled.jpg","contentUrl":"https:\/\/authentictrees.com\/wp-content\/uploads\/2025\/03\/IMG_8621-scaled.jpg","width":2560,"height":1707},{"@type":"BreadcrumbList","@id":"https:\/\/authentictrees.com\/lv\/products\/supoles\/#breadcrumb","itemListElement":[{"@type":"ListItem","position":1,"name":"Home","item":"https:\/\/authentictrees.com\/lv\/"},{"@type":"ListItem","position":2,"name":"Veikals","item":"https:\/\/authentictrees.com\/lv\/shop\/"},{"@type":"ListItem","position":3,"name":"\u0160\u016bpo\u013cu d\u0113\u013ci"}]},{"@type":"WebSite","@id":"https:\/\/authentictrees.com\/lv\/#website","url":"https:\/\/authentictrees.com\/lv\/","name":"Authentictrees.com","description":"Boutique carpentry","potentialAction":[{"@type":"SearchAction","target":{"@type":"EntryPoint","urlTemplate":"https:\/\/authentictrees.com\/lv\/?s={search_term_string}"},"query-input":{"@type":"PropertyValueSpecification","valueRequired":true,"valueName":"search_term_string"}}],"inLanguage":"lv-LV"}]}},"_links":{"self":[{"href":"https:\/\/authentictrees.com\/lv\/wp-json\/wp\/v2\/product\/2112","targetHints":{"allow":["GET"]}}],"collection":[{"href":"https:\/\/authentictrees.com\/lv\/wp-json\/wp\/v2\/product"}],"about":[{"href":"https:\/\/authentictrees.com\/lv\/wp-json\/wp\/v2\/types\/product"}],"wp:featuredmedia":[{"embeddable":true,"href":"https:\/\/authentictrees.com\/lv\/wp-json\/wp\/v2\/media\/3011"}],"wp:attachment":[{"href":"https:\/\/authentictrees.com\/lv\/wp-json\/wp\/v2\/media?parent=2112"}],"wp:term":[{"taxonomy":"product_brand","embeddable":true,"href":"https:\/\/authentictrees.com\/lv\/wp-json\/wp\/v2\/product_brand?post=2112"},{"taxonomy":"product_cat","embeddable":true,"href":"https:\/\/authentictrees.com\/lv\/wp-json\/wp\/v2\/product_cat?post=2112"},{"taxonomy":"product_tag","embeddable":true,"href":"https:\/\/authentictrees.com\/lv\/wp-json\/wp\/v2\/product_tag?post=2112"}],"curies":[{"name":"wp","href":"https:\/\/api.w.org\/{rel}","templated":true}]}}