{"id":1704,"date":"2025-03-01T16:59:37","date_gmt":"2025-03-01T14:59:37","guid":{"rendered":"https:\/\/authentictrees.ecomstrive.dev\/product\/odometerphasellus-consectetuer-vestibulum-elit-fusce-vulputate-eleifend-sapien-donec-mi-odio-faucibus-at-scelerisque-quis-convallis-in-nisi-maecenas-nec-odio-et-ante-tincidunt-tempus-cras-id-d\/"},"modified":"2025-03-28T10:51:45","modified_gmt":"2025-03-28T08:51:45","slug":"majas","status":"publish","type":"product","link":"https:\/\/authentictrees.com\/lv\/products\/majas\/","title":{"rendered":"Mas\u012bvkoka karkasi un gu\u013cb\u016bves"},"content":{"rendered":"<div class=\"fusion-fullwidth fullwidth-box fusion-builder-row-1 fusion-flex-container nonhundred-percent-fullwidth non-hundred-percent-height-scrolling fusion-animated\" style=\"--awb-border-radius-top-left:0px;--awb-border-radius-top-right:0px;--awb-border-radius-bottom-right:0px;--awb-border-radius-bottom-left:0px;--awb-flex-wrap:wrap;\" data-animationType=\"fadeInUp\" data-animationDuration=\"1.3\" data-animationOffset=\"top-into-view\" ><div class=\"fusion-builder-row fusion-row fusion-flex-align-items-flex-start fusion-flex-content-wrap\" style=\"max-width:1248px;margin-left: calc(-4% \/ 2 );margin-right: calc(-4% \/ 2 );\"><div class=\"fusion-layout-column fusion_builder_column fusion-builder-column-0 fusion_builder_column_1_1 1_1 fusion-flex-column\" style=\"--awb-bg-blend:overlay;--awb-bg-size:cover;--awb-width-large:100%;--awb-margin-top-large:0px;--awb-spacing-right-large:1.92%;--awb-margin-bottom-large:0px;--awb-spacing-left-large:1.92%;--awb-width-medium:100%;--awb-spacing-right-medium:1.92%;--awb-spacing-left-medium:1.92%;--awb-width-small:100%;--awb-spacing-right-small:1.92%;--awb-spacing-left-small:1.92%;\"><div class=\"fusion-column-wrapper fusion-flex-justify-content-flex-start fusion-content-layout-column\"><div class=\"fusion-text fusion-text-1\"><p><strong>\u012apa\u0161\u012bbas:<\/strong><\/p>\n<ul>\n<li><strong>Augst\u0101k\u0101s kvalit\u0101tes materi\u0101li:<\/strong> \u0113kas izgatavotas no dab\u012bgi kalt\u0113t\u0101m un kalibr\u0113t\u0101m priedes vai egles brus\u0101m un ba\u013c\u0137iem, nodro\u0161inot precizit\u0101ti, ilgm\u016b\u017e\u012bbu un dabisku \u0161armu.<\/li>\n<li><strong>Tradicion\u0101la amatniec\u012bba:<\/strong> visi savienojumi un pak\u0161i tiek veidoti ar rok\u0101m, izmantojot gadu desmitiem p\u0101rbaud\u012btas amatniec\u012bbas metodes, kas nodro\u0161ina gan konstrukciju stipr\u012bbu, gan est\u0113tisku pievilc\u012bbu.<\/li>\n<li><strong>Apdare:<\/strong> brusas un ba\u013c\u0137i tiek apstr\u0101d\u0101ti ar specializ\u0113tiem rokas instrumentiem, radot gludu un neatk\u0101rtojamu virsmu, kas izce\u013c koka dabisko skaistumu.<\/li>\n<li><strong>Pilns serviss:<\/strong> no s\u0101kotn\u0113j\u0101s izgatavo\u0161anas m\u016bsu darbn\u012bc\u0101 l\u012bdz pieg\u0101dei un mont\u0101\u017eai j\u016bsu m\u0101j\u0101s \u2013 nodro\u0161in\u0101m pilnu atbalstu. P\u0113c nepiecie\u0161am\u012bbas pieejama ar\u012b \u0113ku pabeig\u0161ana \u201cl\u012bdz atsl\u0113gai\u201d.<\/li>\n<\/ul>\n<p>Katrs mas\u012bvkoka karkass vai gu\u013cb\u016bve ir tradicion\u0101l\u0101s amatniec\u012bbas un m\u016bsdienu precizit\u0101tes apvienojums. Neatkar\u012bgi no t\u0101, vai tas ir m\u0101j\u012bgs atp\u016btas nami\u0146\u0161, pirts vai \u0123imenes m\u0101ja, m\u0113s rad\u0101m \u0113kas, kas atspogu\u013cos j\u016bsu gaumi un kalpos paaudz\u0113m ilgi.<\/p>\n<p><strong>Lai apspriestu savu projektu un sa\u0146emtu individu\u0101lu pied\u0101v\u0101jumu, sazinieties ar mums!<\/strong><\/p>\n<p>#KokaKarkasi #Gu\u013cb\u016bves #RokuDarbs #Individu\u0101lsDizains #Tradicion\u0101laAmatniec\u012bba #Ilgtsp\u0113j\u012bgaDz\u012bvo\u0161ana #KokaB\u016bvniec\u012bba<\/p>\n<\/div><\/div><\/div><\/div><\/div>\n","protected":false},"excerpt":{"rendered":"<p><strong>\u0112kas, kas rad\u012btas ar meistar\u012bbu, lai priec\u0113tu ar\u012b m\u016bsu mazb\u0113rnus<\/strong><\/p>\n<p>M\u0113s rad\u0101m unik\u0101lus mas\u012bvkoka karkasu un gu\u013cb\u016bvju \u0113kas, kas ir individu\u0101li piel\u0101gotas j\u016bsu dz\u012bvesveidam un v\u0113lm\u0113m. Cenas sv\u0101rst\u0101s no 200\u2013300 EUR par gr\u012bdas kvadr\u0101tmetru mas\u012bvkoka karkasa \u0113k\u0101m un no 500\u2013700 EUR par gr\u012bdas kvadr\u0101tmetru gu\u013cb\u016bv\u0113m, atkar\u012bb\u0101 no projekta sare\u017e\u0123\u012bt\u012bbas un izmantotajiem materi\u0101liem. \u0160\u012bs cenas ietver sienu, p\u0101rsegumu un jumta konstrukciju izb\u016bvi, \u013caujot piel\u0101got apdari j\u016bsu v\u0113lm\u0113m un iesp\u0113j\u0101m.<\/p>\n","protected":false},"featured_media":2558,"template":"","meta":{"_acf_changed":false},"product_brand":[],"product_cat":[92],"product_tag":[],"class_list":{"0":"post-1704","1":"product","2":"type-product","3":"status-publish","4":"has-post-thumbnail","6":"product_cat-majas","8":"first","9":"instock","10":"taxable","11":"shipping-taxable","12":"product-type-simple"},"acf":[],"yoast_head":"<!-- This site is optimized with the Yoast SEO plugin v26.7 - https:\/\/yoast.com\/wordpress\/plugins\/seo\/ -->\n<title>Mas\u012bvkoka karkasi un gu\u013cb\u016bves - Authentic Trees<\/title>\n<meta name=\"description\" content=\"Mas\u012bvkoka karkasi un gu\u013cb\u016bves: m\u016bsu m\u0101jas un \u0113kas ir b\u016bv\u0113tas ar tradicion\u0101l\u0101m amatniec\u012bbas metod\u0113m, pied\u0101v\u0101jot m\u016b\u017e\u012bgu skaistumu un iztur\u012bbu.\" \/>\n<meta name=\"robots\" content=\"index, follow, max-snippet:-1, max-image-preview:large, max-video-preview:-1\" \/>\n<link rel=\"canonical\" href=\"https:\/\/authentictrees.com\/lv\/products\/majas\/\" \/>\n<meta property=\"og:locale\" content=\"lv_LV\" \/>\n<meta property=\"og:type\" content=\"article\" \/>\n<meta property=\"og:title\" content=\"Mas\u012bvkoka karkasi un gu\u013cb\u016bves - Authentic Trees\" \/>\n<meta property=\"og:description\" content=\"Mas\u012bvkoka karkasi un gu\u013cb\u016bves: m\u016bsu m\u0101jas un \u0113kas ir b\u016bv\u0113tas ar tradicion\u0101l\u0101m amatniec\u012bbas metod\u0113m, pied\u0101v\u0101jot m\u016b\u017e\u012bgu skaistumu un iztur\u012bbu.\" \/>\n<meta property=\"og:url\" content=\"https:\/\/authentictrees.com\/lv\/products\/majas\/\" \/>\n<meta property=\"og:site_name\" content=\"Authentictrees.com\" \/>\n<meta property=\"article:modified_time\" content=\"2025-03-28T08:51:45+00:00\" \/>\n<meta property=\"og:image\" content=\"https:\/\/authentictrees.com\/wp-content\/uploads\/2024\/12\/3.jpeg\" \/>\n\t<meta property=\"og:image:width\" content=\"2048\" \/>\n\t<meta property=\"og:image:height\" content=\"1536\" \/>\n\t<meta property=\"og:image:type\" content=\"image\/jpeg\" \/>\n<meta name=\"twitter:card\" content=\"summary_large_image\" \/>\n<meta name=\"twitter:label1\" content=\"Est. reading time\" \/>\n\t<meta name=\"twitter:data1\" content=\"1 minute\" \/>\n<script type=\"application\/ld+json\" class=\"yoast-schema-graph\">{\"@context\":\"https:\/\/schema.org\",\"@graph\":[{\"@type\":\"WebPage\",\"@id\":\"https:\/\/authentictrees.com\/lv\/products\/majas\/\",\"url\":\"https:\/\/authentictrees.com\/lv\/products\/majas\/\",\"name\":\"Mas\u012bvkoka karkasi un gu\u013cb\u016bves - Authentic Trees\",\"isPartOf\":{\"@id\":\"https:\/\/authentictrees.com\/lv\/#website\"},\"primaryImageOfPage\":{\"@id\":\"https:\/\/authentictrees.com\/lv\/products\/majas\/#primaryimage\"},\"image\":{\"@id\":\"https:\/\/authentictrees.com\/lv\/products\/majas\/#primaryimage\"},\"thumbnailUrl\":\"https:\/\/authentictrees.com\/wp-content\/uploads\/2024\/12\/3.jpeg\",\"datePublished\":\"2025-03-01T14:59:37+00:00\",\"dateModified\":\"2025-03-28T08:51:45+00:00\",\"description\":\"Mas\u012bvkoka karkasi un gu\u013cb\u016bves: m\u016bsu m\u0101jas un \u0113kas ir b\u016bv\u0113tas ar tradicion\u0101l\u0101m amatniec\u012bbas metod\u0113m, pied\u0101v\u0101jot m\u016b\u017e\u012bgu skaistumu un iztur\u012bbu.\",\"breadcrumb\":{\"@id\":\"https:\/\/authentictrees.com\/lv\/products\/majas\/#breadcrumb\"},\"inLanguage\":\"lv-LV\",\"potentialAction\":[{\"@type\":\"ReadAction\",\"target\":[\"https:\/\/authentictrees.com\/lv\/products\/majas\/\"]}]},{\"@type\":\"ImageObject\",\"inLanguage\":\"lv-LV\",\"@id\":\"https:\/\/authentictrees.com\/lv\/products\/majas\/#primaryimage\",\"url\":\"https:\/\/authentictrees.com\/wp-content\/uploads\/2024\/12\/3.jpeg\",\"contentUrl\":\"https:\/\/authentictrees.com\/wp-content\/uploads\/2024\/12\/3.jpeg\",\"width\":2048,\"height\":1536},{\"@type\":\"BreadcrumbList\",\"@id\":\"https:\/\/authentictrees.com\/lv\/products\/majas\/#breadcrumb\",\"itemListElement\":[{\"@type\":\"ListItem\",\"position\":1,\"name\":\"Home\",\"item\":\"https:\/\/authentictrees.com\/lv\/\"},{\"@type\":\"ListItem\",\"position\":2,\"name\":\"Veikals\",\"item\":\"https:\/\/authentictrees.com\/lv\/shop\/\"},{\"@type\":\"ListItem\",\"position\":3,\"name\":\"Mas\u012bvkoka karkasi un gu\u013cb\u016bves\"}]},{\"@type\":\"WebSite\",\"@id\":\"https:\/\/authentictrees.com\/lv\/#website\",\"url\":\"https:\/\/authentictrees.com\/lv\/\",\"name\":\"Authentictrees.com\",\"description\":\"Boutique carpentry\",\"potentialAction\":[{\"@type\":\"SearchAction\",\"target\":{\"@type\":\"EntryPoint\",\"urlTemplate\":\"https:\/\/authentictrees.com\/lv\/?s={search_term_string}\"},\"query-input\":{\"@type\":\"PropertyValueSpecification\",\"valueRequired\":true,\"valueName\":\"search_term_string\"}}],\"inLanguage\":\"lv-LV\"}]}<\/script>\n<!-- \/ Yoast SEO plugin. -->","yoast_head_json":{"title":"Mas\u012bvkoka karkasi un gu\u013cb\u016bves - Authentic Trees","description":"Mas\u012bvkoka karkasi un gu\u013cb\u016bves: m\u016bsu m\u0101jas un \u0113kas ir b\u016bv\u0113tas ar tradicion\u0101l\u0101m amatniec\u012bbas metod\u0113m, pied\u0101v\u0101jot m\u016b\u017e\u012bgu skaistumu un iztur\u012bbu.","robots":{"index":"index","follow":"follow","max-snippet":"max-snippet:-1","max-image-preview":"max-image-preview:large","max-video-preview":"max-video-preview:-1"},"canonical":"https:\/\/authentictrees.com\/lv\/products\/majas\/","og_locale":"lv_LV","og_type":"article","og_title":"Mas\u012bvkoka karkasi un gu\u013cb\u016bves - Authentic Trees","og_description":"Mas\u012bvkoka karkasi un gu\u013cb\u016bves: m\u016bsu m\u0101jas un \u0113kas ir b\u016bv\u0113tas ar tradicion\u0101l\u0101m amatniec\u012bbas metod\u0113m, pied\u0101v\u0101jot m\u016b\u017e\u012bgu skaistumu un iztur\u012bbu.","og_url":"https:\/\/authentictrees.com\/lv\/products\/majas\/","og_site_name":"Authentictrees.com","article_modified_time":"2025-03-28T08:51:45+00:00","og_image":[{"width":2048,"height":1536,"url":"https:\/\/authentictrees.com\/wp-content\/uploads\/2024\/12\/3.jpeg","type":"image\/jpeg"}],"twitter_card":"summary_large_image","twitter_misc":{"Est. reading time":"1 minute"},"schema":{"@context":"https:\/\/schema.org","@graph":[{"@type":"WebPage","@id":"https:\/\/authentictrees.com\/lv\/products\/majas\/","url":"https:\/\/authentictrees.com\/lv\/products\/majas\/","name":"Mas\u012bvkoka karkasi un gu\u013cb\u016bves - Authentic Trees","isPartOf":{"@id":"https:\/\/authentictrees.com\/lv\/#website"},"primaryImageOfPage":{"@id":"https:\/\/authentictrees.com\/lv\/products\/majas\/#primaryimage"},"image":{"@id":"https:\/\/authentictrees.com\/lv\/products\/majas\/#primaryimage"},"thumbnailUrl":"https:\/\/authentictrees.com\/wp-content\/uploads\/2024\/12\/3.jpeg","datePublished":"2025-03-01T14:59:37+00:00","dateModified":"2025-03-28T08:51:45+00:00","description":"Mas\u012bvkoka karkasi un gu\u013cb\u016bves: m\u016bsu m\u0101jas un \u0113kas ir b\u016bv\u0113tas ar tradicion\u0101l\u0101m amatniec\u012bbas metod\u0113m, pied\u0101v\u0101jot m\u016b\u017e\u012bgu skaistumu un iztur\u012bbu.","breadcrumb":{"@id":"https:\/\/authentictrees.com\/lv\/products\/majas\/#breadcrumb"},"inLanguage":"lv-LV","potentialAction":[{"@type":"ReadAction","target":["https:\/\/authentictrees.com\/lv\/products\/majas\/"]}]},{"@type":"ImageObject","inLanguage":"lv-LV","@id":"https:\/\/authentictrees.com\/lv\/products\/majas\/#primaryimage","url":"https:\/\/authentictrees.com\/wp-content\/uploads\/2024\/12\/3.jpeg","contentUrl":"https:\/\/authentictrees.com\/wp-content\/uploads\/2024\/12\/3.jpeg","width":2048,"height":1536},{"@type":"BreadcrumbList","@id":"https:\/\/authentictrees.com\/lv\/products\/majas\/#breadcrumb","itemListElement":[{"@type":"ListItem","position":1,"name":"Home","item":"https:\/\/authentictrees.com\/lv\/"},{"@type":"ListItem","position":2,"name":"Veikals","item":"https:\/\/authentictrees.com\/lv\/shop\/"},{"@type":"ListItem","position":3,"name":"Mas\u012bvkoka karkasi un gu\u013cb\u016bves"}]},{"@type":"WebSite","@id":"https:\/\/authentictrees.com\/lv\/#website","url":"https:\/\/authentictrees.com\/lv\/","name":"Authentictrees.com","description":"Boutique carpentry","potentialAction":[{"@type":"SearchAction","target":{"@type":"EntryPoint","urlTemplate":"https:\/\/authentictrees.com\/lv\/?s={search_term_string}"},"query-input":{"@type":"PropertyValueSpecification","valueRequired":true,"valueName":"search_term_string"}}],"inLanguage":"lv-LV"}]}},"_links":{"self":[{"href":"https:\/\/authentictrees.com\/lv\/wp-json\/wp\/v2\/product\/1704","targetHints":{"allow":["GET"]}}],"collection":[{"href":"https:\/\/authentictrees.com\/lv\/wp-json\/wp\/v2\/product"}],"about":[{"href":"https:\/\/authentictrees.com\/lv\/wp-json\/wp\/v2\/types\/product"}],"wp:featuredmedia":[{"embeddable":true,"href":"https:\/\/authentictrees.com\/lv\/wp-json\/wp\/v2\/media\/2558"}],"wp:attachment":[{"href":"https:\/\/authentictrees.com\/lv\/wp-json\/wp\/v2\/media?parent=1704"}],"wp:term":[{"taxonomy":"product_brand","embeddable":true,"href":"https:\/\/authentictrees.com\/lv\/wp-json\/wp\/v2\/product_brand?post=1704"},{"taxonomy":"product_cat","embeddable":true,"href":"https:\/\/authentictrees.com\/lv\/wp-json\/wp\/v2\/product_cat?post=1704"},{"taxonomy":"product_tag","embeddable":true,"href":"https:\/\/authentictrees.com\/lv\/wp-json\/wp\/v2\/product_tag?post=1704"}],"curies":[{"name":"wp","href":"https:\/\/api.w.org\/{rel}","templated":true}]}}