{"id":1682,"date":"2025-03-04T15:29:55","date_gmt":"2025-03-04T13:29:55","guid":{"rendered":"https:\/\/authentictrees.ecomstrive.dev\/product\/ecocruiser\/"},"modified":"2025-04-02T11:17:08","modified_gmt":"2025-04-02T08:17:08","slug":"svecturi","status":"publish","type":"product","link":"https:\/\/authentictrees.com\/lv\/products\/svecturi\/","title":{"rendered":"Sve\u010dturi"},"content":{"rendered":"<div class=\"fusion-fullwidth fullwidth-box fusion-builder-row-1 fusion-flex-container nonhundred-percent-fullwidth non-hundred-percent-height-scrolling fusion-animated\" style=\"--awb-border-radius-top-left:0px;--awb-border-radius-top-right:0px;--awb-border-radius-bottom-right:0px;--awb-border-radius-bottom-left:0px;--awb-padding-right:0px;--awb-padding-left:0px;--awb-flex-wrap:wrap;\" data-animationType=\"fadeInUp\" data-animationDuration=\"1.3\" data-animationOffset=\"top-into-view\" ><div class=\"fusion-builder-row fusion-row fusion-flex-align-items-flex-start fusion-flex-content-wrap\" style=\"max-width:1248px;margin-left: calc(-4% \/ 2 );margin-right: calc(-4% \/ 2 );\"><div class=\"fusion-layout-column fusion_builder_column fusion-builder-column-0 fusion_builder_column_1_1 1_1 fusion-flex-column\" style=\"--awb-bg-blend:overlay;--awb-bg-size:cover;--awb-width-large:100%;--awb-margin-top-large:0px;--awb-spacing-right-large:1.92%;--awb-margin-bottom-large:0px;--awb-spacing-left-large:1.92%;--awb-width-medium:100%;--awb-spacing-right-medium:1.92%;--awb-spacing-left-medium:1.92%;--awb-width-small:100%;--awb-spacing-right-small:1.92%;--awb-spacing-left-small:1.92%;\"><div class=\"fusion-column-wrapper fusion-flex-justify-content-flex-start fusion-content-layout-column\"><div class=\"fusion-text fusion-text-1 fusion-text-no-margin\" style=\"--awb-margin-bottom:60px;\"><p><strong>\u012apa\u0161\u012bbas:<\/strong><\/p>\n<ul>\n<li><strong>Izm\u0113ri: <\/strong>50 cm x 15 cm x 4 cm \u2013 pietiekami lieli da\u017e\u0101du izm\u0113ru svec\u0113m. T\u0101 k\u0101 katrs sve\u010dturis ir roku darbs, nelielas izm\u0113ru at\u0161\u0137ir\u012bbas ir iesp\u0113jamas, pie\u0161\u0137irot sve\u010dturim unik\u0101lu raksturu.<\/li>\n<li><strong>Materi\u0101ls un apdare:<\/strong>\n<ul>\n<li>O\u0161a sve\u010dturi: apdedzin\u0101ti melni un apstr\u0101d\u0101ti ar e\u013c\u013cu, radot elegantu un modernu izskatu.<\/li>\n<li>Ant\u012bkie sve\u010dturi: izgatavoti no 200 gadus seniem gu\u013cb\u016bves ba\u013c\u0137iem un e\u013c\u013coti, lai saglab\u0101tu dab\u012bgo koksnes tekst\u016bru un \u0161armu.<\/li>\n<\/ul>\n<\/li>\n<li><strong>Unik\u0101ls dizains: <\/strong>katrs sve\u010dturis tiek izgrebts no viena mas\u012bvkoka gabala, izce\u013cot dab\u012bg\u0101s koksnes \u0161\u0137iedras un zaru vietas, kas padara katru produktu neatk\u0101rtojamu.<\/li>\n<li><strong>Videi draudz\u012bga izv\u0113le: <\/strong>ilgtsp\u0113j\u012bgi ieg\u016bti materi\u0101li nodro\u0161ina, ka j\u016bsu pirkums ir gan skaists, gan ekolo\u0123iski atbild\u012bgs.<\/li>\n<li><strong>Daudzpus\u012bgs pielietojums: <\/strong>ide\u0101li piem\u0113rots \u0113damgaldiem, kam\u012bniem, plauktiem vai k\u0101 sirsn\u012bga d\u0101vana draugiem un tuviniekiem.<\/li>\n<\/ul>\n<p><strong>Pieg\u0101de un atgrie\u0161ana:<\/strong><\/p>\n<ul>\n<li><strong>Pieg\u0101de:<\/strong> pas\u016bt\u012bjumi tiek izs\u016bt\u012bti 2-3 dienu laik\u0101 p\u0113c maks\u0101juma sa\u0146em\u0161anas un parasti non\u0101k galam\u0113r\u0137\u012b 5-10 dienu laik\u0101, atkar\u012bb\u0101 no j\u016bsu atra\u0161an\u0101s vietas.<\/li>\n<li><strong>Atgrie\u0161ana:<\/strong> neesat apmierin\u0101ts? Atgrieziet preci 14 dienu laik\u0101 apmai\u0146ai vai naudas atmaksai (pieg\u0101des izmaksas netiek atmaks\u0101tas).<\/li>\n<li><strong>Starptautiskajiem pirc\u0113jiem:<\/strong> ievedmuita, nodok\u013ci un citi ar pieg\u0101di saist\u012btie maks\u0101jumi nav iek\u013cauti preces cen\u0101 un ir pirc\u0113ja atbild\u012bba.<\/li>\n<\/ul>\n<p><strong>\u00a0<\/strong><\/p>\n<p><strong>Ienesiet sav\u0101s m\u0101j\u0101s siltumu, eleganci un dabas piesk\u0101rienu!<\/strong><\/p>\n<p>#Rustik\u0101lsSve\u010dturis #KokaSve\u010dturis #RokuDarbs #Sve\u010dturis #Dab\u012bgaKokaDekors #VideiDraudz\u012bgsDekors<\/p>\n<\/div><\/div><\/div><\/div><\/div>\n","protected":false},"excerpt":{"rendered":"<p><strong>Izbaudiet sve\u010du gaismu bez satraukuma par vaska pil\u0113\u0161anu!<\/strong><\/p>\n<p>Radiet siltumu un m\u0101j\u012bgumu sav\u0101s m\u0101j\u0101s ar m\u016bsu koka sve\u010dturiem. R\u016bp\u012bgi grebtie dobumi notvers katru vaska pilienu, saglab\u0101jot virsmas t\u012bras. Katrs sve\u010dturis tiek izgatavots no augst\u0101k\u0101s kvalit\u0101tes kalt\u0113ta o\u0161a vai ekskluz\u012bviem 200 gadus seniem gu\u013cb\u016bves ba\u013c\u0137iem, \u013caujot izv\u0113l\u0113ties materi\u0101lu, kas vislab\u0101k iederas j\u016bsu interjer\u0101. Ide\u0101li piem\u0113roti omul\u012bgiem vakariem, romantisk\u0101m vakari\u0146\u0101m vai lauku interjeram, \u0161ie sve\u010dturi apvieno funkcionalit\u0101ti ar ilgm\u016b\u017e\u012bgu skaistumu.<\/p>\n","protected":false},"featured_media":3017,"template":"","meta":{"_acf_changed":false},"product_brand":[],"product_cat":[79],"product_tag":[],"class_list":{"0":"post-1682","1":"product","2":"type-product","3":"status-publish","4":"has-post-thumbnail","6":"product_cat-svecturi","8":"first","9":"instock","10":"taxable","11":"shipping-taxable","12":"purchasable","13":"product-type-variable","14":"has-default-attributes"},"acf":[],"yoast_head":"<!-- This site is optimized with the Yoast SEO plugin v26.7 - https:\/\/yoast.com\/wordpress\/plugins\/seo\/ -->\n<title>Koka sve\u010dturi - Authentic Trees<\/title>\n<meta name=\"description\" content=\"Ar rok\u0101m darin\u0101ti koka sve\u010dturi no kalt\u0113ta o\u0161a vai 200 gadus veciem gu\u013cba\u013c\u0137iem. Gaum\u012bgi un izstr\u0101d\u0101ti, lai virsmas pasarg\u0101tu no vaska pil\u0113\u0161anas.\" \/>\n<meta name=\"robots\" content=\"index, follow, max-snippet:-1, max-image-preview:large, max-video-preview:-1\" \/>\n<link rel=\"canonical\" href=\"https:\/\/authentictrees.com\/lv\/products\/svecturi\/\" \/>\n<meta property=\"og:locale\" content=\"lv_LV\" \/>\n<meta property=\"og:type\" content=\"article\" \/>\n<meta property=\"og:title\" content=\"Koka sve\u010dturi - Authentic Trees\" \/>\n<meta property=\"og:description\" content=\"Ar rok\u0101m darin\u0101ti koka sve\u010dturi no kalt\u0113ta o\u0161a vai 200 gadus veciem gu\u013cba\u013c\u0137iem. Gaum\u012bgi un izstr\u0101d\u0101ti, lai virsmas pasarg\u0101tu no vaska pil\u0113\u0161anas.\" \/>\n<meta property=\"og:url\" content=\"https:\/\/authentictrees.com\/lv\/products\/svecturi\/\" \/>\n<meta property=\"og:site_name\" content=\"Authentictrees.com\" \/>\n<meta property=\"article:modified_time\" content=\"2025-04-02T08:17:08+00:00\" \/>\n<meta property=\"og:image\" content=\"https:\/\/authentictrees.com\/wp-content\/uploads\/2023\/04\/IMG_8493-scaled.jpg\" \/>\n\t<meta property=\"og:image:width\" content=\"2560\" \/>\n\t<meta property=\"og:image:height\" content=\"1707\" \/>\n\t<meta property=\"og:image:type\" content=\"image\/jpeg\" \/>\n<meta name=\"twitter:card\" content=\"summary_large_image\" \/>\n<meta name=\"twitter:label1\" content=\"Est. reading time\" \/>\n\t<meta name=\"twitter:data1\" content=\"2 minutes\" \/>\n<script type=\"application\/ld+json\" class=\"yoast-schema-graph\">{\"@context\":\"https:\/\/schema.org\",\"@graph\":[{\"@type\":\"WebPage\",\"@id\":\"https:\/\/authentictrees.com\/lv\/products\/svecturi\/\",\"url\":\"https:\/\/authentictrees.com\/lv\/products\/svecturi\/\",\"name\":\"Koka sve\u010dturi - Authentic Trees\",\"isPartOf\":{\"@id\":\"https:\/\/authentictrees.com\/lv\/#website\"},\"primaryImageOfPage\":{\"@id\":\"https:\/\/authentictrees.com\/lv\/products\/svecturi\/#primaryimage\"},\"image\":{\"@id\":\"https:\/\/authentictrees.com\/lv\/products\/svecturi\/#primaryimage\"},\"thumbnailUrl\":\"https:\/\/authentictrees.com\/wp-content\/uploads\/2025\/03\/IMG_8581-scaled.jpg\",\"datePublished\":\"2025-03-04T13:29:55+00:00\",\"dateModified\":\"2025-04-02T08:17:08+00:00\",\"description\":\"Ar rok\u0101m darin\u0101ti koka sve\u010dturi no kalt\u0113ta o\u0161a vai 200 gadus veciem gu\u013cba\u013c\u0137iem. Gaum\u012bgi un izstr\u0101d\u0101ti, lai virsmas pasarg\u0101tu no vaska pil\u0113\u0161anas.\",\"breadcrumb\":{\"@id\":\"https:\/\/authentictrees.com\/lv\/products\/svecturi\/#breadcrumb\"},\"inLanguage\":\"lv-LV\",\"potentialAction\":[{\"@type\":\"ReadAction\",\"target\":[\"https:\/\/authentictrees.com\/lv\/products\/svecturi\/\"]}]},{\"@type\":\"ImageObject\",\"inLanguage\":\"lv-LV\",\"@id\":\"https:\/\/authentictrees.com\/lv\/products\/svecturi\/#primaryimage\",\"url\":\"https:\/\/authentictrees.com\/wp-content\/uploads\/2025\/03\/IMG_8581-scaled.jpg\",\"contentUrl\":\"https:\/\/authentictrees.com\/wp-content\/uploads\/2025\/03\/IMG_8581-scaled.jpg\",\"width\":2560,\"height\":1707},{\"@type\":\"BreadcrumbList\",\"@id\":\"https:\/\/authentictrees.com\/lv\/products\/svecturi\/#breadcrumb\",\"itemListElement\":[{\"@type\":\"ListItem\",\"position\":1,\"name\":\"Home\",\"item\":\"https:\/\/authentictrees.com\/lv\/\"},{\"@type\":\"ListItem\",\"position\":2,\"name\":\"Veikals\",\"item\":\"https:\/\/authentictrees.com\/lv\/shop\/\"},{\"@type\":\"ListItem\",\"position\":3,\"name\":\"Sve\u010dturi\"}]},{\"@type\":\"WebSite\",\"@id\":\"https:\/\/authentictrees.com\/lv\/#website\",\"url\":\"https:\/\/authentictrees.com\/lv\/\",\"name\":\"Authentictrees.com\",\"description\":\"Boutique carpentry\",\"potentialAction\":[{\"@type\":\"SearchAction\",\"target\":{\"@type\":\"EntryPoint\",\"urlTemplate\":\"https:\/\/authentictrees.com\/lv\/?s={search_term_string}\"},\"query-input\":{\"@type\":\"PropertyValueSpecification\",\"valueRequired\":true,\"valueName\":\"search_term_string\"}}],\"inLanguage\":\"lv-LV\"}]}<\/script>\n<!-- \/ Yoast SEO plugin. -->","yoast_head_json":{"title":"Koka sve\u010dturi - Authentic Trees","description":"Ar rok\u0101m darin\u0101ti koka sve\u010dturi no kalt\u0113ta o\u0161a vai 200 gadus veciem gu\u013cba\u013c\u0137iem. Gaum\u012bgi un izstr\u0101d\u0101ti, lai virsmas pasarg\u0101tu no vaska pil\u0113\u0161anas.","robots":{"index":"index","follow":"follow","max-snippet":"max-snippet:-1","max-image-preview":"max-image-preview:large","max-video-preview":"max-video-preview:-1"},"canonical":"https:\/\/authentictrees.com\/lv\/products\/svecturi\/","og_locale":"lv_LV","og_type":"article","og_title":"Koka sve\u010dturi - Authentic Trees","og_description":"Ar rok\u0101m darin\u0101ti koka sve\u010dturi no kalt\u0113ta o\u0161a vai 200 gadus veciem gu\u013cba\u013c\u0137iem. Gaum\u012bgi un izstr\u0101d\u0101ti, lai virsmas pasarg\u0101tu no vaska pil\u0113\u0161anas.","og_url":"https:\/\/authentictrees.com\/lv\/products\/svecturi\/","og_site_name":"Authentictrees.com","article_modified_time":"2025-04-02T08:17:08+00:00","og_image":[{"width":2560,"height":1707,"url":"https:\/\/authentictrees.com\/wp-content\/uploads\/2023\/04\/IMG_8493-scaled.jpg","type":"image\/jpeg"}],"twitter_card":"summary_large_image","twitter_misc":{"Est. reading time":"2 minutes"},"schema":{"@context":"https:\/\/schema.org","@graph":[{"@type":"WebPage","@id":"https:\/\/authentictrees.com\/lv\/products\/svecturi\/","url":"https:\/\/authentictrees.com\/lv\/products\/svecturi\/","name":"Koka sve\u010dturi - Authentic Trees","isPartOf":{"@id":"https:\/\/authentictrees.com\/lv\/#website"},"primaryImageOfPage":{"@id":"https:\/\/authentictrees.com\/lv\/products\/svecturi\/#primaryimage"},"image":{"@id":"https:\/\/authentictrees.com\/lv\/products\/svecturi\/#primaryimage"},"thumbnailUrl":"https:\/\/authentictrees.com\/wp-content\/uploads\/2025\/03\/IMG_8581-scaled.jpg","datePublished":"2025-03-04T13:29:55+00:00","dateModified":"2025-04-02T08:17:08+00:00","description":"Ar rok\u0101m darin\u0101ti koka sve\u010dturi no kalt\u0113ta o\u0161a vai 200 gadus veciem gu\u013cba\u013c\u0137iem. Gaum\u012bgi un izstr\u0101d\u0101ti, lai virsmas pasarg\u0101tu no vaska pil\u0113\u0161anas.","breadcrumb":{"@id":"https:\/\/authentictrees.com\/lv\/products\/svecturi\/#breadcrumb"},"inLanguage":"lv-LV","potentialAction":[{"@type":"ReadAction","target":["https:\/\/authentictrees.com\/lv\/products\/svecturi\/"]}]},{"@type":"ImageObject","inLanguage":"lv-LV","@id":"https:\/\/authentictrees.com\/lv\/products\/svecturi\/#primaryimage","url":"https:\/\/authentictrees.com\/wp-content\/uploads\/2025\/03\/IMG_8581-scaled.jpg","contentUrl":"https:\/\/authentictrees.com\/wp-content\/uploads\/2025\/03\/IMG_8581-scaled.jpg","width":2560,"height":1707},{"@type":"BreadcrumbList","@id":"https:\/\/authentictrees.com\/lv\/products\/svecturi\/#breadcrumb","itemListElement":[{"@type":"ListItem","position":1,"name":"Home","item":"https:\/\/authentictrees.com\/lv\/"},{"@type":"ListItem","position":2,"name":"Veikals","item":"https:\/\/authentictrees.com\/lv\/shop\/"},{"@type":"ListItem","position":3,"name":"Sve\u010dturi"}]},{"@type":"WebSite","@id":"https:\/\/authentictrees.com\/lv\/#website","url":"https:\/\/authentictrees.com\/lv\/","name":"Authentictrees.com","description":"Boutique carpentry","potentialAction":[{"@type":"SearchAction","target":{"@type":"EntryPoint","urlTemplate":"https:\/\/authentictrees.com\/lv\/?s={search_term_string}"},"query-input":{"@type":"PropertyValueSpecification","valueRequired":true,"valueName":"search_term_string"}}],"inLanguage":"lv-LV"}]}},"_links":{"self":[{"href":"https:\/\/authentictrees.com\/lv\/wp-json\/wp\/v2\/product\/1682","targetHints":{"allow":["GET"]}}],"collection":[{"href":"https:\/\/authentictrees.com\/lv\/wp-json\/wp\/v2\/product"}],"about":[{"href":"https:\/\/authentictrees.com\/lv\/wp-json\/wp\/v2\/types\/product"}],"wp:featuredmedia":[{"embeddable":true,"href":"https:\/\/authentictrees.com\/lv\/wp-json\/wp\/v2\/media\/3017"}],"wp:attachment":[{"href":"https:\/\/authentictrees.com\/lv\/wp-json\/wp\/v2\/media?parent=1682"}],"wp:term":[{"taxonomy":"product_brand","embeddable":true,"href":"https:\/\/authentictrees.com\/lv\/wp-json\/wp\/v2\/product_brand?post=1682"},{"taxonomy":"product_cat","embeddable":true,"href":"https:\/\/authentictrees.com\/lv\/wp-json\/wp\/v2\/product_cat?post=1682"},{"taxonomy":"product_tag","embeddable":true,"href":"https:\/\/authentictrees.com\/lv\/wp-json\/wp\/v2\/product_tag?post=1682"}],"curies":[{"name":"wp","href":"https:\/\/api.w.org\/{rel}","templated":true}]}}