{"id":2875,"date":"2025-01-30T08:46:29","date_gmt":"2025-01-30T06:46:29","guid":{"rendered":"https:\/\/authentictrees.com\/?page_id=2875"},"modified":"2025-03-28T10:15:41","modified_gmt":"2025-03-28T08:15:41","slug":"piegades-un-atgriesanas-politika","status":"publish","type":"page","link":"https:\/\/authentictrees.com\/lv\/piegades-un-atgriesanas-politika\/","title":{"rendered":"Pieg\u0101des un atgrie\u0161anas politika"},"content":{"rendered":"\r\n<p><strong>P\u0113d\u0113jo reizi atjaunota: 01.01.2025<\/strong><\/p>\r\n<p>\u0160\u012b politika attiecas uz visiem pas\u016bt\u012bjumiem, kas veikti Authentic Trees vietn\u0113, un ir paredz\u0113ta tikai pat\u0113r\u0113t\u0101jiem (nevis mazumtirgot\u0101jiem vai uz\u0146\u0113mumiem).<\/p>\r\n<ol>\r\n<li><strong> Pieg\u0101des vietas<\/strong><\/li>\r\n<\/ol>\r\n<p>M\u0113s pieg\u0101d\u0101jam preces vis\u0101 pasaul\u0113. Ja pieg\u0101de uz j\u016bsu nor\u0101d\u012bto adresi nav iesp\u0113jama, m\u0113s j\u016bs inform\u0113sim pirms pas\u016bt\u012bjuma pabeig\u0161anas.<\/p>\r\n<ol start=\"2\">\r\n<li><strong> Pas\u016bt\u012bjuma apstr\u0101des laiks<\/strong><\/li>\r\n<\/ol>\r\n<p>Apstr\u0101des laiks: Pas\u016bt\u012bjuma apstr\u0101de aiz\u0146em 2\u20133 darba dienas. Kad j\u016bsu pas\u016bt\u012bjums b\u016bs nos\u016bt\u012bts, m\u0113s jums nos\u016bt\u012bsim apstiprin\u0101juma e-pastu ar izseko\u0161anas inform\u0101ciju.<\/p>\r\n<ol start=\"3\">\r\n<li><strong> Pieg\u0101des laiks<\/strong><\/li>\r\n<\/ol>\r\n<p>Paredzamais pieg\u0101des laiks: Kad pas\u016bt\u012bjums b\u016bs izs\u016bt\u012bts, tam vajadz\u0113tu sasniegt j\u016bs 5\u201310 darba dienu laik\u0101, tom\u0113r glob\u0101lu notikumu d\u0113\u013c var rasties kav\u0113\u0161an\u0101s. Ja j\u016bsu pas\u016bt\u012bjums aizkav\u0113jas, l\u016bdzu, sazinieties ar mums pa e-pastu &#x6a;&#97;&#x6e;&#105;s&#x40;&#97;u&#x74;&#104;&#x65;&#x6e;t&#x69;&#99;t&#x72;&#101;&#x65;&#x73;&#46;&#x63;&#111;m, un m\u0113s pal\u012bdz\u0113sim atrisin\u0101t situ\u0101ciju.<\/p>\r\n<ol start=\"4\">\r\n<li><strong> Atteikuma ties\u012bbas (tikai ES klientiem)<\/strong><\/li>\r\n<\/ol>\r\n<p>Jums ir ties\u012bbas 14 dienu laik\u0101 no preces sa\u0146em\u0161anas atteikties no pirkuma. Lai uzzin\u0101tu vair\u0101k par atteikuma k\u0101rt\u012bbu, l\u016bdzu, skatiet m\u016bsu Noteikumu &amp; nosac\u012bjumu politiku.<\/p>\r\n<ol start=\"5\">\r\n<li><strong> Pieg\u0101des izmaksas<\/strong><\/li>\r\n<\/ol>\r\n<p>Pieg\u0101des izmaksas tiek apr\u0113\u0137in\u0101tas atsevi\u0161\u0137i un pievienotas kop\u0113jai pas\u016bt\u012bjuma summai nor\u0113\u0137inu br\u012bd\u012b. \u0160\u012bs izmaksas ir papildus pre\u010du cenai.<\/p>\r\n<ol start=\"6\">\r\n<li><strong> Muitas nodok\u013ci un citas maksas<\/strong><\/li>\r\n<\/ol>\r\n<p>Atbild\u012bba par muitas nodok\u013ciem un cit\u0101m izmaks\u0101m: J\u016bs (vai j\u016bsu nor\u0101d\u012btais sa\u0146\u0113m\u0113js) esat atbild\u012bgs par visiem ar pas\u016bt\u012bjumu saist\u012btajiem muitas nodok\u013ciem, citiem nodok\u013ciem vai importa nodev\u0101m. Ja \u0161\u012bs maksas netiek samaks\u0101tas, pas\u016bt\u012bjums var netikt pieg\u0101d\u0101ts, un samaks\u0101t\u0101 summa netiks atmaks\u0101ta. Pirms pas\u016bt\u012bjuma veik\u0161anas iesak\u0101m sazin\u0101ties ar viet\u0113jo muitas iest\u0101di.<\/p>\r\n<ol start=\"7\">\r\n<li><strong> Boj\u0101tas preces<\/strong><\/li>\r\n<\/ol>\r\n<p>Ja sa\u0146emat boj\u0101tas preces vai iepakojumu, l\u016bdzu, nekav\u0113joties inform\u0113jiet m\u016bs par to. Nos\u016btiet boj\u0101juma aprakstu un pievienojiet fotoatt\u0113lus ar boj\u0101taj\u0101m prec\u0113m un iepakojumu. M\u0113s cent\u012bsimies atrisin\u0101t situ\u0101ciju p\u0113c iesp\u0113jas \u0101tr\u0101k.<\/p>\r\n<ol start=\"8\">\r\n<li><strong> Nepareiza adrese<\/strong><\/li>\r\n<\/ol>\r\n<p>Atbild\u012bba par adreses precizit\u0101ti: M\u0113s neuz\u0146emamies atbild\u012bbu par kav\u0113jumiem vai probl\u0113m\u0101m, kas radu\u0161\u0101s nepareizi nor\u0101d\u012btas pieg\u0101des adreses d\u0113\u013c. Ja nor\u0101d\u012bt\u0101 adrese ir nepareiza, j\u016bs b\u016bsiet atbild\u012bgs par vis\u0101m papildu izmaks\u0101m, tostarp atk\u0101rtotas pieg\u0101des maks\u0101m.<\/p>\r\n<ol start=\"9\">\r\n<li><strong> Neiz\u0146emtas preces<\/strong><\/li>\r\n<\/ol>\r\n<p>Ja pas\u016bt\u012bjums netiek iz\u0146emts (piem\u0113ram, tas tiek atgriezts mums nepareizas adreses vai pieg\u0101des atteikuma d\u0113\u013c), preces var tikt izn\u012bcin\u0101tas vai nos\u016bt\u012btas atpaka\u013c pie mums. \u0160\u0101d\u0101 gad\u012bjum\u0101 samaks\u0101t\u0101 summa netiks atmaks\u0101ta.<\/p>\r\n","protected":false},"excerpt":{"rendered":"<p>P\u0113d\u0113jo reizi atjaunota: 01.01.2025 \u0160\u012b politika attiecas uz visiem pas\u016bt\u012bjumiem,  [&#8230;]<\/p>\n","protected":false},"author":2,"featured_media":0,"parent":0,"menu_order":0,"comment_status":"closed","ping_status":"closed","template":"","meta":{"_acf_changed":false,"footnotes":""},"class_list":["post-2875","page","type-page","status-publish","hentry"],"acf":[],"yoast_head":"<!-- This site is optimized with the Yoast SEO plugin v26.7 - https:\/\/yoast.com\/wordpress\/plugins\/seo\/ -->\n<title>Pieg\u0101des un atgrie\u0161anas politika<\/title>\n<meta name=\"description\" content=\"Autentiski mas\u012bvkoka karkasi, gu\u013cb\u016bves, gr\u012bdas d\u0113\u013ci and dizaina produkti no koka. Roku darbs ar tradicion\u0101l\u0101s amatniec\u012bbas metod\u0113m.\" \/>\n<meta name=\"robots\" content=\"index, follow, max-snippet:-1, max-image-preview:large, max-video-preview:-1\" \/>\n<link rel=\"canonical\" href=\"https:\/\/authentictrees.com\/lv\/piegades-un-atgriesanas-politika\/\" \/>\n<meta property=\"og:locale\" content=\"lv_LV\" \/>\n<meta property=\"og:type\" content=\"article\" \/>\n<meta property=\"og:title\" content=\"Pieg\u0101des un atgrie\u0161anas politika\" \/>\n<meta property=\"og:description\" content=\"Autentiski mas\u012bvkoka karkasi, gu\u013cb\u016bves, gr\u012bdas d\u0113\u013ci and dizaina produkti no koka. Roku darbs ar tradicion\u0101l\u0101s amatniec\u012bbas metod\u0113m.\" \/>\n<meta property=\"og:url\" content=\"https:\/\/authentictrees.com\/lv\/piegades-un-atgriesanas-politika\/\" \/>\n<meta property=\"og:site_name\" content=\"Authentictrees.com\" \/>\n<meta property=\"article:modified_time\" content=\"2025-03-28T08:15:41+00:00\" \/>\n<meta name=\"twitter:card\" content=\"summary_large_image\" \/>\n<meta name=\"twitter:label1\" content=\"Est. reading time\" \/>\n\t<meta name=\"twitter:data1\" content=\"2 minutes\" \/>\n<script type=\"application\/ld+json\" class=\"yoast-schema-graph\">{\"@context\":\"https:\/\/schema.org\",\"@graph\":[{\"@type\":\"WebPage\",\"@id\":\"https:\/\/authentictrees.com\/lv\/piegades-un-atgriesanas-politika\/\",\"url\":\"https:\/\/authentictrees.com\/lv\/piegades-un-atgriesanas-politika\/\",\"name\":\"Pieg\u0101des un atgrie\u0161anas politika\",\"isPartOf\":{\"@id\":\"https:\/\/authentictrees.com\/lv\/#website\"},\"datePublished\":\"2025-01-30T06:46:29+00:00\",\"dateModified\":\"2025-03-28T08:15:41+00:00\",\"description\":\"Autentiski mas\u012bvkoka karkasi, gu\u013cb\u016bves, gr\u012bdas d\u0113\u013ci and dizaina produkti no koka. Roku darbs ar tradicion\u0101l\u0101s amatniec\u012bbas metod\u0113m.\",\"breadcrumb\":{\"@id\":\"https:\/\/authentictrees.com\/lv\/piegades-un-atgriesanas-politika\/#breadcrumb\"},\"inLanguage\":\"lv-LV\",\"potentialAction\":[{\"@type\":\"ReadAction\",\"target\":[\"https:\/\/authentictrees.com\/lv\/piegades-un-atgriesanas-politika\/\"]}]},{\"@type\":\"BreadcrumbList\",\"@id\":\"https:\/\/authentictrees.com\/lv\/piegades-un-atgriesanas-politika\/#breadcrumb\",\"itemListElement\":[{\"@type\":\"ListItem\",\"position\":1,\"name\":\"Home\",\"item\":\"https:\/\/authentictrees.com\/lv\/\"},{\"@type\":\"ListItem\",\"position\":2,\"name\":\"Pieg\u0101des un atgrie\u0161anas politika\"}]},{\"@type\":\"WebSite\",\"@id\":\"https:\/\/authentictrees.com\/lv\/#website\",\"url\":\"https:\/\/authentictrees.com\/lv\/\",\"name\":\"Authentictrees.com\",\"description\":\"Boutique carpentry\",\"potentialAction\":[{\"@type\":\"SearchAction\",\"target\":{\"@type\":\"EntryPoint\",\"urlTemplate\":\"https:\/\/authentictrees.com\/lv\/?s={search_term_string}\"},\"query-input\":{\"@type\":\"PropertyValueSpecification\",\"valueRequired\":true,\"valueName\":\"search_term_string\"}}],\"inLanguage\":\"lv-LV\"}]}<\/script>\n<!-- \/ Yoast SEO plugin. -->","yoast_head_json":{"title":"Pieg\u0101des un atgrie\u0161anas politika","description":"Autentiski mas\u012bvkoka karkasi, gu\u013cb\u016bves, gr\u012bdas d\u0113\u013ci and dizaina produkti no koka. Roku darbs ar tradicion\u0101l\u0101s amatniec\u012bbas metod\u0113m.","robots":{"index":"index","follow":"follow","max-snippet":"max-snippet:-1","max-image-preview":"max-image-preview:large","max-video-preview":"max-video-preview:-1"},"canonical":"https:\/\/authentictrees.com\/lv\/piegades-un-atgriesanas-politika\/","og_locale":"lv_LV","og_type":"article","og_title":"Pieg\u0101des un atgrie\u0161anas politika","og_description":"Autentiski mas\u012bvkoka karkasi, gu\u013cb\u016bves, gr\u012bdas d\u0113\u013ci and dizaina produkti no koka. Roku darbs ar tradicion\u0101l\u0101s amatniec\u012bbas metod\u0113m.","og_url":"https:\/\/authentictrees.com\/lv\/piegades-un-atgriesanas-politika\/","og_site_name":"Authentictrees.com","article_modified_time":"2025-03-28T08:15:41+00:00","twitter_card":"summary_large_image","twitter_misc":{"Est. reading time":"2 minutes"},"schema":{"@context":"https:\/\/schema.org","@graph":[{"@type":"WebPage","@id":"https:\/\/authentictrees.com\/lv\/piegades-un-atgriesanas-politika\/","url":"https:\/\/authentictrees.com\/lv\/piegades-un-atgriesanas-politika\/","name":"Pieg\u0101des un atgrie\u0161anas politika","isPartOf":{"@id":"https:\/\/authentictrees.com\/lv\/#website"},"datePublished":"2025-01-30T06:46:29+00:00","dateModified":"2025-03-28T08:15:41+00:00","description":"Autentiski mas\u012bvkoka karkasi, gu\u013cb\u016bves, gr\u012bdas d\u0113\u013ci and dizaina produkti no koka. Roku darbs ar tradicion\u0101l\u0101s amatniec\u012bbas metod\u0113m.","breadcrumb":{"@id":"https:\/\/authentictrees.com\/lv\/piegades-un-atgriesanas-politika\/#breadcrumb"},"inLanguage":"lv-LV","potentialAction":[{"@type":"ReadAction","target":["https:\/\/authentictrees.com\/lv\/piegades-un-atgriesanas-politika\/"]}]},{"@type":"BreadcrumbList","@id":"https:\/\/authentictrees.com\/lv\/piegades-un-atgriesanas-politika\/#breadcrumb","itemListElement":[{"@type":"ListItem","position":1,"name":"Home","item":"https:\/\/authentictrees.com\/lv\/"},{"@type":"ListItem","position":2,"name":"Pieg\u0101des un atgrie\u0161anas politika"}]},{"@type":"WebSite","@id":"https:\/\/authentictrees.com\/lv\/#website","url":"https:\/\/authentictrees.com\/lv\/","name":"Authentictrees.com","description":"Boutique carpentry","potentialAction":[{"@type":"SearchAction","target":{"@type":"EntryPoint","urlTemplate":"https:\/\/authentictrees.com\/lv\/?s={search_term_string}"},"query-input":{"@type":"PropertyValueSpecification","valueRequired":true,"valueName":"search_term_string"}}],"inLanguage":"lv-LV"}]}},"_links":{"self":[{"href":"https:\/\/authentictrees.com\/lv\/wp-json\/wp\/v2\/pages\/2875","targetHints":{"allow":["GET"]}}],"collection":[{"href":"https:\/\/authentictrees.com\/lv\/wp-json\/wp\/v2\/pages"}],"about":[{"href":"https:\/\/authentictrees.com\/lv\/wp-json\/wp\/v2\/types\/page"}],"author":[{"embeddable":true,"href":"https:\/\/authentictrees.com\/lv\/wp-json\/wp\/v2\/users\/2"}],"replies":[{"embeddable":true,"href":"https:\/\/authentictrees.com\/lv\/wp-json\/wp\/v2\/comments?post=2875"}],"version-history":[{"count":1,"href":"https:\/\/authentictrees.com\/lv\/wp-json\/wp\/v2\/pages\/2875\/revisions"}],"predecessor-version":[{"id":2876,"href":"https:\/\/authentictrees.com\/lv\/wp-json\/wp\/v2\/pages\/2875\/revisions\/2876"}],"wp:attachment":[{"href":"https:\/\/authentictrees.com\/lv\/wp-json\/wp\/v2\/media?parent=2875"}],"curies":[{"name":"wp","href":"https:\/\/api.w.org\/{rel}","templated":true}]}}