{"id":1612,"date":"2024-12-17T09:31:15","date_gmt":"2024-12-17T07:31:15","guid":{"rendered":"https:\/\/authentictrees.ecomstrive.dev\/cookie-policy\/"},"modified":"2025-03-26T12:08:21","modified_gmt":"2025-03-26T10:08:21","slug":"cookie-policy","status":"publish","type":"page","link":"https:\/\/authentictrees.com\/lv\/cookie-policy\/","title":{"rendered":"S\u012bkdat\u0146u politika"},"content":{"rendered":"<p><strong>P\u0113d\u0113jo reizi atjaunota: 01.01.2025<\/strong><\/p>\n<p>M\u0113s, Authentic Trees, izmantojam s\u012bkdatnes, lai uzlabotu j\u016bsu pieredzi, p\u0101rl\u016bkojot m\u016bsu vietni. \u0160aj\u0101 politik\u0101 tiek skaidrots, kas ir s\u012bkdatnes, k\u0101 m\u0113s t\u0101s izmantojam un k\u0101 j\u016bs varat p\u0101rvald\u012bt savas s\u012bkdat\u0146u preferences.<\/p>\n<ol>\n<li><strong> Kas ir s\u012bkdatnes?<\/strong><\/li>\n<\/ol>\n<p>S\u012bkdatnes ir nelieli teksta faili vai dati, kas tiek saglab\u0101ti j\u016bsu ier\u012bc\u0113 (dator\u0101, viedt\u0101lrun\u012b vai plan\u0161etdator\u0101), kad apmekl\u0113jat m\u016bsu vietni. Tie pal\u012bdz mums atpaz\u012bt j\u016bsu p\u0101rl\u016bkprogrammu un atcer\u0113ties j\u016bsu iestat\u012bjumus vai darb\u012bbas laika gait\u0101. Tas \u013cauj mums pied\u0101v\u0101t personaliz\u0113t\u0101ku pieredzi un uzlabot vietnes funkcionalit\u0101ti.<\/p>\n<ol start=\"2\">\n<li><strong> S\u012bkdat\u0146u veidi, ko m\u0113s izmantojam<\/strong><\/li>\n<\/ol>\n<p>M\u016bsu vietn\u0113 tiek izmantoti vair\u0101ki s\u012bkdat\u0146u veidi, un katram no tiem ir savs m\u0113r\u0137is:<\/p>\n<p>Oblig\u0101t\u0101s s\u012bkdatnes<\/p>\n<ul>\n<li>Ko t\u0101s dara? \u0160\u012bs s\u012bkdatnes ir b\u016btiskas vietnes pareizai darb\u012bbai. T\u0101s nodro\u0161ina pamatfunkcijas, piem\u0113ram, konta izveidi, pieteik\u0161anos un j\u016bsu s\u012bkdat\u0146u iestat\u012bjumu saglab\u0101\u0161anu.<\/li>\n<li>Cik ilgi t\u0101s tiek saglab\u0101tas? T\u0101s var b\u016bt pagaidu (sesijas laik\u0101) vai past\u0101v\u012bgi saglab\u0101tas j\u016bsu ier\u012bc\u0113.<\/li>\n<li>K\u0101p\u0113c m\u0113s t\u0101s izmantojam? Lai nodro\u0161in\u0101tu vietnes dro\u0161u un netrauc\u0113tu darb\u012bbu.<\/li>\n<\/ul>\n<p>Statistikas s\u012bkdatnes<\/p>\n<ul>\n<li>Ko t\u0101s dara? \u0160\u012bs s\u012bkdatnes pal\u012bdz mums apkopot inform\u0101ciju par to, k\u0101 lietot\u0101ji mijiedarbojas ar m\u016bsu vietni, piem\u0113ram, kuras lapas tiek visbie\u017e\u0101k apmekl\u0113tas.<\/li>\n<li>Cik ilgi t\u0101s tiek saglab\u0101tas? T\u0101s var tikt saglab\u0101tas j\u016bsu ier\u012bc\u0113 da\u017e\u0101dos laika posmos atkar\u012bb\u0101 no s\u012bkdat\u0146u nodro\u0161in\u0101t\u0101ja iestat\u012bjumiem \u2013 no vienas sesijas l\u012bdz ilg\u0101kam laikam.<\/li>\n<li>K\u0101p\u0113c m\u0113s t\u0101s izmantojam? Lai analiz\u0113tu lietot\u0101ju uzved\u012bbu un uzlabotu vietnes lietojam\u012bbu un veiktsp\u0113ju.<\/li>\n<\/ul>\n<p>M\u0101rketinga s\u012bkdatnes<\/p>\n<ul>\n<li>Ko t\u0101s dara? \u0160\u012bs s\u012bkdatnes seko j\u016bsu aktivit\u0101t\u0113m t\u012bmekl\u012b un tiek izmantotas, lai r\u0101d\u012btu jums atbilsto\u0161as rekl\u0101mas, kas balst\u012btas uz j\u016bsu interes\u0113m. T\u0101s var tikt iestat\u012btas no m\u016bsu rekl\u0101mas partneriem.<\/li>\n<li>Cik ilgi t\u0101s tiek saglab\u0101tas? T\u0101s var tikt saglab\u0101tas j\u016bsu ier\u012bc\u0113 ilgsto\u0161i, atkar\u012bb\u0101 no s\u012bkdat\u0146u nodro\u0161in\u0101t\u0101ja iestat\u012bjumiem.<\/li>\n<li>K\u0101p\u0113c m\u0113s t\u0101s izmantojam? Lai nodro\u0161in\u0101tu personaliz\u0113tas rekl\u0101mas un pied\u0101v\u0101jumus gan m\u016bsu vietn\u0113, gan cit\u0101s vietn\u0113s, kuras apmekl\u0113jat.<\/li>\n<\/ul>\n<ol start=\"3\">\n<li><strong> Tre\u0161o pu\u0161u s\u012bkdatnes<\/strong><\/li>\n<\/ol>\n<p>M\u0113s izmantojam ar\u012b tre\u0161o pu\u0161u pakalpojumu sniedz\u0113ju s\u012bkdatnes, piem\u0113ram, anal\u012btikas un rekl\u0101mas nol\u016bkiem. \u0160\u012bs s\u012bkdatnes pal\u012bdz mums saprast, k\u0101 lietot\u0101ji mijiedarbojas ar m\u016bsu vietni, k\u0101 ar\u012b \u013cauj mums r\u0101d\u012bt m\u0113r\u0137tiec\u012bgas rekl\u0101mas. Tre\u0161o pu\u0161u s\u012bkdat\u0146u apkopot\u0101 inform\u0101cija tiek apstr\u0101d\u0101ta saska\u0146\u0101 ar \u0161o pakalpojumu sniedz\u0113ju priv\u0101tuma politik\u0101m.<\/p>\n<p>Jums ir iesp\u0113ja jebkur\u0101 br\u012bd\u012b atteikties no tre\u0161o pu\u0161u s\u012bkdatn\u0113m.<\/p>\n<ol start=\"4\">\n<li><strong> K\u0101 p\u0101rvald\u012bt s\u012bkdatnes?<\/strong><\/li>\n<\/ol>\n<p>S\u012bkdat\u0146u dz\u0113\u0161ana:<\/p>\n<p>J\u016bs varat jebkur\u0101 br\u012bd\u012b izdz\u0113st visas s\u012bkdatnes, kas saglab\u0101tas j\u016bsu p\u0101rl\u016bkprogramm\u0101. Katram p\u0101rl\u016bkam ir sava metode s\u012bkdat\u0146u dz\u0113\u0161anai, kas parasti atrodama sada\u013c\u0101 \u201cv\u0113sture\u201d vai \u201ciestat\u012bjumi\u201d.<\/p>\n<p>S\u012bkdat\u0146u iestat\u012bjumu p\u0101rvald\u012b\u0161ana:<\/p>\n<p>J\u016bs varat main\u012bt savas s\u012bkdat\u0146u preferences, piel\u0101gojot p\u0101rl\u016bkprogrammas iestat\u012bjumus. L\u016bdzu, \u0146emiet v\u0113r\u0101, ka \u0161ie iestat\u012bjumi j\u0101piel\u0101go katr\u0101 izmantotaj\u0101 p\u0101rl\u016bkprogramm\u0101 un ier\u012bc\u0113.<\/p>\n<p>Lai ieg\u016btu detaliz\u0113t\u0101kas instrukcijas par s\u012bkdat\u0146u p\u0101rvald\u012bbu vai atsp\u0113jo\u0161anu, apmekl\u0113jiet sava p\u0101rl\u016bka pal\u012bdz\u012bbas sada\u013cu.<\/p>\n<ol start=\"5\">\n<li><strong> J\u016bsu piekri\u0161ana<\/strong><\/li>\n<\/ol>\n<p>Turpinot p\u0101rl\u016bkot m\u016bsu vietni, j\u016bs piekr\u012btat s\u012bkdat\u0146u izmanto\u0161anai, k\u0101 aprakst\u012bts \u0161aj\u0101 politik\u0101. Ja nepiekr\u012btat m\u016bsu s\u012bkdat\u0146u izmanto\u0161anai, varat main\u012bt savus iestat\u012bjumus vai izv\u0113l\u0113ties neizmantot m\u016bsu vietni.<\/p>\n","protected":false},"excerpt":{"rendered":"<p>P\u0113d\u0113jo reizi atjaunota: 01.01.2025 M\u0113s, Authentic Trees, izmantojam s\u012bkdatnes, lai  [&#8230;]<\/p>\n","protected":false},"author":2,"featured_media":0,"parent":0,"menu_order":0,"comment_status":"closed","ping_status":"closed","template":"","meta":{"_acf_changed":false,"footnotes":""},"class_list":["post-1612","page","type-page","status-publish","hentry"],"acf":[],"yoast_head":"<!-- This site is optimized with the Yoast SEO plugin v26.7 - https:\/\/yoast.com\/wordpress\/plugins\/seo\/ -->\n<title>S\u012bkdat\u0146u politika - Authentic Trees<\/title>\n<meta name=\"description\" content=\"Autentiski mas\u012bvkoka karkasi, gu\u013cb\u016bves, gr\u012bdas d\u0113\u013ci and dizaina produkti no koka. Roku darbs ar tradicion\u0101l\u0101s amatniec\u012bbas metod\u0113m.\" \/>\n<meta name=\"robots\" content=\"index, follow, max-snippet:-1, max-image-preview:large, max-video-preview:-1\" \/>\n<link rel=\"canonical\" href=\"https:\/\/authentictrees.com\/lv\/cookie-policy\/\" \/>\n<meta property=\"og:locale\" content=\"lv_LV\" \/>\n<meta property=\"og:type\" content=\"article\" \/>\n<meta property=\"og:title\" content=\"S\u012bkdat\u0146u politika - Authentic Trees\" \/>\n<meta property=\"og:description\" content=\"Autentiski mas\u012bvkoka karkasi, gu\u013cb\u016bves, gr\u012bdas d\u0113\u013ci and dizaina produkti no koka. Roku darbs ar tradicion\u0101l\u0101s amatniec\u012bbas metod\u0113m.\" \/>\n<meta property=\"og:url\" content=\"https:\/\/authentictrees.com\/lv\/cookie-policy\/\" \/>\n<meta property=\"og:site_name\" content=\"Authentictrees.com\" \/>\n<meta property=\"article:modified_time\" content=\"2025-03-26T10:08:21+00:00\" \/>\n<meta name=\"twitter:card\" content=\"summary_large_image\" \/>\n<meta name=\"twitter:label1\" content=\"Est. reading time\" \/>\n\t<meta name=\"twitter:data1\" content=\"2 minutes\" \/>\n<script type=\"application\/ld+json\" class=\"yoast-schema-graph\">{\"@context\":\"https:\/\/schema.org\",\"@graph\":[{\"@type\":\"WebPage\",\"@id\":\"https:\/\/authentictrees.com\/lv\/cookie-policy\/\",\"url\":\"https:\/\/authentictrees.com\/lv\/cookie-policy\/\",\"name\":\"S\u012bkdat\u0146u politika - Authentic Trees\",\"isPartOf\":{\"@id\":\"https:\/\/authentictrees.com\/lv\/#website\"},\"datePublished\":\"2024-12-17T07:31:15+00:00\",\"dateModified\":\"2025-03-26T10:08:21+00:00\",\"description\":\"Autentiski mas\u012bvkoka karkasi, gu\u013cb\u016bves, gr\u012bdas d\u0113\u013ci and dizaina produkti no koka. Roku darbs ar tradicion\u0101l\u0101s amatniec\u012bbas metod\u0113m.\",\"breadcrumb\":{\"@id\":\"https:\/\/authentictrees.com\/lv\/cookie-policy\/#breadcrumb\"},\"inLanguage\":\"lv-LV\",\"potentialAction\":[{\"@type\":\"ReadAction\",\"target\":[\"https:\/\/authentictrees.com\/lv\/cookie-policy\/\"]}]},{\"@type\":\"BreadcrumbList\",\"@id\":\"https:\/\/authentictrees.com\/lv\/cookie-policy\/#breadcrumb\",\"itemListElement\":[{\"@type\":\"ListItem\",\"position\":1,\"name\":\"Home\",\"item\":\"https:\/\/authentictrees.com\/lv\/\"},{\"@type\":\"ListItem\",\"position\":2,\"name\":\"S\u012bkdat\u0146u politika\"}]},{\"@type\":\"WebSite\",\"@id\":\"https:\/\/authentictrees.com\/lv\/#website\",\"url\":\"https:\/\/authentictrees.com\/lv\/\",\"name\":\"Authentictrees.com\",\"description\":\"Boutique carpentry\",\"potentialAction\":[{\"@type\":\"SearchAction\",\"target\":{\"@type\":\"EntryPoint\",\"urlTemplate\":\"https:\/\/authentictrees.com\/lv\/?s={search_term_string}\"},\"query-input\":{\"@type\":\"PropertyValueSpecification\",\"valueRequired\":true,\"valueName\":\"search_term_string\"}}],\"inLanguage\":\"lv-LV\"}]}<\/script>\n<!-- \/ Yoast SEO plugin. -->","yoast_head_json":{"title":"S\u012bkdat\u0146u politika - Authentic Trees","description":"Autentiski mas\u012bvkoka karkasi, gu\u013cb\u016bves, gr\u012bdas d\u0113\u013ci and dizaina produkti no koka. Roku darbs ar tradicion\u0101l\u0101s amatniec\u012bbas metod\u0113m.","robots":{"index":"index","follow":"follow","max-snippet":"max-snippet:-1","max-image-preview":"max-image-preview:large","max-video-preview":"max-video-preview:-1"},"canonical":"https:\/\/authentictrees.com\/lv\/cookie-policy\/","og_locale":"lv_LV","og_type":"article","og_title":"S\u012bkdat\u0146u politika - Authentic Trees","og_description":"Autentiski mas\u012bvkoka karkasi, gu\u013cb\u016bves, gr\u012bdas d\u0113\u013ci and dizaina produkti no koka. Roku darbs ar tradicion\u0101l\u0101s amatniec\u012bbas metod\u0113m.","og_url":"https:\/\/authentictrees.com\/lv\/cookie-policy\/","og_site_name":"Authentictrees.com","article_modified_time":"2025-03-26T10:08:21+00:00","twitter_card":"summary_large_image","twitter_misc":{"Est. reading time":"2 minutes"},"schema":{"@context":"https:\/\/schema.org","@graph":[{"@type":"WebPage","@id":"https:\/\/authentictrees.com\/lv\/cookie-policy\/","url":"https:\/\/authentictrees.com\/lv\/cookie-policy\/","name":"S\u012bkdat\u0146u politika - Authentic Trees","isPartOf":{"@id":"https:\/\/authentictrees.com\/lv\/#website"},"datePublished":"2024-12-17T07:31:15+00:00","dateModified":"2025-03-26T10:08:21+00:00","description":"Autentiski mas\u012bvkoka karkasi, gu\u013cb\u016bves, gr\u012bdas d\u0113\u013ci and dizaina produkti no koka. Roku darbs ar tradicion\u0101l\u0101s amatniec\u012bbas metod\u0113m.","breadcrumb":{"@id":"https:\/\/authentictrees.com\/lv\/cookie-policy\/#breadcrumb"},"inLanguage":"lv-LV","potentialAction":[{"@type":"ReadAction","target":["https:\/\/authentictrees.com\/lv\/cookie-policy\/"]}]},{"@type":"BreadcrumbList","@id":"https:\/\/authentictrees.com\/lv\/cookie-policy\/#breadcrumb","itemListElement":[{"@type":"ListItem","position":1,"name":"Home","item":"https:\/\/authentictrees.com\/lv\/"},{"@type":"ListItem","position":2,"name":"S\u012bkdat\u0146u politika"}]},{"@type":"WebSite","@id":"https:\/\/authentictrees.com\/lv\/#website","url":"https:\/\/authentictrees.com\/lv\/","name":"Authentictrees.com","description":"Boutique carpentry","potentialAction":[{"@type":"SearchAction","target":{"@type":"EntryPoint","urlTemplate":"https:\/\/authentictrees.com\/lv\/?s={search_term_string}"},"query-input":{"@type":"PropertyValueSpecification","valueRequired":true,"valueName":"search_term_string"}}],"inLanguage":"lv-LV"}]}},"_links":{"self":[{"href":"https:\/\/authentictrees.com\/lv\/wp-json\/wp\/v2\/pages\/1612","targetHints":{"allow":["GET"]}}],"collection":[{"href":"https:\/\/authentictrees.com\/lv\/wp-json\/wp\/v2\/pages"}],"about":[{"href":"https:\/\/authentictrees.com\/lv\/wp-json\/wp\/v2\/types\/page"}],"author":[{"embeddable":true,"href":"https:\/\/authentictrees.com\/lv\/wp-json\/wp\/v2\/users\/2"}],"replies":[{"embeddable":true,"href":"https:\/\/authentictrees.com\/lv\/wp-json\/wp\/v2\/comments?post=1612"}],"version-history":[{"count":7,"href":"https:\/\/authentictrees.com\/lv\/wp-json\/wp\/v2\/pages\/1612\/revisions"}],"predecessor-version":[{"id":2509,"href":"https:\/\/authentictrees.com\/lv\/wp-json\/wp\/v2\/pages\/1612\/revisions\/2509"}],"wp:attachment":[{"href":"https:\/\/authentictrees.com\/lv\/wp-json\/wp\/v2\/media?parent=1612"}],"curies":[{"name":"wp","href":"https:\/\/api.w.org\/{rel}","templated":true}]}}