{"id":1593,"date":"2023-04-14T16:06:04","date_gmt":"2023-04-14T13:06:04","guid":{"rendered":"https:\/\/authentictrees.ecomstrive.dev\/story\/"},"modified":"2025-03-28T10:29:56","modified_gmt":"2025-03-28T08:29:56","slug":"par-mums","status":"publish","type":"page","link":"https:\/\/authentictrees.com\/lv\/par-mums\/","title":{"rendered":"M\u016bsu st\u0101sts"},"content":{"rendered":"<p><div class=\"fusion-fullwidth fullwidth-box fusion-builder-row-1 fusion-flex-container has-pattern-background has-mask-background fusion-parallax-none nonhundred-percent-fullwidth non-hundred-percent-height-scrolling lazyload\" style=\"--awb-background-position:center top;--awb-border-radius-top-left:0px;--awb-border-radius-top-right:0px;--awb-border-radius-bottom-right:0px;--awb-border-radius-bottom-left:0px;--awb-padding-top:120px;--awb-padding-bottom:80px;--awb-padding-top-medium:80px;--awb-padding-bottom-medium:80px;--awb-background-color:var(--awb-color1);--awb-background-size:cover;--awb-flex-wrap:wrap;\" data-bg=\"https:\/\/authentictrees.com\/wp-content\/uploads\/2024\/12\/info-bg-1.svg\" ><div class=\"fusion-builder-row fusion-row fusion-flex-align-items-stretch fusion-flex-content-wrap\" style=\"max-width:calc( 1200px + 80px );margin-left: calc(-80px \/ 2 );margin-right: calc(-80px \/ 2 );\"><div class=\"fusion-layout-column fusion_builder_column fusion-builder-column-0 fusion_builder_column_1_2 1_2 fusion-flex-column\" style=\"--awb-bg-size:cover;--awb-width-large:50%;--awb-margin-top-large:0px;--awb-spacing-right-large:40px;--awb-margin-bottom-large:20px;--awb-spacing-left-large:40px;--awb-width-medium:50%;--awb-order-medium:0;--awb-spacing-right-medium:40px;--awb-spacing-left-medium:40px;--awb-width-small:100%;--awb-order-small:0;--awb-spacing-right-small:40px;--awb-spacing-left-small:40px;\"><div class=\"fusion-column-wrapper fusion-column-has-shadow fusion-flex-justify-content-flex-start fusion-content-layout-column\"><div class=\"fusion-image-element \" style=\"--awb-aspect-ratio:1 \/ 1;--awb-caption-title-font-family:var(--h2_typography-font-family);--awb-caption-title-font-weight:var(--h2_typography-font-weight);--awb-caption-title-font-style:var(--h2_typography-font-style);--awb-caption-title-size:var(--h2_typography-font-size);--awb-caption-title-transform:var(--h2_typography-text-transform);--awb-caption-title-line-height:var(--h2_typography-line-height);--awb-caption-title-letter-spacing:var(--h2_typography-letter-spacing);\"><span class=\" fusion-imageframe imageframe-none imageframe-1 hover-type-none has-aspect-ratio\"><img decoding=\"async\" width=\"2000\" height=\"1333\" title=\"page-title-bar\" src=\"https:\/\/authentictrees.com\/wp-content\/uploads\/2024\/12\/page-title-bar.jpg\" data-orig-src=\"https:\/\/authentictrees.com\/wp-content\/uploads\/2024\/12\/page-title-bar.jpg\" class=\"lazyload img-responsive wp-image-1551 img-with-aspect-ratio\" data-parent-fit=\"cover\" data-parent-container=\".fusion-image-element\" alt srcset=\"data:image\/svg+xml,%3Csvg%20xmlns%3D%27http%3A%2F%2Fwww.w3.org%2F2000%2Fsvg%27%20width%3D%272000%27%20height%3D%271333%27%20viewBox%3D%270%200%202000%201333%27%3E%3Crect%20width%3D%272000%27%20height%3D%271333%27%20fill-opacity%3D%220%22%2F%3E%3C%2Fsvg%3E\" data-srcset=\"https:\/\/authentictrees.com\/wp-content\/uploads\/2024\/12\/page-title-bar-200x133.jpg 200w, https:\/\/authentictrees.com\/wp-content\/uploads\/2024\/12\/page-title-bar-400x267.jpg 400w, https:\/\/authentictrees.com\/wp-content\/uploads\/2024\/12\/page-title-bar-600x400.jpg 600w, https:\/\/authentictrees.com\/wp-content\/uploads\/2024\/12\/page-title-bar-800x533.jpg 800w, https:\/\/authentictrees.com\/wp-content\/uploads\/2024\/12\/page-title-bar-1200x800.jpg 1200w, https:\/\/authentictrees.com\/wp-content\/uploads\/2024\/12\/page-title-bar.jpg 2000w\" data-sizes=\"auto\" data-orig-sizes=\"(max-width: 640px) 100vw, 600px\" \/><\/span><\/div><div class=\"fusion-image-element \" style=\"--awb-aspect-ratio:1 \/ 1;--awb-caption-title-font-family:var(--h2_typography-font-family);--awb-caption-title-font-weight:var(--h2_typography-font-weight);--awb-caption-title-font-style:var(--h2_typography-font-style);--awb-caption-title-size:var(--h2_typography-font-size);--awb-caption-title-transform:var(--h2_typography-text-transform);--awb-caption-title-line-height:var(--h2_typography-line-height);--awb-caption-title-letter-spacing:var(--h2_typography-letter-spacing);\"><span class=\" fusion-imageframe imageframe-none imageframe-2 hover-type-none has-aspect-ratio\"><img decoding=\"async\" width=\"300\" height=\"200\" title=\"IMG_8503\" src=\"https:\/\/authentictrees.com\/wp-content\/uploads\/2023\/04\/IMG_8503-scaled.jpg\" data-orig-src=\"https:\/\/authentictrees.com\/wp-content\/uploads\/2023\/04\/IMG_8503-300x200.jpg\" class=\"lazyload img-responsive wp-image-2376 img-with-aspect-ratio\" data-parent-fit=\"cover\" data-parent-container=\".fusion-image-element\" alt srcset=\"data:image\/svg+xml,%3Csvg%20xmlns%3D%27http%3A%2F%2Fwww.w3.org%2F2000%2Fsvg%27%20width%3D%272560%27%20height%3D%271707%27%20viewBox%3D%270%200%202560%201707%27%3E%3Crect%20width%3D%272560%27%20height%3D%271707%27%20fill-opacity%3D%220%22%2F%3E%3C%2Fsvg%3E\" data-srcset=\"https:\/\/authentictrees.com\/wp-content\/uploads\/2023\/04\/IMG_8503-200x133.jpg 200w, https:\/\/authentictrees.com\/wp-content\/uploads\/2023\/04\/IMG_8503-400x267.jpg 400w, https:\/\/authentictrees.com\/wp-content\/uploads\/2023\/04\/IMG_8503-600x400.jpg 600w, https:\/\/authentictrees.com\/wp-content\/uploads\/2023\/04\/IMG_8503-800x533.jpg 800w, https:\/\/authentictrees.com\/wp-content\/uploads\/2023\/04\/IMG_8503-1200x800.jpg 1200w\" data-sizes=\"auto\" data-orig-sizes=\"(max-width: 640px) 100vw, 600px\" \/><\/span><\/div><\/div><\/div><div class=\"fusion-layout-column fusion_builder_column fusion-builder-column-1 fusion_builder_column_1_2 1_2 fusion-flex-column fusion-flex-align-self-center\" style=\"--awb-bg-size:cover;--awb-width-large:50%;--awb-margin-top-large:0px;--awb-spacing-right-large:40px;--awb-margin-bottom-large:20px;--awb-spacing-left-large:40px;--awb-width-medium:50%;--awb-order-medium:0;--awb-spacing-right-medium:40px;--awb-spacing-left-medium:40px;--awb-width-small:100%;--awb-order-small:0;--awb-spacing-right-small:40px;--awb-spacing-left-small:40px;\"><div class=\"fusion-column-wrapper fusion-column-has-shadow fusion-flex-justify-content-flex-start fusion-content-layout-column\"><div class=\"fusion-title title fusion-title-1 fusion-sep-none fusion-title-text fusion-title-size-two\" style=\"--awb-text-color:var(--awb-custom_color_2);--awb-font-size:34px;\"><h2 class=\"fusion-title-heading title-heading-left\" style=\"margin:0;font-size:1em;line-height:48px;\"><strong>Ilgm\u016b\u017e\u012bgi koka produkti, kas bag\u0101tina dz\u012bvi!<\/strong><\/h2><\/div><div class=\"fusion-text fusion-text-1 fusion-text-no-margin\" style=\"--awb-text-color:var(--awb-color7);--awb-margin-bottom:25px;\"><p>Laipni l\u016bdzam m\u016bsu namdaru darbn\u012bc\u0101, kas specializ\u0113jas mas\u012bvkoka karkasu b\u016bvniec\u012bb\u0101, ekskluz\u012bvu un platu koka gr\u012bdu d\u0113\u013cu ra\u017eo\u0161an\u0101 un unik\u0101lu dizaina izstr\u0101d\u0101jumu rad\u012b\u0161an\u0101. M\u016bsdienu straujaj\u0101 un tehnolo\u0123iju virz\u012btaj\u0101 pasaul\u0113, kur\u0101 lietas bie\u017ei tiek rad\u012btas \u012bslaic\u012bgai lieto\u0161anai un \u0101trai aizst\u0101\u0161anai, m\u0113s izv\u0113lamies citu pieeju. M\u0113s cien\u0101m laika p\u0101rbaud\u012btas tradicion\u0101l\u0101s amatniec\u012bbas metodes un rad\u0101m ilgm\u016b\u017e\u012bgus izstr\u0101d\u0101jumus ar m\u012blest\u012bbu un r\u016bp\u012bbu.<\/p>\n<p>M\u016bsu st\u0101sts s\u0101k\u0101s ar kop\u012bgu aizrau\u0161anos pret dab\u012bgu koku, apvienojot cilv\u0113kus no da\u017e\u0101d\u0101m jom\u0101m, kuriem ir vienots m\u0113r\u0137is \u2013 rad\u012bt skaistumu un prieku tiem, kas to nov\u0113rt\u0113. Authentic Trees priorit\u0101te ir j\u0113gpilnu izstr\u0101d\u0101jumu rad\u012b\u0161ana, nevis masveida ra\u017eo\u0161ana, kvalit\u0101te mums ir svar\u012bg\u0101ka par izmaks\u0101m, un ilgtsp\u0113ja tiek \u012bstenota \u0161\u012b v\u0101rda lab\u0101kaj\u0101 noz\u012bm\u0113 \u2013 ne tikai ra\u017eo\u0161anas proces\u0101, bet visa produkta dz\u012bves cikla laik\u0101.<\/p>\n<p>M\u0113s esam neliela, bet daudzpus\u012bga komanda. Namdari ar vair\u0101k nek\u0101 30 gadu pieredzi mas\u012bvkoka karkasu un gu\u013cb\u016bvju b\u016bvniec\u012bb\u0101. M\u0101cek\u013ci, kuri nomain\u012bju\u0161i korporat\u012bvo vidi, mekl\u0113jot j\u0113gpiln\u0101ku darbu. M\u0101kslinieki, kas sadarbojas ar in\u017eenieriem un projektu vad\u012bt\u0101jiem, lai apvienotu produktu dizainu ar struktur\u0101lo iztur\u012bbu. Lai ar\u012b m\u016bsu ce\u013ci ir biju\u0161i at\u0161\u0137ir\u012bgi, m\u016bs vieno m\u012blest\u012bba pret amatniec\u012bbu un ap\u0146em\u0161an\u0101s nodro\u0161in\u0101t izcilu dizainu un kvalit\u0101ti.<\/p>\n<p>M\u016bsu sirdsdarbs ir mas\u012bvkoka karkasa konstrukcijas un gu\u013cb\u016bves, kas tiek izgatavotas piln\u012bb\u0101 ar rok\u0101m, izmantojot tradicion\u0101las metodes nevis CNC iek\u0101rtas. Tas padara katru namu person\u012bgu, dabisku un patiesi unik\u0101lu. Kokmateri\u0101lu sagatavo\u0161anai un apstr\u0101dei tiek pie\u0161\u0137irta fundament\u0101la noz\u012bme \u2013 s\u0101kot no koku z\u0101\u0123\u0113\u0161anu ziem\u0101 pareizaj\u0101 m\u0113ness f\u0101z\u0113 l\u012bdz dabiskai \u017e\u0101v\u0113\u0161anai vair\u0101ku gadu garum\u0101, kas nodro\u0161ina maksim\u0101lu \u0113kas stabilit\u0101ti un iztur\u012bbu.<\/p>\n<p>Plati mas\u012bvkoka gr\u012bdas d\u0113\u013ci, kas reiz bija neat\u0146emama seno m\u0101jok\u013cu sast\u0101vda\u013ca, \u0161odien k\u013cuvu\u0161i par retumu. M\u0113s saglab\u0101jam \u0161o laika p\u0101rbaud\u012bto skaistumu, radot d\u0113\u013cus, kas atspogu\u013co tradicion\u0101lo kokamatniec\u012bbu. Nav nek\u0101 pat\u012bkam\u0101ka k\u0101 ar plik\u0101m p\u0113d\u0101m pieskarties siltai, dab\u012bgai koka gr\u012bdai, vai ne?<\/p>\n<p>Lai m\u016bsu amata prasmes un m\u012blest\u012bba pret koku b\u016btu sasniedzama pla\u0161\u0101kam cilv\u0113ku lokam, esam izveidoju\u0161i ar\u012b r\u016bp\u012bgi atlas\u012btu ikdienas koka izstr\u0101d\u0101jumu kolekciju. \u0160\u016bpoles rad\u012bs smieklus b\u0113rniem un prieku \u0123imen\u0113m. Sve\u010dturi pie\u0161\u0137irs telpai romantiku un m\u0101j\u012bgumu, bet ozolkoka plaukti \u2013 \u00a0eleganci jebkuram interjeram.<\/p>\n<p>#KokaKarkass #Gu\u013cb\u016bve #KokaGr\u012bdas #\u0160\u016bpoles #Plaukti #Sve\u010dturi #Mas\u012bvkokaDizains #RokuDarbs #Dab\u012bgiMateri\u0101li #Ilgtsp\u0113j\u012bgaDz\u012bve #Tradicion\u0101lsAmatniec\u012bba #Individu\u0101laGaldniec\u012bba<\/p>\n<\/div><div class=\"fusion-separator fusion-full-width-sep\" style=\"align-self: center;margin-left: auto;margin-right: auto;width:100%;\"><div class=\"fusion-separator-border sep-single sep-solid\" style=\"--awb-height:20px;--awb-amount:20px;border-color:var(--awb-color3);border-top-width:2px;\"><\/div><\/div><\/div><\/div><\/div><\/div><div class=\"fusion-fullwidth fullwidth-box fusion-builder-row-2 fusion-flex-container has-pattern-background has-mask-background nonhundred-percent-fullwidth non-hundred-percent-height-scrolling\" style=\"--awb-background-position:center top;--awb-border-radius-top-left:0px;--awb-border-radius-top-right:0px;--awb-border-radius-bottom-right:0px;--awb-border-radius-bottom-left:0px;--awb-padding-top:0px;--awb-padding-bottom:120px;--awb-padding-top-medium:80px;--awb-padding-bottom-medium:80px;--awb-background-color:var(--awb-color1);--awb-flex-wrap:wrap;\" ><div class=\"fusion-builder-row fusion-row fusion-flex-align-items-stretch fusion-flex-content-wrap\" style=\"max-width:calc( 1200px + 80px );margin-left: calc(-80px \/ 2 );margin-right: calc(-80px \/ 2 );\"><div class=\"fusion-layout-column fusion_builder_column fusion-builder-column-2 fusion_builder_column_1_2 1_2 fusion-flex-column fusion-flex-align-self-center\" style=\"--awb-bg-size:cover;--awb-width-large:50%;--awb-margin-top-large:0px;--awb-spacing-right-large:40px;--awb-margin-bottom-large:20px;--awb-spacing-left-large:40px;--awb-width-medium:50%;--awb-order-medium:0;--awb-spacing-right-medium:40px;--awb-spacing-left-medium:40px;--awb-width-small:100%;--awb-order-small:0;--awb-spacing-right-small:40px;--awb-spacing-left-small:40px;\"><div class=\"fusion-column-wrapper fusion-column-has-shadow fusion-flex-justify-content-flex-start fusion-content-layout-column\"><\/div><\/div><div class=\"fusion-layout-column fusion_builder_column fusion-builder-column-3 fusion_builder_column_1_2 1_2 fusion-flex-column\" style=\"--awb-bg-size:cover;--awb-width-large:50%;--awb-margin-top-large:0px;--awb-spacing-right-large:40px;--awb-margin-bottom-large:20px;--awb-spacing-left-large:40px;--awb-width-medium:50%;--awb-order-medium:0;--awb-spacing-right-medium:40px;--awb-spacing-left-medium:40px;--awb-width-small:100%;--awb-order-small:0;--awb-spacing-right-small:40px;--awb-spacing-left-small:40px;\"><div class=\"fusion-column-wrapper fusion-column-has-shadow fusion-flex-justify-content-flex-start fusion-content-layout-column\"><\/div><\/div><\/div><\/div><div class=\"fusion-fullwidth fullwidth-box fusion-builder-row-3 fusion-flex-container has-pattern-background has-mask-background fusion-parallax-none nonhundred-percent-fullwidth non-hundred-percent-height-scrolling lazyload\" style=\"--awb-border-radius-top-left:0px;--awb-border-radius-top-right:0px;--awb-border-radius-bottom-right:0px;--awb-border-radius-bottom-left:0px;--awb-padding-top:100px;--awb-padding-bottom:100px;--awb-background-image:linear-gradient(180deg, rgba(41,40,35,0.52) 0%,rgba(41,40,35,0.52) 100%);;--awb-background-size:cover;--awb-flex-wrap:wrap;\" data-bg=\"https:\/\/authentictrees.com\/wp-content\/uploads\/2024\/12\/cta-background.jpg\" data-bg-gradient=\"linear-gradient(180deg, rgba(41,40,35,0.52) 0%,rgba(41,40,35,0.52) 100%)\" ><div class=\"fusion-builder-row fusion-row fusion-flex-align-items-flex-start fusion-flex-content-wrap\" style=\"max-width:1248px;margin-left: calc(-4% \/ 2 );margin-right: calc(-4% \/ 2 );\"><div class=\"fusion-layout-column fusion_builder_column fusion-builder-column-4 fusion_builder_column_2_3 2_3 fusion-flex-column\" style=\"--awb-bg-size:cover;--awb-width-large:66.666666666667%;--awb-margin-top-large:0px;--awb-spacing-right-large:2.88%;--awb-margin-bottom-large:0px;--awb-spacing-left-large:2.88%;--awb-width-medium:66.666666666667%;--awb-order-medium:0;--awb-spacing-right-medium:2.88%;--awb-spacing-left-medium:2.88%;--awb-width-small:100%;--awb-order-small:0;--awb-spacing-right-small:1.92%;--awb-spacing-left-small:1.92%;\"><div class=\"fusion-column-wrapper fusion-column-has-shadow fusion-flex-justify-content-flex-start fusion-content-layout-column\"><div class=\"fusion-title title fusion-title-2 fusion-sep-none fusion-title-text fusion-title-size-two\" style=\"--awb-text-color:var(--awb-color1);--awb-margin-bottom:0px;--awb-font-size:45px;\"><h2 class=\"fusion-title-heading title-heading-left sm-text-align-center\" style=\"margin:0;font-size:1em;\">Jums ir v\u012bzija?<\/h2><\/div><div class=\"fusion-title title fusion-title-3 fusion-sep-none fusion-title-text fusion-title-size-six\" style=\"--awb-text-color:var(--awb-color1);--awb-margin-top:0px;--awb-font-size:20px;\"><h6 class=\"fusion-title-heading title-heading-left sm-text-align-center\" style=\"margin:0;font-size:1em;\">Sazinieties ar mums, m\u0113s realiz\u0113sim j\u016bsu sap\u0146us!<\/h6><\/div><\/div><\/div><div class=\"fusion-layout-column fusion_builder_column fusion-builder-column-5 fusion_builder_column_1_3 1_3 fusion-flex-column fusion-flex-align-self-center\" style=\"--awb-bg-size:cover;--awb-width-large:33.333333333333%;--awb-margin-top-large:0px;--awb-spacing-right-large:5.76%;--awb-margin-bottom-large:0px;--awb-spacing-left-large:5.76%;--awb-width-medium:33.333333333333%;--awb-order-medium:0;--awb-spacing-right-medium:5.76%;--awb-spacing-left-medium:5.76%;--awb-width-small:100%;--awb-order-small:0;--awb-margin-top-small:30px;--awb-spacing-right-small:1.92%;--awb-spacing-left-small:1.92%;\"><div class=\"fusion-column-wrapper fusion-column-has-shadow fusion-flex-justify-content-flex-start fusion-content-layout-column\"><div class=\"sm-text-align-center\" style=\"text-align:right;\"><a class=\"fusion-button button-flat fusion-button-default-size button-custom fusion-button-default button-1 fusion-button-default-span fusion-button-default-type\" style=\"--button_accent_color:var(--awb-color1);--button_accent_hover_color:var(--awb-color1);--button_border_hover_color:var(--awb-color1);--button_gradient_top_color:var(--awb-custom_color_2);--button_gradient_bottom_color:var(--awb-custom_color_2);--button_gradient_top_color_hover:var(--awb-custom_color_1);--button_gradient_bottom_color_hover:var(--awb-custom_color_1);\" target=\"_self\" href=\"https:\/\/authentictrees.com\/lv\/contacts\/\"><span class=\"fusion-button-text awb-button__text awb-button__text--default\">Sazin\u0101ties<\/span><\/a><\/div><\/div><\/div><\/div><\/div><\/p>\n","protected":false},"excerpt":{"rendered":"","protected":false},"author":2,"featured_media":1567,"parent":0,"menu_order":0,"comment_status":"closed","ping_status":"closed","template":"100-width.php","meta":{"_acf_changed":false,"footnotes":""},"class_list":["post-1593","page","type-page","status-publish","has-post-thumbnail","hentry"],"acf":[],"yoast_head":"<!-- This site is optimized with the Yoast SEO plugin v26.7 - https:\/\/yoast.com\/wordpress\/plugins\/seo\/ -->\n<title>M\u016bsu st\u0101sts - Authentic Trees<\/title>\n<meta name=\"description\" content=\"Autentiski mas\u012bvkoka karkasi, gu\u013cb\u016bves, gr\u012bdas d\u0113\u013ci and dizaina produkti no koka. Roku darbs ar tradicion\u0101l\u0101s amatniec\u012bbas metod\u0113m.\" \/>\n<meta name=\"robots\" content=\"index, follow, max-snippet:-1, max-image-preview:large, max-video-preview:-1\" \/>\n<link rel=\"canonical\" href=\"https:\/\/authentictrees.com\/lv\/par-mums\/\" \/>\n<meta property=\"og:locale\" content=\"lv_LV\" \/>\n<meta property=\"og:type\" content=\"article\" \/>\n<meta property=\"og:title\" content=\"M\u016bsu st\u0101sts - Authentic Trees\" \/>\n<meta property=\"og:description\" content=\"Autentiski mas\u012bvkoka karkasi, gu\u013cb\u016bves, gr\u012bdas d\u0113\u013ci and dizaina produkti no koka. Roku darbs ar tradicion\u0101l\u0101s amatniec\u012bbas metod\u0113m.\" \/>\n<meta property=\"og:url\" content=\"https:\/\/authentictrees.com\/lv\/par-mums\/\" \/>\n<meta property=\"og:site_name\" content=\"Authentictrees.com\" \/>\n<meta property=\"article:modified_time\" content=\"2025-03-28T08:29:56+00:00\" \/>\n<meta property=\"og:image\" content=\"https:\/\/authentictrees.com\/wp-content\/uploads\/2024\/12\/authentictrees-ptb.jpg\" \/>\n\t<meta property=\"og:image:width\" content=\"2000\" \/>\n\t<meta property=\"og:image:height\" content=\"1125\" \/>\n\t<meta property=\"og:image:type\" content=\"image\/jpeg\" \/>\n<meta name=\"twitter:card\" content=\"summary_large_image\" \/>\n<meta name=\"twitter:label1\" content=\"Est. reading time\" \/>\n\t<meta name=\"twitter:data1\" content=\"3 minutes\" \/>\n<script type=\"application\/ld+json\" class=\"yoast-schema-graph\">{\"@context\":\"https:\/\/schema.org\",\"@graph\":[{\"@type\":\"WebPage\",\"@id\":\"https:\/\/authentictrees.com\/lv\/par-mums\/\",\"url\":\"https:\/\/authentictrees.com\/lv\/par-mums\/\",\"name\":\"M\u016bsu st\u0101sts - Authentic Trees\",\"isPartOf\":{\"@id\":\"https:\/\/authentictrees.com\/lv\/#website\"},\"primaryImageOfPage\":{\"@id\":\"https:\/\/authentictrees.com\/lv\/par-mums\/#primaryimage\"},\"image\":{\"@id\":\"https:\/\/authentictrees.com\/lv\/par-mums\/#primaryimage\"},\"thumbnailUrl\":\"https:\/\/authentictrees.com\/wp-content\/uploads\/2024\/12\/authentictrees-ptb.jpg\",\"datePublished\":\"2023-04-14T13:06:04+00:00\",\"dateModified\":\"2025-03-28T08:29:56+00:00\",\"description\":\"Autentiski mas\u012bvkoka karkasi, gu\u013cb\u016bves, gr\u012bdas d\u0113\u013ci and dizaina produkti no koka. Roku darbs ar tradicion\u0101l\u0101s amatniec\u012bbas metod\u0113m.\",\"breadcrumb\":{\"@id\":\"https:\/\/authentictrees.com\/lv\/par-mums\/#breadcrumb\"},\"inLanguage\":\"lv-LV\",\"potentialAction\":[{\"@type\":\"ReadAction\",\"target\":[\"https:\/\/authentictrees.com\/lv\/par-mums\/\"]}]},{\"@type\":\"ImageObject\",\"inLanguage\":\"lv-LV\",\"@id\":\"https:\/\/authentictrees.com\/lv\/par-mums\/#primaryimage\",\"url\":\"https:\/\/authentictrees.com\/wp-content\/uploads\/2024\/12\/authentictrees-ptb.jpg\",\"contentUrl\":\"https:\/\/authentictrees.com\/wp-content\/uploads\/2024\/12\/authentictrees-ptb.jpg\",\"width\":2000,\"height\":1125},{\"@type\":\"BreadcrumbList\",\"@id\":\"https:\/\/authentictrees.com\/lv\/par-mums\/#breadcrumb\",\"itemListElement\":[{\"@type\":\"ListItem\",\"position\":1,\"name\":\"Home\",\"item\":\"https:\/\/authentictrees.com\/lv\/\"},{\"@type\":\"ListItem\",\"position\":2,\"name\":\"M\u016bsu st\u0101sts\"}]},{\"@type\":\"WebSite\",\"@id\":\"https:\/\/authentictrees.com\/lv\/#website\",\"url\":\"https:\/\/authentictrees.com\/lv\/\",\"name\":\"Authentictrees.com\",\"description\":\"Boutique carpentry\",\"potentialAction\":[{\"@type\":\"SearchAction\",\"target\":{\"@type\":\"EntryPoint\",\"urlTemplate\":\"https:\/\/authentictrees.com\/lv\/?s={search_term_string}\"},\"query-input\":{\"@type\":\"PropertyValueSpecification\",\"valueRequired\":true,\"valueName\":\"search_term_string\"}}],\"inLanguage\":\"lv-LV\"}]}<\/script>\n<!-- \/ Yoast SEO plugin. -->","yoast_head_json":{"title":"M\u016bsu st\u0101sts - Authentic Trees","description":"Autentiski mas\u012bvkoka karkasi, gu\u013cb\u016bves, gr\u012bdas d\u0113\u013ci and dizaina produkti no koka. Roku darbs ar tradicion\u0101l\u0101s amatniec\u012bbas metod\u0113m.","robots":{"index":"index","follow":"follow","max-snippet":"max-snippet:-1","max-image-preview":"max-image-preview:large","max-video-preview":"max-video-preview:-1"},"canonical":"https:\/\/authentictrees.com\/lv\/par-mums\/","og_locale":"lv_LV","og_type":"article","og_title":"M\u016bsu st\u0101sts - Authentic Trees","og_description":"Autentiski mas\u012bvkoka karkasi, gu\u013cb\u016bves, gr\u012bdas d\u0113\u013ci and dizaina produkti no koka. Roku darbs ar tradicion\u0101l\u0101s amatniec\u012bbas metod\u0113m.","og_url":"https:\/\/authentictrees.com\/lv\/par-mums\/","og_site_name":"Authentictrees.com","article_modified_time":"2025-03-28T08:29:56+00:00","og_image":[{"width":2000,"height":1125,"url":"https:\/\/authentictrees.com\/wp-content\/uploads\/2024\/12\/authentictrees-ptb.jpg","type":"image\/jpeg"}],"twitter_card":"summary_large_image","twitter_misc":{"Est. reading time":"3 minutes"},"schema":{"@context":"https:\/\/schema.org","@graph":[{"@type":"WebPage","@id":"https:\/\/authentictrees.com\/lv\/par-mums\/","url":"https:\/\/authentictrees.com\/lv\/par-mums\/","name":"M\u016bsu st\u0101sts - Authentic Trees","isPartOf":{"@id":"https:\/\/authentictrees.com\/lv\/#website"},"primaryImageOfPage":{"@id":"https:\/\/authentictrees.com\/lv\/par-mums\/#primaryimage"},"image":{"@id":"https:\/\/authentictrees.com\/lv\/par-mums\/#primaryimage"},"thumbnailUrl":"https:\/\/authentictrees.com\/wp-content\/uploads\/2024\/12\/authentictrees-ptb.jpg","datePublished":"2023-04-14T13:06:04+00:00","dateModified":"2025-03-28T08:29:56+00:00","description":"Autentiski mas\u012bvkoka karkasi, gu\u013cb\u016bves, gr\u012bdas d\u0113\u013ci and dizaina produkti no koka. Roku darbs ar tradicion\u0101l\u0101s amatniec\u012bbas metod\u0113m.","breadcrumb":{"@id":"https:\/\/authentictrees.com\/lv\/par-mums\/#breadcrumb"},"inLanguage":"lv-LV","potentialAction":[{"@type":"ReadAction","target":["https:\/\/authentictrees.com\/lv\/par-mums\/"]}]},{"@type":"ImageObject","inLanguage":"lv-LV","@id":"https:\/\/authentictrees.com\/lv\/par-mums\/#primaryimage","url":"https:\/\/authentictrees.com\/wp-content\/uploads\/2024\/12\/authentictrees-ptb.jpg","contentUrl":"https:\/\/authentictrees.com\/wp-content\/uploads\/2024\/12\/authentictrees-ptb.jpg","width":2000,"height":1125},{"@type":"BreadcrumbList","@id":"https:\/\/authentictrees.com\/lv\/par-mums\/#breadcrumb","itemListElement":[{"@type":"ListItem","position":1,"name":"Home","item":"https:\/\/authentictrees.com\/lv\/"},{"@type":"ListItem","position":2,"name":"M\u016bsu st\u0101sts"}]},{"@type":"WebSite","@id":"https:\/\/authentictrees.com\/lv\/#website","url":"https:\/\/authentictrees.com\/lv\/","name":"Authentictrees.com","description":"Boutique carpentry","potentialAction":[{"@type":"SearchAction","target":{"@type":"EntryPoint","urlTemplate":"https:\/\/authentictrees.com\/lv\/?s={search_term_string}"},"query-input":{"@type":"PropertyValueSpecification","valueRequired":true,"valueName":"search_term_string"}}],"inLanguage":"lv-LV"}]}},"_links":{"self":[{"href":"https:\/\/authentictrees.com\/lv\/wp-json\/wp\/v2\/pages\/1593","targetHints":{"allow":["GET"]}}],"collection":[{"href":"https:\/\/authentictrees.com\/lv\/wp-json\/wp\/v2\/pages"}],"about":[{"href":"https:\/\/authentictrees.com\/lv\/wp-json\/wp\/v2\/types\/page"}],"author":[{"embeddable":true,"href":"https:\/\/authentictrees.com\/lv\/wp-json\/wp\/v2\/users\/2"}],"replies":[{"embeddable":true,"href":"https:\/\/authentictrees.com\/lv\/wp-json\/wp\/v2\/comments?post=1593"}],"version-history":[{"count":9,"href":"https:\/\/authentictrees.com\/lv\/wp-json\/wp\/v2\/pages\/1593\/revisions"}],"predecessor-version":[{"id":2504,"href":"https:\/\/authentictrees.com\/lv\/wp-json\/wp\/v2\/pages\/1593\/revisions\/2504"}],"wp:featuredmedia":[{"embeddable":true,"href":"https:\/\/authentictrees.com\/lv\/wp-json\/wp\/v2\/media\/1567"}],"wp:attachment":[{"href":"https:\/\/authentictrees.com\/lv\/wp-json\/wp\/v2\/media?parent=1593"}],"curies":[{"name":"wp","href":"https:\/\/api.w.org\/{rel}","templated":true}]}}