{"id":2109,"date":"2025-03-05T12:14:51","date_gmt":"2025-03-05T10:14:51","guid":{"rendered":"https:\/\/authentictrees.com\/?post_type=product&#038;p=2109"},"modified":"2025-10-31T14:55:18","modified_gmt":"2025-10-31T12:55:18","slug":"schaukel","status":"publish","type":"product","link":"https:\/\/authentictrees.com\/de\/products\/schaukel\/schaukel\/","title":{"rendered":"Holzseilschaukel"},"content":{"rendered":"<div class=\"fusion-fullwidth fullwidth-box fusion-builder-row-1 fusion-flex-container nonhundred-percent-fullwidth non-hundred-percent-height-scrolling fusion-animated\" style=\"--awb-border-radius-top-left:0px;--awb-border-radius-top-right:0px;--awb-border-radius-bottom-right:0px;--awb-border-radius-bottom-left:0px;--awb-padding-right:0px;--awb-padding-left:0px;--awb-flex-wrap:wrap;\" data-animationType=\"fadeInUp\" data-animationDuration=\"1.3\" data-animationOffset=\"top-into-view\" ><div class=\"fusion-builder-row fusion-row fusion-flex-align-items-flex-start fusion-flex-content-wrap\" style=\"max-width:1248px;margin-left: calc(-4% \/ 2 );margin-right: calc(-4% \/ 2 );\"><div class=\"fusion-layout-column fusion_builder_column fusion-builder-column-0 fusion_builder_column_1_1 1_1 fusion-flex-column\" style=\"--awb-bg-blend:overlay;--awb-bg-size:cover;--awb-width-large:100%;--awb-margin-top-large:0px;--awb-spacing-right-large:1.92%;--awb-margin-bottom-large:0px;--awb-spacing-left-large:1.92%;--awb-width-medium:100%;--awb-spacing-right-medium:1.92%;--awb-spacing-left-medium:1.92%;--awb-width-small:100%;--awb-spacing-right-small:1.92%;--awb-spacing-left-small:1.92%;\"><div class=\"fusion-column-wrapper fusion-flex-justify-content-flex-start fusion-content-layout-column\"><div class=\"fusion-text fusion-text-1 fusion-text-no-margin\" style=\"--awb-margin-bottom:60px;\"><p><strong>Eigenschaften:<\/strong><\/p>\n<ul>\n<li><strong>Ma\u00dfe<\/strong><strong>: <\/strong>mit einer Gr\u00f6\u00dfe von 60 cm x 20 cm x 3 cm bietet jede Schaukel ausreichend Platz f\u00fcr Kinder und Erwachsene. Leichte Gr\u00f6\u00dfenabweichungen sind aufgrund der handgefertigten Natur des Produkts m\u00f6glich.<\/li>\n<li><strong>Stabil &amp; belastbar: <\/strong>tr\u00e4gt bis zu 125 kg und wird mit 16 mm dickem, wetterfestem Juteseil f\u00fcr Sicherheit und Stabilit\u00e4t geliefert.<\/li>\n<li><strong>Witterungsbest\u00e4ndige Oberfl\u00e4chen: <\/strong>erh\u00e4ltlich in naturbelassener Eiche \u2013 mit Schutzbehandlung f\u00fcr den ganzj\u00e4hrigen Au\u00dfeneinsatz.<\/li>\n<li><strong>Komplettes Set: <\/strong>enth\u00e4lt das Schaukelbrett, verstellbare Juteseile und 2 Karabinerhaken f\u00fcr eine einfache Montage. W\u00e4hlen Sie die gew\u00fcnschte Seill\u00e4nge f\u00fcr die perfekte Anpassung.<\/li>\n<li><strong>Vielseitiges Design: <\/strong>ideal f\u00fcr den Au\u00dfenbereich, wie G\u00e4rten und Hinterh\u00f6fe, oder als verspieltes, rustikales Element im Innenraum.<\/li>\n<li><strong>Umweltfreundliche Materialien: <\/strong>nachhaltig bezogene Eiche und nat\u00fcrliches Juteseil machen diese Schaukel zu einer umweltbewussten Wahl.<\/li>\n<li><strong>Nat\u00fcrlicher Charakter: <\/strong>da Holz ein Naturprodukt ist, k\u00f6nnen kleine Risse, individuelle Maserungen und gelegentliche Astmarkierungen auftreten. Diese Merkmale sind Teil des einzigartigen Charmes und beeintr\u00e4chtigen weder die Stabilit\u00e4t noch die Haltbarkeit des Produkts.<\/li>\n<\/ul>\n<p><strong>Versand &amp; R\u00fcckgabe:<\/strong><\/p>\n<ul>\n<li><strong>Versand: <\/strong>bestellungen werden innerhalb von 2-3 Tagen nach Zahlungseingang versendet und erreichen Sie in der Regel innerhalb von 5-10 Tagen, abh\u00e4ngig von Ihrem Standort.<\/li>\n<li><strong>R\u00fcckgabe: <\/strong>nicht zufrieden? Senden Sie den Artikel innerhalb von 14 Tagen zur\u00fcck und erhalten Sie einen Umtausch oder eine R\u00fcckerstattung (Versandkosten sind nicht erstattungsf\u00e4hig).<\/li>\n<li><strong>Internationale K\u00e4ufer: <\/strong>importz\u00f6lle, Steuern und zus\u00e4tzliche Geb\u00fchren sind nicht im Produkt- oder Versandpreis enthalten und unterliegen der Verantwortung des K\u00e4ufers.<\/li>\n<\/ul>\n<p><strong>\u00a0<\/strong><\/p>\n<p><strong>Schaffen Sie unvergessliche Erinnerungen mit einer Schaukel, die ebenso sch\u00f6n wie langlebig ist \u2013 bestellen Sie jetzt!<\/strong><\/p>\n<p>#Schaukelbrett #Baumschaukel #Holzschaukel #Holzseilschaukel #RustikaleSchaukel #Gartenschaukel #IndoorSchaukel #OutdoorSchaukel #HandgefertigteSchaukel #NachhaltigesHandwerk<\/p>\n<\/div><\/div><\/div><\/div><\/div>\n","protected":false},"excerpt":{"rendered":"<p><strong>Zeitlose Eichenschaukeln f\u00fcr grenzenlose Freude!<\/strong><\/p>\n<p>Verleihen Sie Ihrem Zuhause oder Garten einen Hauch zeitlosen Charmes und unvergesslicher Freude mit unseren handgefertigten Holzseilschaukeln. Hergestellt aus hochwertiger, kammergetrockneter Nordeurop\u00e4ischer Eiche, wird jede Schaukel aus einem einzigen Massivholzst\u00fcck gefertigt, wodurch die nat\u00fcrliche Maserung, \u00c4ste und einzigartige Charakteristika zur Geltung kommen. Ob f\u00fcr ausgelassenen Spa\u00df im Freien, eine rustikale R\u00fcckzugsoase im Garten oder eine gem\u00fctliche Ecke im Innenbereich \u2013 diese Schaukel ist daf\u00fcr gemacht, \u00fcber Jahre hinweg Freude zu schenken.<\/p>\n","protected":false},"featured_media":3010,"template":"","meta":{"_acf_changed":false},"product_brand":[],"product_cat":[101],"product_tag":[],"class_list":{"0":"post-2109","1":"product","2":"type-product","3":"status-publish","4":"has-post-thumbnail","6":"product_cat-schaukel","8":"first","9":"instock","10":"taxable","11":"shipping-taxable","12":"purchasable","13":"product-type-variable"},"acf":[],"yoast_head":"<!-- This site is optimized with the Yoast SEO plugin v26.7 - https:\/\/yoast.com\/wordpress\/plugins\/seo\/ -->\n<title>Holzseilschaukel - Authentic Trees<\/title>\n<meta name=\"description\" content=\"Hochwertige handgefertigte Holzseilschaukeln aus kammergetrockneter Eiche \u2013 robust, langlebig und wetterfest f\u00fcr den Einsatz drinnen und drau\u00dfen.\" \/>\n<meta name=\"robots\" content=\"index, follow, max-snippet:-1, max-image-preview:large, max-video-preview:-1\" \/>\n<link rel=\"canonical\" href=\"https:\/\/authentictrees.com\/de\/products\/schaukel\/schaukel\/\" \/>\n<meta property=\"og:locale\" content=\"de_DE\" \/>\n<meta property=\"og:type\" content=\"article\" \/>\n<meta property=\"og:title\" content=\"Holzseilschaukel - Authentic Trees\" \/>\n<meta property=\"og:description\" content=\"Hochwertige handgefertigte Holzseilschaukeln aus kammergetrockneter Eiche \u2013 robust, langlebig und wetterfest f\u00fcr den Einsatz drinnen und drau\u00dfen.\" \/>\n<meta property=\"og:url\" content=\"https:\/\/authentictrees.com\/de\/products\/schaukel\/schaukel\/\" \/>\n<meta property=\"og:site_name\" content=\"Authentictrees.com\" \/>\n<meta property=\"article:modified_time\" content=\"2025-10-31T12:55:18+00:00\" \/>\n<meta property=\"og:image\" content=\"https:\/\/authentictrees.com\/wp-content\/uploads\/2025\/03\/IMG_8621-scaled.jpg\" \/>\n\t<meta property=\"og:image:width\" content=\"2560\" \/>\n\t<meta property=\"og:image:height\" content=\"1707\" \/>\n\t<meta property=\"og:image:type\" content=\"image\/jpeg\" \/>\n<meta name=\"twitter:card\" content=\"summary_large_image\" \/>\n<meta name=\"twitter:label1\" content=\"Gesch\u00e4tzte Lesezeit\" \/>\n\t<meta name=\"twitter:data1\" content=\"2\u00a0Minuten\" \/>\n<script type=\"application\/ld+json\" class=\"yoast-schema-graph\">{\"@context\":\"https:\/\/schema.org\",\"@graph\":[{\"@type\":\"WebPage\",\"@id\":\"https:\/\/authentictrees.com\/de\/products\/schaukel\/schaukel\/\",\"url\":\"https:\/\/authentictrees.com\/de\/products\/schaukel\/schaukel\/\",\"name\":\"Holzseilschaukel - Authentic Trees\",\"isPartOf\":{\"@id\":\"https:\/\/authentictrees.com\/de\/#website\"},\"primaryImageOfPage\":{\"@id\":\"https:\/\/authentictrees.com\/de\/products\/schaukel\/schaukel\/#primaryimage\"},\"image\":{\"@id\":\"https:\/\/authentictrees.com\/de\/products\/schaukel\/schaukel\/#primaryimage\"},\"thumbnailUrl\":\"https:\/\/authentictrees.com\/wp-content\/uploads\/2025\/03\/IMG_8621-scaled.jpg\",\"datePublished\":\"2025-03-05T10:14:51+00:00\",\"dateModified\":\"2025-10-31T12:55:18+00:00\",\"description\":\"Hochwertige handgefertigte Holzseilschaukeln aus kammergetrockneter Eiche \u2013 robust, langlebig und wetterfest f\u00fcr den Einsatz drinnen und drau\u00dfen.\",\"breadcrumb\":{\"@id\":\"https:\/\/authentictrees.com\/de\/products\/schaukel\/schaukel\/#breadcrumb\"},\"inLanguage\":\"de\",\"potentialAction\":[{\"@type\":\"ReadAction\",\"target\":[\"https:\/\/authentictrees.com\/de\/products\/schaukel\/schaukel\/\"]}]},{\"@type\":\"ImageObject\",\"inLanguage\":\"de\",\"@id\":\"https:\/\/authentictrees.com\/de\/products\/schaukel\/schaukel\/#primaryimage\",\"url\":\"https:\/\/authentictrees.com\/wp-content\/uploads\/2025\/03\/IMG_8621-scaled.jpg\",\"contentUrl\":\"https:\/\/authentictrees.com\/wp-content\/uploads\/2025\/03\/IMG_8621-scaled.jpg\",\"width\":2560,\"height\":1707},{\"@type\":\"BreadcrumbList\",\"@id\":\"https:\/\/authentictrees.com\/de\/products\/schaukel\/schaukel\/#breadcrumb\",\"itemListElement\":[{\"@type\":\"ListItem\",\"position\":1,\"name\":\"Home\",\"item\":\"https:\/\/authentictrees.com\/de\/\"},{\"@type\":\"ListItem\",\"position\":2,\"name\":\"Shop\",\"item\":\"https:\/\/authentictrees.com\/de\/shop\/\"},{\"@type\":\"ListItem\",\"position\":3,\"name\":\"Holzseilschaukel\"}]},{\"@type\":\"WebSite\",\"@id\":\"https:\/\/authentictrees.com\/de\/#website\",\"url\":\"https:\/\/authentictrees.com\/de\/\",\"name\":\"Authentictrees.com\",\"description\":\"Boutique carpentry\",\"potentialAction\":[{\"@type\":\"SearchAction\",\"target\":{\"@type\":\"EntryPoint\",\"urlTemplate\":\"https:\/\/authentictrees.com\/de\/?s={search_term_string}\"},\"query-input\":{\"@type\":\"PropertyValueSpecification\",\"valueRequired\":true,\"valueName\":\"search_term_string\"}}],\"inLanguage\":\"de\"}]}<\/script>\n<!-- \/ Yoast SEO plugin. -->","yoast_head_json":{"title":"Holzseilschaukel - Authentic Trees","description":"Hochwertige handgefertigte Holzseilschaukeln aus kammergetrockneter Eiche \u2013 robust, langlebig und wetterfest f\u00fcr den Einsatz drinnen und drau\u00dfen.","robots":{"index":"index","follow":"follow","max-snippet":"max-snippet:-1","max-image-preview":"max-image-preview:large","max-video-preview":"max-video-preview:-1"},"canonical":"https:\/\/authentictrees.com\/de\/products\/schaukel\/schaukel\/","og_locale":"de_DE","og_type":"article","og_title":"Holzseilschaukel - Authentic Trees","og_description":"Hochwertige handgefertigte Holzseilschaukeln aus kammergetrockneter Eiche \u2013 robust, langlebig und wetterfest f\u00fcr den Einsatz drinnen und drau\u00dfen.","og_url":"https:\/\/authentictrees.com\/de\/products\/schaukel\/schaukel\/","og_site_name":"Authentictrees.com","article_modified_time":"2025-10-31T12:55:18+00:00","og_image":[{"width":2560,"height":1707,"url":"https:\/\/authentictrees.com\/wp-content\/uploads\/2025\/03\/IMG_8621-scaled.jpg","type":"image\/jpeg"}],"twitter_card":"summary_large_image","twitter_misc":{"Gesch\u00e4tzte Lesezeit":"2\u00a0Minuten"},"schema":{"@context":"https:\/\/schema.org","@graph":[{"@type":"WebPage","@id":"https:\/\/authentictrees.com\/de\/products\/schaukel\/schaukel\/","url":"https:\/\/authentictrees.com\/de\/products\/schaukel\/schaukel\/","name":"Holzseilschaukel - Authentic Trees","isPartOf":{"@id":"https:\/\/authentictrees.com\/de\/#website"},"primaryImageOfPage":{"@id":"https:\/\/authentictrees.com\/de\/products\/schaukel\/schaukel\/#primaryimage"},"image":{"@id":"https:\/\/authentictrees.com\/de\/products\/schaukel\/schaukel\/#primaryimage"},"thumbnailUrl":"https:\/\/authentictrees.com\/wp-content\/uploads\/2025\/03\/IMG_8621-scaled.jpg","datePublished":"2025-03-05T10:14:51+00:00","dateModified":"2025-10-31T12:55:18+00:00","description":"Hochwertige handgefertigte Holzseilschaukeln aus kammergetrockneter Eiche \u2013 robust, langlebig und wetterfest f\u00fcr den Einsatz drinnen und drau\u00dfen.","breadcrumb":{"@id":"https:\/\/authentictrees.com\/de\/products\/schaukel\/schaukel\/#breadcrumb"},"inLanguage":"de","potentialAction":[{"@type":"ReadAction","target":["https:\/\/authentictrees.com\/de\/products\/schaukel\/schaukel\/"]}]},{"@type":"ImageObject","inLanguage":"de","@id":"https:\/\/authentictrees.com\/de\/products\/schaukel\/schaukel\/#primaryimage","url":"https:\/\/authentictrees.com\/wp-content\/uploads\/2025\/03\/IMG_8621-scaled.jpg","contentUrl":"https:\/\/authentictrees.com\/wp-content\/uploads\/2025\/03\/IMG_8621-scaled.jpg","width":2560,"height":1707},{"@type":"BreadcrumbList","@id":"https:\/\/authentictrees.com\/de\/products\/schaukel\/schaukel\/#breadcrumb","itemListElement":[{"@type":"ListItem","position":1,"name":"Home","item":"https:\/\/authentictrees.com\/de\/"},{"@type":"ListItem","position":2,"name":"Shop","item":"https:\/\/authentictrees.com\/de\/shop\/"},{"@type":"ListItem","position":3,"name":"Holzseilschaukel"}]},{"@type":"WebSite","@id":"https:\/\/authentictrees.com\/de\/#website","url":"https:\/\/authentictrees.com\/de\/","name":"Authentictrees.com","description":"Boutique carpentry","potentialAction":[{"@type":"SearchAction","target":{"@type":"EntryPoint","urlTemplate":"https:\/\/authentictrees.com\/de\/?s={search_term_string}"},"query-input":{"@type":"PropertyValueSpecification","valueRequired":true,"valueName":"search_term_string"}}],"inLanguage":"de"}]}},"_links":{"self":[{"href":"https:\/\/authentictrees.com\/de\/wp-json\/wp\/v2\/product\/2109","targetHints":{"allow":["GET"]}}],"collection":[{"href":"https:\/\/authentictrees.com\/de\/wp-json\/wp\/v2\/product"}],"about":[{"href":"https:\/\/authentictrees.com\/de\/wp-json\/wp\/v2\/types\/product"}],"wp:featuredmedia":[{"embeddable":true,"href":"https:\/\/authentictrees.com\/de\/wp-json\/wp\/v2\/media\/3010"}],"wp:attachment":[{"href":"https:\/\/authentictrees.com\/de\/wp-json\/wp\/v2\/media?parent=2109"}],"wp:term":[{"taxonomy":"product_brand","embeddable":true,"href":"https:\/\/authentictrees.com\/de\/wp-json\/wp\/v2\/product_brand?post=2109"},{"taxonomy":"product_cat","embeddable":true,"href":"https:\/\/authentictrees.com\/de\/wp-json\/wp\/v2\/product_cat?post=2109"},{"taxonomy":"product_tag","embeddable":true,"href":"https:\/\/authentictrees.com\/de\/wp-json\/wp\/v2\/product_tag?post=2109"}],"curies":[{"name":"wp","href":"https:\/\/api.w.org\/{rel}","templated":true}]}}