{"id":1705,"date":"2025-03-02T16:20:58","date_gmt":"2025-03-02T14:20:58","guid":{"rendered":"https:\/\/authentictrees.ecomstrive.dev\/product\/voltx-battery\/"},"modified":"2025-03-28T10:50:15","modified_gmt":"2025-03-28T08:50:15","slug":"dielenboden","status":"publish","type":"product","link":"https:\/\/authentictrees.com\/de\/products\/dielenboden\/dielenboden\/","title":{"rendered":"Dielenb\u00f6den"},"content":{"rendered":"<div class=\"fusion-fullwidth fullwidth-box fusion-builder-row-1 fusion-flex-container nonhundred-percent-fullwidth non-hundred-percent-height-scrolling fusion-animated\" style=\"--awb-border-radius-top-left:0px;--awb-border-radius-top-right:0px;--awb-border-radius-bottom-right:0px;--awb-border-radius-bottom-left:0px;--awb-flex-wrap:wrap;\" data-animationType=\"fadeInUp\" data-animationDuration=\"1.3\" data-animationOffset=\"top-into-view\" ><div class=\"fusion-builder-row fusion-row fusion-flex-align-items-flex-start fusion-flex-content-wrap\" style=\"max-width:1248px;margin-left: calc(-4% \/ 2 );margin-right: calc(-4% \/ 2 );\"><div class=\"fusion-layout-column fusion_builder_column fusion-builder-column-0 fusion_builder_column_1_1 1_1 fusion-flex-column\" style=\"--awb-bg-blend:overlay;--awb-bg-size:cover;--awb-width-large:100%;--awb-margin-top-large:0px;--awb-spacing-right-large:1.92%;--awb-margin-bottom-large:0px;--awb-spacing-left-large:1.92%;--awb-width-medium:100%;--awb-spacing-right-medium:1.92%;--awb-spacing-left-medium:1.92%;--awb-width-small:100%;--awb-spacing-right-small:1.92%;--awb-spacing-left-small:1.92%;\"><div class=\"fusion-column-wrapper fusion-flex-justify-content-flex-start fusion-content-layout-column\"><div class=\"fusion-text fusion-text-1\"><p><strong>Eigenschaften:<\/strong><\/p>\n<ul>\n<li><strong>Hochwertige<\/strong><strong> Materialien: <\/strong>w\u00e4hlen Sie zwischen Kiefer, Fichte, Esche oder Eiche \u2013 alle technisch getrocknet auf eine kontrollierte Holzfeuchte von 8-12% f\u00fcr maximale Stabilit\u00e4t und Langlebigkeit.<\/li>\n<li><strong>Individuelle Ma\u00dfe: <\/strong>dielenbreiten von 20-50 cm, St\u00e4rken 3-4 cm, und L\u00e4ngen bis zu 3 Metern bieten Flexibilit\u00e4t f\u00fcr Ihr Design.<\/li>\n<li><strong>Traditionelle Handwerkskunst: <\/strong>jede Diele wird mit Sorgfalt handgefertigt, um die nat\u00fcrliche Maserung und den Charakter des Holzes zu bewahren und gleichzeitig eine glatte, hochwertige Oberfl\u00e4che zu gew\u00e4hrleisten.<\/li>\n<li><strong>Vielseitige Anwendungen: <\/strong>perfekt f\u00fcr gem\u00fctliche R\u00fcckzugsorte, rustikale Landh\u00e4user oder elegante Wohnr\u00e4ume \u2013 unsere Dielenb\u00f6den verleihen jedem Raum W\u00e4rme und nat\u00fcrliche Sch\u00f6nheit.<\/li>\n<\/ul>\n<p>Jede unserer Holzdielen vereint traditionelle Techniken mit moderner Pr\u00e4zision. Ob Sie eine klassische, rustikale Optik oder ein elegantes, zeitloses Ambiente bevorzugen \u2013 unsere breiten Dielenb\u00f6den schaffen eine einladende Atmosph\u00e4re und verleihen Ihrem Zuhause eine besondere Note f\u00fcr Generationen.<\/p>\n<p><strong>F\u00fcr Anfragen kontaktieren Sie uns gerne, um Ihr Projekt zu besprechen und ein individuelles Angebot zu erhalten!<\/strong><\/p>\n<p><strong>Hinweis zu den nat\u00fcrlichen Eigenschaften von Holz:<\/strong><\/p>\n<p>Obwohl wir unsere Dielen aus Holz mit sehr niedriger Restfeuchte fertigen und h\u00f6chste Qualit\u00e4t gew\u00e4hrleisten, ist Holz ein lebendiges Material mit nat\u00fcrlichen Eigenschaften. Breite Dielen k\u00f6nnen sich geringf\u00fcgig verziehen oder 1-3 mm schrumpfen. Ebenso k\u00f6nnen kleine Risse oder Verwindungen mit der Zeit entstehen. Diese nat\u00fcrlichen Ver\u00e4nderungen unterstreichen die Authentizit\u00e4t und den einzigartigen Charakter des Holzes.<\/p>\n<p>#Holzdielen #BreiteDielen #RustikalerBoden #Nat\u00fcrlicherHolzboden #HandgefertigteDielen #IndividuellesDesign #NachhaltigesWohnen #ZeitloseEleganz #Holzinterior #HochwertigeB\u00f6den<\/p>\n<\/div><\/div><\/div><\/div><\/div>\n","protected":false},"excerpt":{"rendered":"<p><strong>Nat\u00fcrliche Sch\u00f6nheit, zeitlose Eleganz<\/strong><\/p>\n<p>Wir fertigen breite Holzdielen ausschlie\u00dflich auf individuelle Anfrage an, um sicherzustellen, dass jedes Projekt genau auf Ihre Bed\u00fcrfnisse zugeschnitten ist. Die Preise beginnen bei 60 EUR\/m\u00b2 f\u00fcr Kiefer- oder Fichtendielen, 120 EUR\/m\u00b2 f\u00fcr Eschendielen und k\u00f6nnen bis zu 200 EUR\/m\u00b2 f\u00fcr hochwertige Eichendielen betragen.<\/p>\n","protected":false},"featured_media":2660,"template":"","meta":{"_acf_changed":false},"product_brand":[],"product_cat":[97],"product_tag":[],"class_list":{"0":"post-1705","1":"product","2":"type-product","3":"status-publish","4":"has-post-thumbnail","6":"product_cat-dielenboden","8":"first","9":"instock","10":"taxable","11":"shipping-taxable","12":"product-type-simple"},"acf":[],"yoast_head":"<!-- This site is optimized with the Yoast SEO plugin v26.7 - https:\/\/yoast.com\/wordpress\/plugins\/seo\/ -->\n<title>Dielenb\u00f6den - Authentic Trees<\/title>\n<meta name=\"description\" content=\"Entdecken Sie die nat\u00fcrliche Sch\u00f6nheit breiter Holzdielen, handgefertigt nach Ihren W\u00fcnschen. W\u00e4hlen Sie aus hochwertiger Kiefer, Fichte, Esche oder Eiche!\" \/>\n<meta name=\"robots\" content=\"index, follow, max-snippet:-1, max-image-preview:large, max-video-preview:-1\" \/>\n<link rel=\"canonical\" href=\"https:\/\/authentictrees.com\/de\/products\/dielenboden\/dielenboden\/\" \/>\n<meta property=\"og:locale\" content=\"de_DE\" \/>\n<meta property=\"og:type\" content=\"article\" \/>\n<meta property=\"og:title\" content=\"Dielenb\u00f6den - Authentic Trees\" \/>\n<meta property=\"og:description\" content=\"Entdecken Sie die nat\u00fcrliche Sch\u00f6nheit breiter Holzdielen, handgefertigt nach Ihren W\u00fcnschen. W\u00e4hlen Sie aus hochwertiger Kiefer, Fichte, Esche oder Eiche!\" \/>\n<meta property=\"og:url\" content=\"https:\/\/authentictrees.com\/de\/products\/dielenboden\/dielenboden\/\" \/>\n<meta property=\"og:site_name\" content=\"Authentictrees.com\" \/>\n<meta property=\"article:modified_time\" content=\"2025-03-28T08:50:15+00:00\" \/>\n<meta property=\"og:image\" content=\"https:\/\/authentictrees.com\/wp-content\/uploads\/2023\/04\/05-scaled.jpg\" \/>\n\t<meta property=\"og:image:width\" content=\"2560\" \/>\n\t<meta property=\"og:image:height\" content=\"1708\" \/>\n\t<meta property=\"og:image:type\" content=\"image\/jpeg\" \/>\n<meta name=\"twitter:card\" content=\"summary_large_image\" \/>\n<meta name=\"twitter:label1\" content=\"Gesch\u00e4tzte Lesezeit\" \/>\n\t<meta name=\"twitter:data1\" content=\"2\u00a0Minuten\" \/>\n<script type=\"application\/ld+json\" class=\"yoast-schema-graph\">{\"@context\":\"https:\/\/schema.org\",\"@graph\":[{\"@type\":\"WebPage\",\"@id\":\"https:\/\/authentictrees.com\/de\/products\/dielenboden\/dielenboden\/\",\"url\":\"https:\/\/authentictrees.com\/de\/products\/dielenboden\/dielenboden\/\",\"name\":\"Dielenb\u00f6den - Authentic Trees\",\"isPartOf\":{\"@id\":\"https:\/\/authentictrees.com\/de\/#website\"},\"primaryImageOfPage\":{\"@id\":\"https:\/\/authentictrees.com\/de\/products\/dielenboden\/dielenboden\/#primaryimage\"},\"image\":{\"@id\":\"https:\/\/authentictrees.com\/de\/products\/dielenboden\/dielenboden\/#primaryimage\"},\"thumbnailUrl\":\"https:\/\/authentictrees.com\/wp-content\/uploads\/2023\/04\/05-scaled.jpg\",\"datePublished\":\"2025-03-02T14:20:58+00:00\",\"dateModified\":\"2025-03-28T08:50:15+00:00\",\"description\":\"Entdecken Sie die nat\u00fcrliche Sch\u00f6nheit breiter Holzdielen, handgefertigt nach Ihren W\u00fcnschen. W\u00e4hlen Sie aus hochwertiger Kiefer, Fichte, Esche oder Eiche!\",\"breadcrumb\":{\"@id\":\"https:\/\/authentictrees.com\/de\/products\/dielenboden\/dielenboden\/#breadcrumb\"},\"inLanguage\":\"de\",\"potentialAction\":[{\"@type\":\"ReadAction\",\"target\":[\"https:\/\/authentictrees.com\/de\/products\/dielenboden\/dielenboden\/\"]}]},{\"@type\":\"ImageObject\",\"inLanguage\":\"de\",\"@id\":\"https:\/\/authentictrees.com\/de\/products\/dielenboden\/dielenboden\/#primaryimage\",\"url\":\"https:\/\/authentictrees.com\/wp-content\/uploads\/2023\/04\/05-scaled.jpg\",\"contentUrl\":\"https:\/\/authentictrees.com\/wp-content\/uploads\/2023\/04\/05-scaled.jpg\",\"width\":2560,\"height\":1708},{\"@type\":\"BreadcrumbList\",\"@id\":\"https:\/\/authentictrees.com\/de\/products\/dielenboden\/dielenboden\/#breadcrumb\",\"itemListElement\":[{\"@type\":\"ListItem\",\"position\":1,\"name\":\"Home\",\"item\":\"https:\/\/authentictrees.com\/de\/\"},{\"@type\":\"ListItem\",\"position\":2,\"name\":\"Shop\",\"item\":\"https:\/\/authentictrees.com\/de\/shop\/\"},{\"@type\":\"ListItem\",\"position\":3,\"name\":\"Dielenb\u00f6den\"}]},{\"@type\":\"WebSite\",\"@id\":\"https:\/\/authentictrees.com\/de\/#website\",\"url\":\"https:\/\/authentictrees.com\/de\/\",\"name\":\"Authentictrees.com\",\"description\":\"Boutique carpentry\",\"potentialAction\":[{\"@type\":\"SearchAction\",\"target\":{\"@type\":\"EntryPoint\",\"urlTemplate\":\"https:\/\/authentictrees.com\/de\/?s={search_term_string}\"},\"query-input\":{\"@type\":\"PropertyValueSpecification\",\"valueRequired\":true,\"valueName\":\"search_term_string\"}}],\"inLanguage\":\"de\"}]}<\/script>\n<!-- \/ Yoast SEO plugin. -->","yoast_head_json":{"title":"Dielenb\u00f6den - Authentic Trees","description":"Entdecken Sie die nat\u00fcrliche Sch\u00f6nheit breiter Holzdielen, handgefertigt nach Ihren W\u00fcnschen. W\u00e4hlen Sie aus hochwertiger Kiefer, Fichte, Esche oder Eiche!","robots":{"index":"index","follow":"follow","max-snippet":"max-snippet:-1","max-image-preview":"max-image-preview:large","max-video-preview":"max-video-preview:-1"},"canonical":"https:\/\/authentictrees.com\/de\/products\/dielenboden\/dielenboden\/","og_locale":"de_DE","og_type":"article","og_title":"Dielenb\u00f6den - Authentic Trees","og_description":"Entdecken Sie die nat\u00fcrliche Sch\u00f6nheit breiter Holzdielen, handgefertigt nach Ihren W\u00fcnschen. W\u00e4hlen Sie aus hochwertiger Kiefer, Fichte, Esche oder Eiche!","og_url":"https:\/\/authentictrees.com\/de\/products\/dielenboden\/dielenboden\/","og_site_name":"Authentictrees.com","article_modified_time":"2025-03-28T08:50:15+00:00","og_image":[{"width":2560,"height":1708,"url":"https:\/\/authentictrees.com\/wp-content\/uploads\/2023\/04\/05-scaled.jpg","type":"image\/jpeg"}],"twitter_card":"summary_large_image","twitter_misc":{"Gesch\u00e4tzte Lesezeit":"2\u00a0Minuten"},"schema":{"@context":"https:\/\/schema.org","@graph":[{"@type":"WebPage","@id":"https:\/\/authentictrees.com\/de\/products\/dielenboden\/dielenboden\/","url":"https:\/\/authentictrees.com\/de\/products\/dielenboden\/dielenboden\/","name":"Dielenb\u00f6den - Authentic Trees","isPartOf":{"@id":"https:\/\/authentictrees.com\/de\/#website"},"primaryImageOfPage":{"@id":"https:\/\/authentictrees.com\/de\/products\/dielenboden\/dielenboden\/#primaryimage"},"image":{"@id":"https:\/\/authentictrees.com\/de\/products\/dielenboden\/dielenboden\/#primaryimage"},"thumbnailUrl":"https:\/\/authentictrees.com\/wp-content\/uploads\/2023\/04\/05-scaled.jpg","datePublished":"2025-03-02T14:20:58+00:00","dateModified":"2025-03-28T08:50:15+00:00","description":"Entdecken Sie die nat\u00fcrliche Sch\u00f6nheit breiter Holzdielen, handgefertigt nach Ihren W\u00fcnschen. W\u00e4hlen Sie aus hochwertiger Kiefer, Fichte, Esche oder Eiche!","breadcrumb":{"@id":"https:\/\/authentictrees.com\/de\/products\/dielenboden\/dielenboden\/#breadcrumb"},"inLanguage":"de","potentialAction":[{"@type":"ReadAction","target":["https:\/\/authentictrees.com\/de\/products\/dielenboden\/dielenboden\/"]}]},{"@type":"ImageObject","inLanguage":"de","@id":"https:\/\/authentictrees.com\/de\/products\/dielenboden\/dielenboden\/#primaryimage","url":"https:\/\/authentictrees.com\/wp-content\/uploads\/2023\/04\/05-scaled.jpg","contentUrl":"https:\/\/authentictrees.com\/wp-content\/uploads\/2023\/04\/05-scaled.jpg","width":2560,"height":1708},{"@type":"BreadcrumbList","@id":"https:\/\/authentictrees.com\/de\/products\/dielenboden\/dielenboden\/#breadcrumb","itemListElement":[{"@type":"ListItem","position":1,"name":"Home","item":"https:\/\/authentictrees.com\/de\/"},{"@type":"ListItem","position":2,"name":"Shop","item":"https:\/\/authentictrees.com\/de\/shop\/"},{"@type":"ListItem","position":3,"name":"Dielenb\u00f6den"}]},{"@type":"WebSite","@id":"https:\/\/authentictrees.com\/de\/#website","url":"https:\/\/authentictrees.com\/de\/","name":"Authentictrees.com","description":"Boutique carpentry","potentialAction":[{"@type":"SearchAction","target":{"@type":"EntryPoint","urlTemplate":"https:\/\/authentictrees.com\/de\/?s={search_term_string}"},"query-input":{"@type":"PropertyValueSpecification","valueRequired":true,"valueName":"search_term_string"}}],"inLanguage":"de"}]}},"_links":{"self":[{"href":"https:\/\/authentictrees.com\/de\/wp-json\/wp\/v2\/product\/1705","targetHints":{"allow":["GET"]}}],"collection":[{"href":"https:\/\/authentictrees.com\/de\/wp-json\/wp\/v2\/product"}],"about":[{"href":"https:\/\/authentictrees.com\/de\/wp-json\/wp\/v2\/types\/product"}],"wp:featuredmedia":[{"embeddable":true,"href":"https:\/\/authentictrees.com\/de\/wp-json\/wp\/v2\/media\/2660"}],"wp:attachment":[{"href":"https:\/\/authentictrees.com\/de\/wp-json\/wp\/v2\/media?parent=1705"}],"wp:term":[{"taxonomy":"product_brand","embeddable":true,"href":"https:\/\/authentictrees.com\/de\/wp-json\/wp\/v2\/product_brand?post=1705"},{"taxonomy":"product_cat","embeddable":true,"href":"https:\/\/authentictrees.com\/de\/wp-json\/wp\/v2\/product_cat?post=1705"},{"taxonomy":"product_tag","embeddable":true,"href":"https:\/\/authentictrees.com\/de\/wp-json\/wp\/v2\/product_tag?post=1705"}],"curies":[{"name":"wp","href":"https:\/\/api.w.org\/{rel}","templated":true}]}}