{"id":1703,"date":"2025-03-01T16:59:37","date_gmt":"2025-03-01T14:59:37","guid":{"rendered":"https:\/\/authentictrees.ecomstrive.dev\/product\/odometerphasellus-consectetuer-vestibulum-elit-fusce-vulputate-eleifend-sapien-donec-mi-odio-faucibus-at-scelerisque-quis-convallis-in-nisi-maecenas-nec-odio-et-ante-tincidunt-tempus-cras-id-d\/"},"modified":"2025-03-28T10:52:18","modified_gmt":"2025-03-28T08:52:18","slug":"hauser","status":"publish","type":"product","link":"https:\/\/authentictrees.com\/de\/products\/hauser\/hauser\/","title":{"rendered":"Holzrahmenbau und Blockh\u00e4user"},"content":{"rendered":"<div class=\"fusion-fullwidth fullwidth-box fusion-builder-row-1 fusion-flex-container nonhundred-percent-fullwidth non-hundred-percent-height-scrolling fusion-animated\" style=\"--awb-border-radius-top-left:0px;--awb-border-radius-top-right:0px;--awb-border-radius-bottom-right:0px;--awb-border-radius-bottom-left:0px;--awb-flex-wrap:wrap;\" data-animationType=\"fadeInUp\" data-animationDuration=\"1.3\" data-animationOffset=\"top-into-view\" ><div class=\"fusion-builder-row fusion-row fusion-flex-align-items-flex-start fusion-flex-content-wrap\" style=\"max-width:1248px;margin-left: calc(-4% \/ 2 );margin-right: calc(-4% \/ 2 );\"><div class=\"fusion-layout-column fusion_builder_column fusion-builder-column-0 fusion_builder_column_1_1 1_1 fusion-flex-column\" style=\"--awb-bg-blend:overlay;--awb-bg-size:cover;--awb-width-large:100%;--awb-margin-top-large:0px;--awb-spacing-right-large:1.92%;--awb-margin-bottom-large:0px;--awb-spacing-left-large:1.92%;--awb-width-medium:100%;--awb-spacing-right-medium:1.92%;--awb-spacing-left-medium:1.92%;--awb-width-small:100%;--awb-spacing-right-small:1.92%;--awb-spacing-left-small:1.92%;\"><div class=\"fusion-column-wrapper fusion-flex-justify-content-flex-start fusion-content-layout-column\"><div class=\"fusion-text fusion-text-1\"><p><strong>Eigenschaften:<\/strong><\/p>\n<ul>\n<li><strong>Hochwertige<\/strong><strong> Materialien: <\/strong>gefertigt aus nat\u00fcrlich getrockneten und begradigten Kiefern- oder Fichtenbalken und -st\u00e4mmen, die f\u00fcr ihre Stabilit\u00e4t, Langlebigkeit und zeitlose Optik gesch\u00e4tzt werden.<\/li>\n<li><strong>Traditionelle Handwerkskunst: <\/strong>alle Balken und St\u00e4mme werden von Hand mit bew\u00e4hrten Techniken bearbeitet, was eine hohe strukturelle Stabilit\u00e4t und eine \u00e4sthetisch ansprechende Optik gew\u00e4hrleistet.<\/li>\n<li><strong>Pr\u00e4zise Verarbeitung: <\/strong>die Holzelemente werden mit speziellen Handwerkzeugen veredelt, sodass eine glatte Oberfl\u00e4che entsteht, die die nat\u00fcrliche Sch\u00f6nheit des Holzes betont.<\/li>\n<li><strong>Rundum-Service: <\/strong>vom ersten Zuschnitt in unserer Werkstatt bis zur Lieferung und Montage vor Ort begleiten wir Sie durch den gesamten Bauprozess. Auf Wunsch bieten wir auch eine schl\u00fcsselfertige Fertigstellung an.<\/li>\n<\/ul>\n<p>Jedes unserer Holzrahmenh\u00e4user und Blockh\u00e4user vereint traditionelle Handwerkskunst mit moderner Pr\u00e4zision. Ob als gem\u00fctliches Ferienhaus, nachhaltiges Familienheim oder rustikale Erg\u00e4nzung f\u00fcr Ihr Grundst\u00fcck \u2013 wir setzen Ihre Vorstellungen in eine langlebige und stilvolle Bauweise um.<\/p>\n<p><strong>Kontaktieren Sie uns, um Ihr Projekt zu besprechen und ein individuelles Angebot zu erhalten.<\/strong><\/p>\n<p>#Holzrahmenbau #Blockhaus #HandgefertigteH\u00e4user #RustikalesWohnen #IndividuellesDesign #TraditionellesHandwerk #NachhaltigesBauen #Holzbau<\/p>\n<\/div><\/div><\/div><\/div><\/div>\n","protected":false},"excerpt":{"rendered":"<p><strong>Perfektion in Handarbeit, gebaut f\u00fcr die Ewigkeit<\/strong><\/p>\n<p>Wir fertigen ma\u00dfgeschneiderte Holzrahmenkonstruktionen und Blockh\u00e4user, die exakt auf Ihre W\u00fcnsche abgestimmt sind. Die Preise liegen je nach Komplexit\u00e4t und Materialauswahl zwischen 200-300 EUR pro m\u00b2 f\u00fcr Holzrahmenbauten und 500-700 EUR pro m\u00b2 f\u00fcr Blockh\u00e4user. Diese Kosten beinhalten den Bau der W\u00e4nde sowie des Dachs mit Sparren \u2013 den restlichen Ausbau k\u00f6nnen Sie individuell gestalten.<\/p>\n","protected":false},"featured_media":2557,"template":"","meta":{"_acf_changed":false},"product_brand":[],"product_cat":[87],"product_tag":[],"class_list":{"0":"post-1703","1":"product","2":"type-product","3":"status-publish","4":"has-post-thumbnail","6":"product_cat-hauser","8":"first","9":"instock","10":"taxable","11":"shipping-taxable","12":"product-type-simple"},"acf":[],"yoast_head":"<!-- This site is optimized with the Yoast SEO plugin v26.7 - https:\/\/yoast.com\/wordpress\/plugins\/seo\/ -->\n<title>Holzrahmenbau und Blockh\u00e4user - Authentic Trees<\/title>\n<meta name=\"description\" content=\"Fachwerkh\u00e4user und Blockh\u00e4user: Unsere H\u00e4user werden mit traditionellem Handwerk gefertigt und bieten zeitlose Sch\u00f6nheit und Langlebigkeit.\" \/>\n<meta name=\"robots\" content=\"index, follow, max-snippet:-1, max-image-preview:large, max-video-preview:-1\" \/>\n<link rel=\"canonical\" href=\"https:\/\/authentictrees.com\/de\/products\/hauser\/hauser\/\" \/>\n<meta property=\"og:locale\" content=\"de_DE\" \/>\n<meta property=\"og:type\" content=\"article\" \/>\n<meta property=\"og:title\" content=\"Holzrahmenbau und Blockh\u00e4user - Authentic Trees\" \/>\n<meta property=\"og:description\" content=\"Fachwerkh\u00e4user und Blockh\u00e4user: Unsere H\u00e4user werden mit traditionellem Handwerk gefertigt und bieten zeitlose Sch\u00f6nheit und Langlebigkeit.\" \/>\n<meta property=\"og:url\" content=\"https:\/\/authentictrees.com\/de\/products\/hauser\/hauser\/\" \/>\n<meta property=\"og:site_name\" content=\"Authentictrees.com\" \/>\n<meta property=\"article:modified_time\" content=\"2025-03-28T08:52:18+00:00\" \/>\n<meta property=\"og:image\" content=\"https:\/\/authentictrees.com\/wp-content\/uploads\/2024\/12\/3.jpeg\" \/>\n\t<meta property=\"og:image:width\" content=\"2048\" \/>\n\t<meta property=\"og:image:height\" content=\"1536\" \/>\n\t<meta property=\"og:image:type\" content=\"image\/jpeg\" \/>\n<meta name=\"twitter:card\" content=\"summary_large_image\" \/>\n<meta name=\"twitter:label1\" content=\"Gesch\u00e4tzte Lesezeit\" \/>\n\t<meta name=\"twitter:data1\" content=\"1\u00a0Minute\" \/>\n<script type=\"application\/ld+json\" class=\"yoast-schema-graph\">{\"@context\":\"https:\/\/schema.org\",\"@graph\":[{\"@type\":\"WebPage\",\"@id\":\"https:\/\/authentictrees.com\/de\/products\/hauser\/hauser\/\",\"url\":\"https:\/\/authentictrees.com\/de\/products\/hauser\/hauser\/\",\"name\":\"Holzrahmenbau und Blockh\u00e4user - Authentic Trees\",\"isPartOf\":{\"@id\":\"https:\/\/authentictrees.com\/de\/#website\"},\"primaryImageOfPage\":{\"@id\":\"https:\/\/authentictrees.com\/de\/products\/hauser\/hauser\/#primaryimage\"},\"image\":{\"@id\":\"https:\/\/authentictrees.com\/de\/products\/hauser\/hauser\/#primaryimage\"},\"thumbnailUrl\":\"https:\/\/authentictrees.com\/wp-content\/uploads\/2024\/12\/3.jpeg\",\"datePublished\":\"2025-03-01T14:59:37+00:00\",\"dateModified\":\"2025-03-28T08:52:18+00:00\",\"description\":\"Fachwerkh\u00e4user und Blockh\u00e4user: Unsere H\u00e4user werden mit traditionellem Handwerk gefertigt und bieten zeitlose Sch\u00f6nheit und Langlebigkeit.\",\"breadcrumb\":{\"@id\":\"https:\/\/authentictrees.com\/de\/products\/hauser\/hauser\/#breadcrumb\"},\"inLanguage\":\"de\",\"potentialAction\":[{\"@type\":\"ReadAction\",\"target\":[\"https:\/\/authentictrees.com\/de\/products\/hauser\/hauser\/\"]}]},{\"@type\":\"ImageObject\",\"inLanguage\":\"de\",\"@id\":\"https:\/\/authentictrees.com\/de\/products\/hauser\/hauser\/#primaryimage\",\"url\":\"https:\/\/authentictrees.com\/wp-content\/uploads\/2024\/12\/3.jpeg\",\"contentUrl\":\"https:\/\/authentictrees.com\/wp-content\/uploads\/2024\/12\/3.jpeg\",\"width\":2048,\"height\":1536},{\"@type\":\"BreadcrumbList\",\"@id\":\"https:\/\/authentictrees.com\/de\/products\/hauser\/hauser\/#breadcrumb\",\"itemListElement\":[{\"@type\":\"ListItem\",\"position\":1,\"name\":\"Home\",\"item\":\"https:\/\/authentictrees.com\/de\/\"},{\"@type\":\"ListItem\",\"position\":2,\"name\":\"Shop\",\"item\":\"https:\/\/authentictrees.com\/de\/shop\/\"},{\"@type\":\"ListItem\",\"position\":3,\"name\":\"Holzrahmenbau und Blockh\u00e4user\"}]},{\"@type\":\"WebSite\",\"@id\":\"https:\/\/authentictrees.com\/de\/#website\",\"url\":\"https:\/\/authentictrees.com\/de\/\",\"name\":\"Authentictrees.com\",\"description\":\"Boutique carpentry\",\"potentialAction\":[{\"@type\":\"SearchAction\",\"target\":{\"@type\":\"EntryPoint\",\"urlTemplate\":\"https:\/\/authentictrees.com\/de\/?s={search_term_string}\"},\"query-input\":{\"@type\":\"PropertyValueSpecification\",\"valueRequired\":true,\"valueName\":\"search_term_string\"}}],\"inLanguage\":\"de\"}]}<\/script>\n<!-- \/ Yoast SEO plugin. -->","yoast_head_json":{"title":"Holzrahmenbau und Blockh\u00e4user - Authentic Trees","description":"Fachwerkh\u00e4user und Blockh\u00e4user: Unsere H\u00e4user werden mit traditionellem Handwerk gefertigt und bieten zeitlose Sch\u00f6nheit und Langlebigkeit.","robots":{"index":"index","follow":"follow","max-snippet":"max-snippet:-1","max-image-preview":"max-image-preview:large","max-video-preview":"max-video-preview:-1"},"canonical":"https:\/\/authentictrees.com\/de\/products\/hauser\/hauser\/","og_locale":"de_DE","og_type":"article","og_title":"Holzrahmenbau und Blockh\u00e4user - Authentic Trees","og_description":"Fachwerkh\u00e4user und Blockh\u00e4user: Unsere H\u00e4user werden mit traditionellem Handwerk gefertigt und bieten zeitlose Sch\u00f6nheit und Langlebigkeit.","og_url":"https:\/\/authentictrees.com\/de\/products\/hauser\/hauser\/","og_site_name":"Authentictrees.com","article_modified_time":"2025-03-28T08:52:18+00:00","og_image":[{"width":2048,"height":1536,"url":"https:\/\/authentictrees.com\/wp-content\/uploads\/2024\/12\/3.jpeg","type":"image\/jpeg"}],"twitter_card":"summary_large_image","twitter_misc":{"Gesch\u00e4tzte Lesezeit":"1\u00a0Minute"},"schema":{"@context":"https:\/\/schema.org","@graph":[{"@type":"WebPage","@id":"https:\/\/authentictrees.com\/de\/products\/hauser\/hauser\/","url":"https:\/\/authentictrees.com\/de\/products\/hauser\/hauser\/","name":"Holzrahmenbau und Blockh\u00e4user - Authentic Trees","isPartOf":{"@id":"https:\/\/authentictrees.com\/de\/#website"},"primaryImageOfPage":{"@id":"https:\/\/authentictrees.com\/de\/products\/hauser\/hauser\/#primaryimage"},"image":{"@id":"https:\/\/authentictrees.com\/de\/products\/hauser\/hauser\/#primaryimage"},"thumbnailUrl":"https:\/\/authentictrees.com\/wp-content\/uploads\/2024\/12\/3.jpeg","datePublished":"2025-03-01T14:59:37+00:00","dateModified":"2025-03-28T08:52:18+00:00","description":"Fachwerkh\u00e4user und Blockh\u00e4user: Unsere H\u00e4user werden mit traditionellem Handwerk gefertigt und bieten zeitlose Sch\u00f6nheit und Langlebigkeit.","breadcrumb":{"@id":"https:\/\/authentictrees.com\/de\/products\/hauser\/hauser\/#breadcrumb"},"inLanguage":"de","potentialAction":[{"@type":"ReadAction","target":["https:\/\/authentictrees.com\/de\/products\/hauser\/hauser\/"]}]},{"@type":"ImageObject","inLanguage":"de","@id":"https:\/\/authentictrees.com\/de\/products\/hauser\/hauser\/#primaryimage","url":"https:\/\/authentictrees.com\/wp-content\/uploads\/2024\/12\/3.jpeg","contentUrl":"https:\/\/authentictrees.com\/wp-content\/uploads\/2024\/12\/3.jpeg","width":2048,"height":1536},{"@type":"BreadcrumbList","@id":"https:\/\/authentictrees.com\/de\/products\/hauser\/hauser\/#breadcrumb","itemListElement":[{"@type":"ListItem","position":1,"name":"Home","item":"https:\/\/authentictrees.com\/de\/"},{"@type":"ListItem","position":2,"name":"Shop","item":"https:\/\/authentictrees.com\/de\/shop\/"},{"@type":"ListItem","position":3,"name":"Holzrahmenbau und Blockh\u00e4user"}]},{"@type":"WebSite","@id":"https:\/\/authentictrees.com\/de\/#website","url":"https:\/\/authentictrees.com\/de\/","name":"Authentictrees.com","description":"Boutique carpentry","potentialAction":[{"@type":"SearchAction","target":{"@type":"EntryPoint","urlTemplate":"https:\/\/authentictrees.com\/de\/?s={search_term_string}"},"query-input":{"@type":"PropertyValueSpecification","valueRequired":true,"valueName":"search_term_string"}}],"inLanguage":"de"}]}},"_links":{"self":[{"href":"https:\/\/authentictrees.com\/de\/wp-json\/wp\/v2\/product\/1703","targetHints":{"allow":["GET"]}}],"collection":[{"href":"https:\/\/authentictrees.com\/de\/wp-json\/wp\/v2\/product"}],"about":[{"href":"https:\/\/authentictrees.com\/de\/wp-json\/wp\/v2\/types\/product"}],"wp:featuredmedia":[{"embeddable":true,"href":"https:\/\/authentictrees.com\/de\/wp-json\/wp\/v2\/media\/2557"}],"wp:attachment":[{"href":"https:\/\/authentictrees.com\/de\/wp-json\/wp\/v2\/media?parent=1703"}],"wp:term":[{"taxonomy":"product_brand","embeddable":true,"href":"https:\/\/authentictrees.com\/de\/wp-json\/wp\/v2\/product_brand?post=1703"},{"taxonomy":"product_cat","embeddable":true,"href":"https:\/\/authentictrees.com\/de\/wp-json\/wp\/v2\/product_cat?post=1703"},{"taxonomy":"product_tag","embeddable":true,"href":"https:\/\/authentictrees.com\/de\/wp-json\/wp\/v2\/product_tag?post=1703"}],"curies":[{"name":"wp","href":"https:\/\/api.w.org\/{rel}","templated":true}]}}