{"id":1699,"date":"2025-03-03T17:54:39","date_gmt":"2025-03-03T15:54:39","guid":{"rendered":"https:\/\/authentictrees.ecomstrive.dev\/product\/lumina-bike-lamp\/"},"modified":"2025-03-28T10:48:00","modified_gmt":"2025-03-28T08:48:00","slug":"spieplatz","status":"publish","type":"product","link":"https:\/\/authentictrees.com\/de\/products\/spielplatz\/spieplatz\/","title":{"rendered":"Spielplatz mit Schaukeln"},"content":{"rendered":"<div class=\"fusion-fullwidth fullwidth-box fusion-builder-row-1 fusion-flex-container nonhundred-percent-fullwidth non-hundred-percent-height-scrolling fusion-animated\" style=\"--awb-border-radius-top-left:0px;--awb-border-radius-top-right:0px;--awb-border-radius-bottom-right:0px;--awb-border-radius-bottom-left:0px;--awb-flex-wrap:wrap;\" data-animationType=\"fadeInUp\" data-animationDuration=\"1.3\" data-animationOffset=\"top-into-view\" ><div class=\"fusion-builder-row fusion-row fusion-flex-align-items-flex-start fusion-flex-content-wrap\" style=\"max-width:1248px;margin-left: calc(-4% \/ 2 );margin-right: calc(-4% \/ 2 );\"><div class=\"fusion-layout-column fusion_builder_column fusion-builder-column-0 fusion_builder_column_1_1 1_1 fusion-flex-column\" style=\"--awb-bg-blend:overlay;--awb-bg-size:cover;--awb-width-large:100%;--awb-margin-top-large:0px;--awb-spacing-right-large:1.92%;--awb-margin-bottom-large:0px;--awb-spacing-left-large:1.92%;--awb-width-medium:100%;--awb-spacing-right-medium:1.92%;--awb-spacing-left-medium:1.92%;--awb-width-small:100%;--awb-spacing-right-small:1.92%;--awb-spacing-left-small:1.92%;\"><div class=\"fusion-column-wrapper fusion-flex-justify-content-flex-start fusion-content-layout-column\"><div class=\"fusion-text fusion-text-1\"><p><strong>Eigenschaften:<\/strong><\/p>\n<ul>\n<li><strong>Individuelle Gr\u00f6\u00dfen:<\/strong><\/li>\n<\/ul>\n<ul>\n<li style=\"list-style-type: none;\">\n<ul>\n<li>Doppel-Schaukeln: ~2 x 2 x 4 Meter (H\u00f6he x Breite x L\u00e4nge).<\/li>\n<li>Schaukeln mit Rutsche: ~2 x 2 x 3 Meter (H\u00f6he x Breite x L\u00e4nge).<\/li>\n<li>Doppel-Schaukeln mit Rutsche: ~2 x 2 x 5 Meter (H\u00f6he x Breite x L\u00e4nge).<\/li>\n<\/ul>\n<\/li>\n<\/ul>\n<ul>\n<li><strong>Robuste<\/strong><strong> Konstruktion: <\/strong>tr\u00e4gt bis zu 300 kg und gew\u00e4hrleistet Sicherheit und Langlebigkeit f\u00fcr Kinder und Erwachsene gleicherma\u00dfen.<\/li>\n<li><strong>Farbauswahl: <\/strong>erh\u00e4ltlich in Hellbraun, Braun, Dunkelbraun, Grau, Schwarz oder einer individuellen Wunschfarbe.<\/li>\n<li><strong>Wetterfeste Oberfl\u00e4chen: <\/strong>behandelt, um ganzj\u00e4hrig allen Witterungsbedingungen standzuhalten.<\/li>\n<li><strong>Komplett-Set Optionen: <\/strong>w\u00e4hlen Sie zwischen der reinen Konstruktion oder einem vollst\u00e4ndig ausgestatteten Spielplatz mit Schaukelbrettern, Nestschaukeln und Rutsche.<\/li>\n<li><strong>Vielseitig nutzbar: <\/strong>ideal f\u00fcr G\u00e4rten, H\u00f6fe, Terrassen oder sogar Innenr\u00e4ume \u2013 vereint verspielte Freude mit rustikaler Eleganz.<\/li>\n<li><strong>Nachhaltige Materialien: <\/strong>nachhaltig gewonnenes Holz f\u00fcr eine umweltbewusste Entscheidung.<\/li>\n<\/ul>\n<p><strong>\u00a0<\/strong><\/p>\n<p><strong>Ob als gem\u00fctlicher R\u00fcckzugsort f\u00fcr entspannte Momente oder als lebendige Spielfl\u00e4che f\u00fcr Kinder \u2013 unsere Spielpl\u00e4tze und Schaukeln schaffen wertvolle Erinnerungen f\u00fcr die ganze Familie.<\/strong><\/p>\n<p>#SpielplatzSpa\u00df #HolzSchaukeln #RustikalerSpielplatz #GartenSpielplatz #GartenSchaukel #NachhaltigerSpielplatz #HandgefertigterSpielplatz #UmweltfreundlichesHolz<\/p>\n<\/div><\/div><\/div><\/div><\/div>\n","protected":false},"excerpt":{"rendered":"<p><strong>Zeitloser Spa\u00df f\u00fcr Ihren Garten<\/strong><\/p>\n<p>Bringen Sie Freude und rustikalen Charme in Ihren Au\u00dfenbereich mit unseren handgefertigten Spielpl\u00e4tzen und Schaukeln. Gefertigt aus hochwertiger Kiefer oder Fichte mit stabilen 140&#215;140 mm Balken, bieten unsere Spielpl\u00e4tze vielseitige Konfigurationsm\u00f6glichkeiten: Doppel-Schaukeln, Schaukeln mit Rutsche oder Doppel-Schaukeln mit Rutsche. W\u00e4hlen Sie zwischen klassischen Schaukelbrettern, runden Nestschaukeln oder gem\u00fctlichen Schaukelst\u00fchlen f\u00fcr endlosen Spielspa\u00df. Diese langlebigen Schaukeln zaubern \u00fcber Jahre hinweg ein L\u00e4cheln ins Gesicht.<\/p>\n","protected":false},"featured_media":3034,"template":"","meta":{"_acf_changed":false},"product_brand":[],"product_cat":[130],"product_tag":[],"class_list":{"0":"post-1699","1":"product","2":"type-product","3":"status-publish","4":"has-post-thumbnail","6":"product_cat-spielplatz","8":"first","9":"instock","10":"taxable","11":"shipping-taxable","12":"product-type-simple"},"acf":[],"yoast_head":"<!-- This site is optimized with the Yoast SEO plugin v26.7 - https:\/\/yoast.com\/wordpress\/plugins\/seo\/ -->\n<title>Spielplatz mit Schaukeln - Authentic Trees<\/title>\n<meta name=\"description\" content=\"Schaffen Sie zeitlose Freude in Ihrem Garten mit unseren Holzspielpl\u00e4tzen und Schaukeln. Aus langlebiger Kiefer gefertigt und robust!\" \/>\n<meta name=\"robots\" content=\"index, follow, max-snippet:-1, max-image-preview:large, max-video-preview:-1\" \/>\n<link rel=\"canonical\" href=\"https:\/\/authentictrees.com\/de\/products\/spielplatz\/spieplatz\/\" \/>\n<meta property=\"og:locale\" content=\"de_DE\" \/>\n<meta property=\"og:type\" content=\"article\" \/>\n<meta property=\"og:title\" content=\"Spielplatz mit Schaukeln - Authentic Trees\" \/>\n<meta property=\"og:description\" content=\"Schaffen Sie zeitlose Freude in Ihrem Garten mit unseren Holzspielpl\u00e4tzen und Schaukeln. Aus langlebiger Kiefer gefertigt und robust!\" \/>\n<meta property=\"og:url\" content=\"https:\/\/authentictrees.com\/de\/products\/spielplatz\/spieplatz\/\" \/>\n<meta property=\"og:site_name\" content=\"Authentictrees.com\" \/>\n<meta property=\"article:modified_time\" content=\"2025-03-28T08:48:00+00:00\" \/>\n<meta property=\"og:image\" content=\"https:\/\/authentictrees.com\/wp-content\/uploads\/2025\/03\/IMG_8650-scaled.jpg\" \/>\n\t<meta property=\"og:image:width\" content=\"2560\" \/>\n\t<meta property=\"og:image:height\" content=\"1707\" \/>\n\t<meta property=\"og:image:type\" content=\"image\/jpeg\" \/>\n<meta name=\"twitter:card\" content=\"summary_large_image\" \/>\n<meta name=\"twitter:label1\" content=\"Gesch\u00e4tzte Lesezeit\" \/>\n\t<meta name=\"twitter:data1\" content=\"1\u00a0Minute\" \/>\n<script type=\"application\/ld+json\" class=\"yoast-schema-graph\">{\"@context\":\"https:\/\/schema.org\",\"@graph\":[{\"@type\":\"WebPage\",\"@id\":\"https:\/\/authentictrees.com\/de\/products\/spielplatz\/spieplatz\/\",\"url\":\"https:\/\/authentictrees.com\/de\/products\/spielplatz\/spieplatz\/\",\"name\":\"Spielplatz mit Schaukeln - Authentic Trees\",\"isPartOf\":{\"@id\":\"https:\/\/authentictrees.com\/de\/#website\"},\"primaryImageOfPage\":{\"@id\":\"https:\/\/authentictrees.com\/de\/products\/spielplatz\/spieplatz\/#primaryimage\"},\"image\":{\"@id\":\"https:\/\/authentictrees.com\/de\/products\/spielplatz\/spieplatz\/#primaryimage\"},\"thumbnailUrl\":\"https:\/\/authentictrees.com\/wp-content\/uploads\/2025\/03\/IMG_8650-scaled.jpg\",\"datePublished\":\"2025-03-03T15:54:39+00:00\",\"dateModified\":\"2025-03-28T08:48:00+00:00\",\"description\":\"Schaffen Sie zeitlose Freude in Ihrem Garten mit unseren Holzspielpl\u00e4tzen und Schaukeln. Aus langlebiger Kiefer gefertigt und robust!\",\"breadcrumb\":{\"@id\":\"https:\/\/authentictrees.com\/de\/products\/spielplatz\/spieplatz\/#breadcrumb\"},\"inLanguage\":\"de\",\"potentialAction\":[{\"@type\":\"ReadAction\",\"target\":[\"https:\/\/authentictrees.com\/de\/products\/spielplatz\/spieplatz\/\"]}]},{\"@type\":\"ImageObject\",\"inLanguage\":\"de\",\"@id\":\"https:\/\/authentictrees.com\/de\/products\/spielplatz\/spieplatz\/#primaryimage\",\"url\":\"https:\/\/authentictrees.com\/wp-content\/uploads\/2025\/03\/IMG_8650-scaled.jpg\",\"contentUrl\":\"https:\/\/authentictrees.com\/wp-content\/uploads\/2025\/03\/IMG_8650-scaled.jpg\",\"width\":2560,\"height\":1707},{\"@type\":\"BreadcrumbList\",\"@id\":\"https:\/\/authentictrees.com\/de\/products\/spielplatz\/spieplatz\/#breadcrumb\",\"itemListElement\":[{\"@type\":\"ListItem\",\"position\":1,\"name\":\"Home\",\"item\":\"https:\/\/authentictrees.com\/de\/\"},{\"@type\":\"ListItem\",\"position\":2,\"name\":\"Shop\",\"item\":\"https:\/\/authentictrees.com\/de\/shop\/\"},{\"@type\":\"ListItem\",\"position\":3,\"name\":\"Spielplatz mit Schaukeln\"}]},{\"@type\":\"WebSite\",\"@id\":\"https:\/\/authentictrees.com\/de\/#website\",\"url\":\"https:\/\/authentictrees.com\/de\/\",\"name\":\"Authentictrees.com\",\"description\":\"Boutique carpentry\",\"potentialAction\":[{\"@type\":\"SearchAction\",\"target\":{\"@type\":\"EntryPoint\",\"urlTemplate\":\"https:\/\/authentictrees.com\/de\/?s={search_term_string}\"},\"query-input\":{\"@type\":\"PropertyValueSpecification\",\"valueRequired\":true,\"valueName\":\"search_term_string\"}}],\"inLanguage\":\"de\"}]}<\/script>\n<!-- \/ Yoast SEO plugin. -->","yoast_head_json":{"title":"Spielplatz mit Schaukeln - Authentic Trees","description":"Schaffen Sie zeitlose Freude in Ihrem Garten mit unseren Holzspielpl\u00e4tzen und Schaukeln. Aus langlebiger Kiefer gefertigt und robust!","robots":{"index":"index","follow":"follow","max-snippet":"max-snippet:-1","max-image-preview":"max-image-preview:large","max-video-preview":"max-video-preview:-1"},"canonical":"https:\/\/authentictrees.com\/de\/products\/spielplatz\/spieplatz\/","og_locale":"de_DE","og_type":"article","og_title":"Spielplatz mit Schaukeln - Authentic Trees","og_description":"Schaffen Sie zeitlose Freude in Ihrem Garten mit unseren Holzspielpl\u00e4tzen und Schaukeln. Aus langlebiger Kiefer gefertigt und robust!","og_url":"https:\/\/authentictrees.com\/de\/products\/spielplatz\/spieplatz\/","og_site_name":"Authentictrees.com","article_modified_time":"2025-03-28T08:48:00+00:00","og_image":[{"width":2560,"height":1707,"url":"https:\/\/authentictrees.com\/wp-content\/uploads\/2025\/03\/IMG_8650-scaled.jpg","type":"image\/jpeg"}],"twitter_card":"summary_large_image","twitter_misc":{"Gesch\u00e4tzte Lesezeit":"1\u00a0Minute"},"schema":{"@context":"https:\/\/schema.org","@graph":[{"@type":"WebPage","@id":"https:\/\/authentictrees.com\/de\/products\/spielplatz\/spieplatz\/","url":"https:\/\/authentictrees.com\/de\/products\/spielplatz\/spieplatz\/","name":"Spielplatz mit Schaukeln - Authentic Trees","isPartOf":{"@id":"https:\/\/authentictrees.com\/de\/#website"},"primaryImageOfPage":{"@id":"https:\/\/authentictrees.com\/de\/products\/spielplatz\/spieplatz\/#primaryimage"},"image":{"@id":"https:\/\/authentictrees.com\/de\/products\/spielplatz\/spieplatz\/#primaryimage"},"thumbnailUrl":"https:\/\/authentictrees.com\/wp-content\/uploads\/2025\/03\/IMG_8650-scaled.jpg","datePublished":"2025-03-03T15:54:39+00:00","dateModified":"2025-03-28T08:48:00+00:00","description":"Schaffen Sie zeitlose Freude in Ihrem Garten mit unseren Holzspielpl\u00e4tzen und Schaukeln. Aus langlebiger Kiefer gefertigt und robust!","breadcrumb":{"@id":"https:\/\/authentictrees.com\/de\/products\/spielplatz\/spieplatz\/#breadcrumb"},"inLanguage":"de","potentialAction":[{"@type":"ReadAction","target":["https:\/\/authentictrees.com\/de\/products\/spielplatz\/spieplatz\/"]}]},{"@type":"ImageObject","inLanguage":"de","@id":"https:\/\/authentictrees.com\/de\/products\/spielplatz\/spieplatz\/#primaryimage","url":"https:\/\/authentictrees.com\/wp-content\/uploads\/2025\/03\/IMG_8650-scaled.jpg","contentUrl":"https:\/\/authentictrees.com\/wp-content\/uploads\/2025\/03\/IMG_8650-scaled.jpg","width":2560,"height":1707},{"@type":"BreadcrumbList","@id":"https:\/\/authentictrees.com\/de\/products\/spielplatz\/spieplatz\/#breadcrumb","itemListElement":[{"@type":"ListItem","position":1,"name":"Home","item":"https:\/\/authentictrees.com\/de\/"},{"@type":"ListItem","position":2,"name":"Shop","item":"https:\/\/authentictrees.com\/de\/shop\/"},{"@type":"ListItem","position":3,"name":"Spielplatz mit Schaukeln"}]},{"@type":"WebSite","@id":"https:\/\/authentictrees.com\/de\/#website","url":"https:\/\/authentictrees.com\/de\/","name":"Authentictrees.com","description":"Boutique carpentry","potentialAction":[{"@type":"SearchAction","target":{"@type":"EntryPoint","urlTemplate":"https:\/\/authentictrees.com\/de\/?s={search_term_string}"},"query-input":{"@type":"PropertyValueSpecification","valueRequired":true,"valueName":"search_term_string"}}],"inLanguage":"de"}]}},"_links":{"self":[{"href":"https:\/\/authentictrees.com\/de\/wp-json\/wp\/v2\/product\/1699","targetHints":{"allow":["GET"]}}],"collection":[{"href":"https:\/\/authentictrees.com\/de\/wp-json\/wp\/v2\/product"}],"about":[{"href":"https:\/\/authentictrees.com\/de\/wp-json\/wp\/v2\/types\/product"}],"wp:featuredmedia":[{"embeddable":true,"href":"https:\/\/authentictrees.com\/de\/wp-json\/wp\/v2\/media\/3034"}],"wp:attachment":[{"href":"https:\/\/authentictrees.com\/de\/wp-json\/wp\/v2\/media?parent=1699"}],"wp:term":[{"taxonomy":"product_brand","embeddable":true,"href":"https:\/\/authentictrees.com\/de\/wp-json\/wp\/v2\/product_brand?post=1699"},{"taxonomy":"product_cat","embeddable":true,"href":"https:\/\/authentictrees.com\/de\/wp-json\/wp\/v2\/product_cat?post=1699"},{"taxonomy":"product_tag","embeddable":true,"href":"https:\/\/authentictrees.com\/de\/wp-json\/wp\/v2\/product_tag?post=1699"}],"curies":[{"name":"wp","href":"https:\/\/api.w.org\/{rel}","templated":true}]}}