{"id":1697,"date":"2025-03-06T15:15:32","date_gmt":"2025-03-06T13:15:32","guid":{"rendered":"https:\/\/authentictrees.ecomstrive.dev\/product\/thunderbolt\/"},"modified":"2025-04-02T10:57:41","modified_gmt":"2025-04-02T07:57:41","slug":"wandregale","status":"publish","type":"product","link":"https:\/\/authentictrees.com\/de\/products\/wandregale\/wandregale\/","title":{"rendered":"Wandregale"},"content":{"rendered":"<div class=\"fusion-fullwidth fullwidth-box fusion-builder-row-1 fusion-flex-container nonhundred-percent-fullwidth non-hundred-percent-height-scrolling fusion-animated\" style=\"--awb-border-radius-top-left:0px;--awb-border-radius-top-right:0px;--awb-border-radius-bottom-right:0px;--awb-border-radius-bottom-left:0px;--awb-padding-right:0px;--awb-padding-left:0px;--awb-flex-wrap:wrap;\" data-animationType=\"fadeInUp\" data-animationDuration=\"1.3\" data-animationOffset=\"top-into-view\" ><div class=\"fusion-builder-row fusion-row fusion-flex-align-items-flex-start fusion-flex-content-wrap\" style=\"max-width:1248px;margin-left: calc(-4% \/ 2 );margin-right: calc(-4% \/ 2 );\"><div class=\"fusion-layout-column fusion_builder_column fusion-builder-column-0 fusion_builder_column_1_1 1_1 fusion-flex-column\" style=\"--awb-bg-blend:overlay;--awb-bg-size:cover;--awb-width-large:100%;--awb-margin-top-large:0px;--awb-spacing-right-large:1.92%;--awb-margin-bottom-large:0px;--awb-spacing-left-large:1.92%;--awb-width-medium:100%;--awb-spacing-right-medium:1.92%;--awb-spacing-left-medium:1.92%;--awb-width-small:100%;--awb-spacing-right-small:1.92%;--awb-spacing-left-small:1.92%;\"><div class=\"fusion-column-wrapper fusion-flex-justify-content-flex-start fusion-content-layout-column\"><div class=\"fusion-text fusion-text-1\"><p><strong>Eigenschaften:<\/strong><\/p>\n<ul>\n<li><strong>Drei Gr\u00f6\u00dfen:<\/strong><\/li>\n<\/ul>\n<ul>\n<li style=\"list-style-type: none;\">\n<ul>\n<li><em>Klein<\/em><em>:<\/em> 60 cm x 22 cm x 3 cm.<\/li>\n<li><em>Mittel:<\/em> 90 cm x 22 cm x 3 cm.<\/li>\n<li><em>Gro\u00df:<\/em> 120 cm x 22 cm x 3 cm.<\/li>\n<\/ul>\n<\/li>\n<\/ul>\n<p>W\u00e4hlen Sie die passende Gr\u00f6\u00dfe f\u00fcr Ihre Bed\u00fcrfnisse \u2013 ideal zur Pr\u00e4sentation von B\u00fcchern, Fotos oder Dekorationsst\u00fccken.<\/p>\n<ul>\n<li><strong>Finish<\/strong><strong>: <\/strong>jedes Regal ist ge\u00f6lt, um die nat\u00fcrlichen Holzt\u00f6ne zu betonen und eine sch\u00fctzende, elegante Oberfl\u00e4che zu schaffen.<\/li>\n<li><strong>Komplett-Set: <\/strong>enth\u00e4lt das Regal, Holzhalterungen und Montageschrauben f\u00fcr eine einfache und sichere Installation.<\/li>\n<li><strong>Einzigartiges Design: <\/strong>die nat\u00fcrliche Baumkante verleiht jedem Regal eine individuelle Optik und verbindet rustikalen Charme mit moderner Funktionalit\u00e4t.<\/li>\n<li><strong>Nachhaltige Materialien: <\/strong>nachhaltig bezogene Eiche sorgt f\u00fcr eine sch\u00f6ne und umweltfreundliche Kaufentscheidung.<\/li>\n<li><strong>Vielseitige Nutzung: <\/strong>perfekt zur Pr\u00e4sentation von B\u00fcchern, Pflanzen, Fotos oder anderen Dekorationsgegenst\u00e4nden in Wohnzimmern, Schlafzimmern, B\u00fcros oder K\u00fcchen.<\/li>\n<\/ul>\n<p><strong>Versand &amp; R\u00fcckgabe:<\/strong><\/p>\n<ul>\n<li><strong>Versand: <\/strong>bestellungen werden innerhalb von 2-3 Tagen nach Zahlungseingang versendet und erreichen Sie in der Regel innerhalb von 5-10 Tagen, abh\u00e4ngig von Ihrem Standort.<\/li>\n<li><strong>R\u00fcckgabe: <\/strong>nicht zufrieden? Senden Sie den Artikel innerhalb von 14 Tagen zur\u00fcck und erhalten Sie einen Umtausch oder eine R\u00fcckerstattung (Versandkosten sind nicht erstattungsf\u00e4hig).<\/li>\n<li><strong>Internationale K\u00e4ufer: <\/strong>importz\u00f6lle, Steuern und zus\u00e4tzliche Geb\u00fchren sind nicht im Produkt- oder Versandpreis enthalten und unterliegen der Verantwortung des K\u00e4ufers.<\/li>\n<\/ul>\n<p><strong>\u00a0<\/strong><\/p>\n<p><strong>Holen Sie sich die zeitlose Sch\u00f6nheit massiver Eiche in Ihr Zuhause \u2013 bestellen Sie noch heute Ihr rustikales Wandregal!<\/strong><\/p>\n<p>#Wandregal #B\u00fccherregal #Holzregal #Bilderregal #RustikaleDeko #Nat\u00fcrlicheHolzDeko #HandgefertigtesRegal #Baumkantenregal<\/p>\n<\/div><\/div><\/div><\/div><\/div>\n","protected":false},"excerpt":{"rendered":"<p><strong>Zeitlose Eleganz, nat\u00fcrlich gefertigt<\/strong><\/p>\n<p>Verleihen Sie Ihrem Zuhause eine nat\u00fcrliche Eleganz mit unseren handgefertigten rustikalen Wandregalen aus hochwertigem, kammergetrocknetem Nordeurop\u00e4ischem Eichenholz. Jedes Regal ist ein einzigartiges Meisterwerk, das die nat\u00fcrliche Maserung, \u00c4ste und Markierungen des Holzes bewahrt und mit einer Baumkante versehen ist, die die urspr\u00fcngliche Form des Baumes erh\u00e4lt. Diese Regale sind nicht nur funktional, sondern auch eine stilvolle M\u00f6glichkeit, die Sch\u00f6nheit der Natur in Ihre R\u00e4ume zu bringen.<\/p>\n","protected":false},"featured_media":2980,"template":"","meta":{"_acf_changed":false},"product_brand":[],"product_cat":[128],"product_tag":[],"class_list":{"0":"post-1697","1":"product","2":"type-product","3":"status-publish","4":"has-post-thumbnail","6":"product_cat-wandregale","8":"first","9":"instock","10":"taxable","11":"shipping-taxable","12":"purchasable","13":"product-type-variable"},"acf":[],"yoast_head":"<!-- This site is optimized with the Yoast SEO plugin v26.7 - https:\/\/yoast.com\/wordpress\/plugins\/seo\/ -->\n<title>Wandregale - Authentic Trees<\/title>\n<meta name=\"description\" content=\"Verleihen Sie Ihrem Raum mit einem rustikalen Wandregal aus hochwertiger Eiche eine nat\u00fcrliche Eleganz. Perfekt f\u00fcr B\u00fccher, Bilder, Dekoration!\" \/>\n<meta name=\"robots\" content=\"index, follow, max-snippet:-1, max-image-preview:large, max-video-preview:-1\" \/>\n<link rel=\"canonical\" href=\"https:\/\/authentictrees.com\/de\/products\/wandregale\/wandregale\/\" \/>\n<meta property=\"og:locale\" content=\"de_DE\" \/>\n<meta property=\"og:type\" content=\"article\" \/>\n<meta property=\"og:title\" content=\"Wandregale - Authentic Trees\" \/>\n<meta property=\"og:description\" content=\"Verleihen Sie Ihrem Raum mit einem rustikalen Wandregal aus hochwertiger Eiche eine nat\u00fcrliche Eleganz. Perfekt f\u00fcr B\u00fccher, Bilder, Dekoration!\" \/>\n<meta property=\"og:url\" content=\"https:\/\/authentictrees.com\/de\/products\/wandregale\/wandregale\/\" \/>\n<meta property=\"og:site_name\" content=\"Authentictrees.com\" \/>\n<meta property=\"article:modified_time\" content=\"2025-04-02T07:57:41+00:00\" \/>\n<meta property=\"og:image\" content=\"https:\/\/authentictrees.com\/wp-content\/uploads\/2023\/04\/IMG_8569-scaled.jpg\" \/>\n\t<meta property=\"og:image:width\" content=\"2560\" \/>\n\t<meta property=\"og:image:height\" content=\"1707\" \/>\n\t<meta property=\"og:image:type\" content=\"image\/jpeg\" \/>\n<meta name=\"twitter:card\" content=\"summary_large_image\" \/>\n<meta name=\"twitter:label1\" content=\"Gesch\u00e4tzte Lesezeit\" \/>\n\t<meta name=\"twitter:data1\" content=\"2\u00a0Minuten\" \/>\n<script type=\"application\/ld+json\" class=\"yoast-schema-graph\">{\"@context\":\"https:\/\/schema.org\",\"@graph\":[{\"@type\":\"WebPage\",\"@id\":\"https:\/\/authentictrees.com\/de\/products\/wandregale\/wandregale\/\",\"url\":\"https:\/\/authentictrees.com\/de\/products\/wandregale\/wandregale\/\",\"name\":\"Wandregale - Authentic Trees\",\"isPartOf\":{\"@id\":\"https:\/\/authentictrees.com\/de\/#website\"},\"primaryImageOfPage\":{\"@id\":\"https:\/\/authentictrees.com\/de\/products\/wandregale\/wandregale\/#primaryimage\"},\"image\":{\"@id\":\"https:\/\/authentictrees.com\/de\/products\/wandregale\/wandregale\/#primaryimage\"},\"thumbnailUrl\":\"https:\/\/authentictrees.com\/wp-content\/uploads\/2025\/03\/IMG_8631-scaled.jpg\",\"datePublished\":\"2025-03-06T13:15:32+00:00\",\"dateModified\":\"2025-04-02T07:57:41+00:00\",\"description\":\"Verleihen Sie Ihrem Raum mit einem rustikalen Wandregal aus hochwertiger Eiche eine nat\u00fcrliche Eleganz. Perfekt f\u00fcr B\u00fccher, Bilder, Dekoration!\",\"breadcrumb\":{\"@id\":\"https:\/\/authentictrees.com\/de\/products\/wandregale\/wandregale\/#breadcrumb\"},\"inLanguage\":\"de\",\"potentialAction\":[{\"@type\":\"ReadAction\",\"target\":[\"https:\/\/authentictrees.com\/de\/products\/wandregale\/wandregale\/\"]}]},{\"@type\":\"ImageObject\",\"inLanguage\":\"de\",\"@id\":\"https:\/\/authentictrees.com\/de\/products\/wandregale\/wandregale\/#primaryimage\",\"url\":\"https:\/\/authentictrees.com\/wp-content\/uploads\/2025\/03\/IMG_8631-scaled.jpg\",\"contentUrl\":\"https:\/\/authentictrees.com\/wp-content\/uploads\/2025\/03\/IMG_8631-scaled.jpg\",\"width\":2560,\"height\":1707},{\"@type\":\"BreadcrumbList\",\"@id\":\"https:\/\/authentictrees.com\/de\/products\/wandregale\/wandregale\/#breadcrumb\",\"itemListElement\":[{\"@type\":\"ListItem\",\"position\":1,\"name\":\"Home\",\"item\":\"https:\/\/authentictrees.com\/de\/\"},{\"@type\":\"ListItem\",\"position\":2,\"name\":\"Shop\",\"item\":\"https:\/\/authentictrees.com\/de\/shop\/\"},{\"@type\":\"ListItem\",\"position\":3,\"name\":\"Wandregale\"}]},{\"@type\":\"WebSite\",\"@id\":\"https:\/\/authentictrees.com\/de\/#website\",\"url\":\"https:\/\/authentictrees.com\/de\/\",\"name\":\"Authentictrees.com\",\"description\":\"Boutique carpentry\",\"potentialAction\":[{\"@type\":\"SearchAction\",\"target\":{\"@type\":\"EntryPoint\",\"urlTemplate\":\"https:\/\/authentictrees.com\/de\/?s={search_term_string}\"},\"query-input\":{\"@type\":\"PropertyValueSpecification\",\"valueRequired\":true,\"valueName\":\"search_term_string\"}}],\"inLanguage\":\"de\"}]}<\/script>\n<!-- \/ Yoast SEO plugin. -->","yoast_head_json":{"title":"Wandregale - Authentic Trees","description":"Verleihen Sie Ihrem Raum mit einem rustikalen Wandregal aus hochwertiger Eiche eine nat\u00fcrliche Eleganz. Perfekt f\u00fcr B\u00fccher, Bilder, Dekoration!","robots":{"index":"index","follow":"follow","max-snippet":"max-snippet:-1","max-image-preview":"max-image-preview:large","max-video-preview":"max-video-preview:-1"},"canonical":"https:\/\/authentictrees.com\/de\/products\/wandregale\/wandregale\/","og_locale":"de_DE","og_type":"article","og_title":"Wandregale - Authentic Trees","og_description":"Verleihen Sie Ihrem Raum mit einem rustikalen Wandregal aus hochwertiger Eiche eine nat\u00fcrliche Eleganz. Perfekt f\u00fcr B\u00fccher, Bilder, Dekoration!","og_url":"https:\/\/authentictrees.com\/de\/products\/wandregale\/wandregale\/","og_site_name":"Authentictrees.com","article_modified_time":"2025-04-02T07:57:41+00:00","og_image":[{"width":2560,"height":1707,"url":"https:\/\/authentictrees.com\/wp-content\/uploads\/2023\/04\/IMG_8569-scaled.jpg","type":"image\/jpeg"}],"twitter_card":"summary_large_image","twitter_misc":{"Gesch\u00e4tzte Lesezeit":"2\u00a0Minuten"},"schema":{"@context":"https:\/\/schema.org","@graph":[{"@type":"WebPage","@id":"https:\/\/authentictrees.com\/de\/products\/wandregale\/wandregale\/","url":"https:\/\/authentictrees.com\/de\/products\/wandregale\/wandregale\/","name":"Wandregale - Authentic Trees","isPartOf":{"@id":"https:\/\/authentictrees.com\/de\/#website"},"primaryImageOfPage":{"@id":"https:\/\/authentictrees.com\/de\/products\/wandregale\/wandregale\/#primaryimage"},"image":{"@id":"https:\/\/authentictrees.com\/de\/products\/wandregale\/wandregale\/#primaryimage"},"thumbnailUrl":"https:\/\/authentictrees.com\/wp-content\/uploads\/2025\/03\/IMG_8631-scaled.jpg","datePublished":"2025-03-06T13:15:32+00:00","dateModified":"2025-04-02T07:57:41+00:00","description":"Verleihen Sie Ihrem Raum mit einem rustikalen Wandregal aus hochwertiger Eiche eine nat\u00fcrliche Eleganz. Perfekt f\u00fcr B\u00fccher, Bilder, Dekoration!","breadcrumb":{"@id":"https:\/\/authentictrees.com\/de\/products\/wandregale\/wandregale\/#breadcrumb"},"inLanguage":"de","potentialAction":[{"@type":"ReadAction","target":["https:\/\/authentictrees.com\/de\/products\/wandregale\/wandregale\/"]}]},{"@type":"ImageObject","inLanguage":"de","@id":"https:\/\/authentictrees.com\/de\/products\/wandregale\/wandregale\/#primaryimage","url":"https:\/\/authentictrees.com\/wp-content\/uploads\/2025\/03\/IMG_8631-scaled.jpg","contentUrl":"https:\/\/authentictrees.com\/wp-content\/uploads\/2025\/03\/IMG_8631-scaled.jpg","width":2560,"height":1707},{"@type":"BreadcrumbList","@id":"https:\/\/authentictrees.com\/de\/products\/wandregale\/wandregale\/#breadcrumb","itemListElement":[{"@type":"ListItem","position":1,"name":"Home","item":"https:\/\/authentictrees.com\/de\/"},{"@type":"ListItem","position":2,"name":"Shop","item":"https:\/\/authentictrees.com\/de\/shop\/"},{"@type":"ListItem","position":3,"name":"Wandregale"}]},{"@type":"WebSite","@id":"https:\/\/authentictrees.com\/de\/#website","url":"https:\/\/authentictrees.com\/de\/","name":"Authentictrees.com","description":"Boutique carpentry","potentialAction":[{"@type":"SearchAction","target":{"@type":"EntryPoint","urlTemplate":"https:\/\/authentictrees.com\/de\/?s={search_term_string}"},"query-input":{"@type":"PropertyValueSpecification","valueRequired":true,"valueName":"search_term_string"}}],"inLanguage":"de"}]}},"_links":{"self":[{"href":"https:\/\/authentictrees.com\/de\/wp-json\/wp\/v2\/product\/1697","targetHints":{"allow":["GET"]}}],"collection":[{"href":"https:\/\/authentictrees.com\/de\/wp-json\/wp\/v2\/product"}],"about":[{"href":"https:\/\/authentictrees.com\/de\/wp-json\/wp\/v2\/types\/product"}],"wp:featuredmedia":[{"embeddable":true,"href":"https:\/\/authentictrees.com\/de\/wp-json\/wp\/v2\/media\/2980"}],"wp:attachment":[{"href":"https:\/\/authentictrees.com\/de\/wp-json\/wp\/v2\/media?parent=1697"}],"wp:term":[{"taxonomy":"product_brand","embeddable":true,"href":"https:\/\/authentictrees.com\/de\/wp-json\/wp\/v2\/product_brand?post=1697"},{"taxonomy":"product_cat","embeddable":true,"href":"https:\/\/authentictrees.com\/de\/wp-json\/wp\/v2\/product_cat?post=1697"},{"taxonomy":"product_tag","embeddable":true,"href":"https:\/\/authentictrees.com\/de\/wp-json\/wp\/v2\/product_tag?post=1697"}],"curies":[{"name":"wp","href":"https:\/\/api.w.org\/{rel}","templated":true}]}}