{"id":1669,"date":"2025-03-04T15:29:55","date_gmt":"2025-03-04T13:29:55","guid":{"rendered":"https:\/\/authentictrees.ecomstrive.dev\/product\/ecocruiser\/"},"modified":"2025-03-28T10:45:40","modified_gmt":"2025-03-28T08:45:40","slug":"kerzenhalter","status":"publish","type":"product","link":"https:\/\/authentictrees.com\/de\/products\/kerzenhalter\/kerzenhalter\/","title":{"rendered":"Kerzenhalter"},"content":{"rendered":"<div class=\"fusion-fullwidth fullwidth-box fusion-builder-row-1 fusion-flex-container nonhundred-percent-fullwidth non-hundred-percent-height-scrolling fusion-animated\" style=\"--awb-border-radius-top-left:0px;--awb-border-radius-top-right:0px;--awb-border-radius-bottom-right:0px;--awb-border-radius-bottom-left:0px;--awb-padding-right:0px;--awb-padding-left:0px;--awb-flex-wrap:wrap;\" data-animationType=\"fadeInUp\" data-animationDuration=\"1.3\" data-animationOffset=\"top-into-view\" ><div class=\"fusion-builder-row fusion-row fusion-flex-align-items-flex-start fusion-flex-content-wrap\" style=\"max-width:1248px;margin-left: calc(-4% \/ 2 );margin-right: calc(-4% \/ 2 );\"><div class=\"fusion-layout-column fusion_builder_column fusion-builder-column-0 fusion_builder_column_1_1 1_1 fusion-flex-column\" style=\"--awb-bg-blend:overlay;--awb-bg-size:cover;--awb-width-large:100%;--awb-margin-top-large:0px;--awb-spacing-right-large:1.92%;--awb-margin-bottom-large:0px;--awb-spacing-left-large:1.92%;--awb-width-medium:100%;--awb-spacing-right-medium:1.92%;--awb-spacing-left-medium:1.92%;--awb-width-small:100%;--awb-spacing-right-small:1.92%;--awb-spacing-left-small:1.92%;\"><div class=\"fusion-column-wrapper fusion-flex-justify-content-flex-start fusion-content-layout-column\"><div class=\"fusion-text fusion-text-1 fusion-text-no-margin\" style=\"--awb-margin-bottom:60px;\"><p><strong>Eigenschaften:<\/strong><\/p>\n<ul>\n<li><strong>Ma\u00dfe<\/strong><strong>: <\/strong>mit einer Gr\u00f6\u00dfe von 50 cm x 15 cm x 4 cm bieten die Halter ausreichend Platz f\u00fcr Kerzen verschiedener Gr\u00f6\u00dfen. Da jedes St\u00fcck handgefertigt ist, k\u00f6nnen leichte Abweichungen in den Ma\u00dfen auftreten \u2013 ein Zeichen f\u00fcr ihre Einzigartigkeit.<\/li>\n<li><strong>Material &amp; Finish:<\/strong>\n<ul>\n<li>Eschenholz-Halter: schwarz gebrannt und ge\u00f6lt f\u00fcr einen modernen, eleganten Look.<\/li>\n<li>Antike Halter: gefertigt aus 200 Jahre alten Blockbalken und ge\u00f6lt, um ihre nat\u00fcrliche Maserung und rustikalen Charme zu bewahren.<\/li>\n<\/ul>\n<\/li>\n<li><strong>Einzigartiges<\/strong><strong> Design: <\/strong>jeder Halter wird aus einem einzigen Holzst\u00fcck geschnitzt, wodurch die nat\u00fcrliche Maserung, \u00c4ste und Markierungen sichtbar bleiben \u2013 jedes St\u00fcck ist ein Unikat.<\/li>\n<li><strong>Umweltfreundliche Wahl: <\/strong>nachhaltig bezogene Materialien machen diesen Kerzenhalter zu einer sch\u00f6nen und bewussten Kaufentscheidung.<\/li>\n<li><strong>Vielseitige Nutzung: <\/strong>perfekt f\u00fcr Esstische, Kamine, Regale oder als durchdachtes Geschenk f\u00fcr Freunde und Familie.<\/li>\n<\/ul>\n<p><strong>Versand &amp; R\u00fcckgabe:<\/strong><\/p>\n<ul>\n<li><strong>Versand: <\/strong>bestellungen werden innerhalb von 2-3 Tagen nach Zahlungseingang versendet und erreichen Sie in der Regel innerhalb von 5-10 Tagen, abh\u00e4ngig von Ihrem Standort.<\/li>\n<li><strong>R\u00fcckgabe: <\/strong>nicht zufrieden? Senden Sie den Artikel innerhalb von 14 Tagen zur\u00fcck und erhalten Sie einen Umtausch oder eine R\u00fcckerstattung (Versandkosten sind nicht erstattungsf\u00e4hig).<\/li>\n<li><strong>Internationale K\u00e4ufer: <\/strong>importz\u00f6lle, Steuern und zus\u00e4tzliche Geb\u00fchren sind nicht im Produkt- oder Versandpreis enthalten und unterliegen der Verantwortung des K\u00e4ufers.<\/li>\n<\/ul>\n<p><strong>\u00a0<\/strong><\/p>\n<p><strong>Bringen Sie W\u00e4rme, Eleganz und ein St\u00fcck Natur in Ihr Zuhause \u2013 bestellen Sie noch heute Ihren Holzkerzenhalter!<\/strong><\/p>\n<p>#RustikalerKerzenhalter #HolzKerzenhalter #HandgefertigterKerzenhalter #Kerzenhalter #RustikaleDeko #Nat\u00fcrlicheHolzDeko #NachhaltigeDeko<\/p>\n<\/div><\/div><\/div><\/div><\/div>\n","protected":false},"excerpt":{"rendered":"<p><strong>Genie\u00dfen Sie Kerzenschein ohne das Durcheinander!<\/strong><\/p>\n<p>Bringen Sie W\u00e4rme und Charme in Ihr Zuhause mit unseren rustikalen Holzkerzenhaltern. Diese kunstvoll gefertigten Halter verf\u00fcgen \u00fcber handgeschnitzte Vertiefungen, die jedes Wachstropfen auffangen und so Ihre Oberfl\u00e4chen sauber und wachs\u00adfrei halten. Jedes St\u00fcck wird sorgf\u00e4ltig aus hochwertiger, kammergetrockneter Nordeurop\u00e4ischer Esche oder exklusiven 200 Jahre alten Blockbalken gefertigt \u2013 w\u00e4hlen Sie das Holz, das Ihrem Stil am besten entspricht. Ob f\u00fcr gem\u00fctliche Abende, romantische Dinner oder rustikale Dekoration \u2013 diese Halter vereinen Funktionalit\u00e4t mit zeitloser Sch\u00f6nheit.<\/p>\n","protected":false},"featured_media":3016,"template":"","meta":{"_acf_changed":false},"product_brand":[],"product_cat":[71],"product_tag":[],"class_list":{"0":"post-1669","1":"product","2":"type-product","3":"status-publish","4":"has-post-thumbnail","6":"product_cat-kerzenhalter","8":"first","9":"instock","10":"taxable","11":"shipping-taxable","12":"purchasable","13":"product-type-variable","14":"has-default-attributes"},"acf":[],"yoast_head":"<!-- This site is optimized with the Yoast SEO plugin v26.7 - https:\/\/yoast.com\/wordpress\/plugins\/seo\/ -->\n<title>Kerzenhalter - Authentic Trees<\/title>\n<meta name=\"description\" content=\"Handgefertigte Holz-Kerzenhalter aus kammergetrockneter Esche oder 200 Jahre alten Balken. Stilvoll, nachhaltig und f\u00fcr tropffreie Oberfl\u00e4chen konzipiert.\" \/>\n<meta name=\"robots\" content=\"index, follow, max-snippet:-1, max-image-preview:large, max-video-preview:-1\" \/>\n<link rel=\"canonical\" href=\"https:\/\/authentictrees.com\/de\/products\/kerzenhalter\/kerzenhalter\/\" \/>\n<meta property=\"og:locale\" content=\"de_DE\" \/>\n<meta property=\"og:type\" content=\"article\" \/>\n<meta property=\"og:title\" content=\"Kerzenhalter - Authentic Trees\" \/>\n<meta property=\"og:description\" content=\"Handgefertigte Holz-Kerzenhalter aus kammergetrockneter Esche oder 200 Jahre alten Balken. Stilvoll, nachhaltig und f\u00fcr tropffreie Oberfl\u00e4chen konzipiert.\" \/>\n<meta property=\"og:url\" content=\"https:\/\/authentictrees.com\/de\/products\/kerzenhalter\/kerzenhalter\/\" \/>\n<meta property=\"og:site_name\" content=\"Authentictrees.com\" \/>\n<meta property=\"article:modified_time\" content=\"2025-03-28T08:45:40+00:00\" \/>\n<meta property=\"og:image\" content=\"https:\/\/authentictrees.com\/wp-content\/uploads\/2023\/04\/IMG_8493-scaled.jpg\" \/>\n\t<meta property=\"og:image:width\" content=\"2560\" \/>\n\t<meta property=\"og:image:height\" content=\"1707\" \/>\n\t<meta property=\"og:image:type\" content=\"image\/jpeg\" \/>\n<meta name=\"twitter:card\" content=\"summary_large_image\" \/>\n<meta name=\"twitter:label1\" content=\"Gesch\u00e4tzte Lesezeit\" \/>\n\t<meta name=\"twitter:data1\" content=\"2\u00a0Minuten\" \/>\n<script type=\"application\/ld+json\" class=\"yoast-schema-graph\">{\"@context\":\"https:\/\/schema.org\",\"@graph\":[{\"@type\":\"WebPage\",\"@id\":\"https:\/\/authentictrees.com\/de\/products\/kerzenhalter\/kerzenhalter\/\",\"url\":\"https:\/\/authentictrees.com\/de\/products\/kerzenhalter\/kerzenhalter\/\",\"name\":\"Kerzenhalter - Authentic Trees\",\"isPartOf\":{\"@id\":\"https:\/\/authentictrees.com\/de\/#website\"},\"primaryImageOfPage\":{\"@id\":\"https:\/\/authentictrees.com\/de\/products\/kerzenhalter\/kerzenhalter\/#primaryimage\"},\"image\":{\"@id\":\"https:\/\/authentictrees.com\/de\/products\/kerzenhalter\/kerzenhalter\/#primaryimage\"},\"thumbnailUrl\":\"https:\/\/authentictrees.com\/wp-content\/uploads\/2025\/03\/IMG_8581-scaled.jpg\",\"datePublished\":\"2025-03-04T13:29:55+00:00\",\"dateModified\":\"2025-03-28T08:45:40+00:00\",\"description\":\"Handgefertigte Holz-Kerzenhalter aus kammergetrockneter Esche oder 200 Jahre alten Balken. Stilvoll, nachhaltig und f\u00fcr tropffreie Oberfl\u00e4chen konzipiert.\",\"breadcrumb\":{\"@id\":\"https:\/\/authentictrees.com\/de\/products\/kerzenhalter\/kerzenhalter\/#breadcrumb\"},\"inLanguage\":\"de\",\"potentialAction\":[{\"@type\":\"ReadAction\",\"target\":[\"https:\/\/authentictrees.com\/de\/products\/kerzenhalter\/kerzenhalter\/\"]}]},{\"@type\":\"ImageObject\",\"inLanguage\":\"de\",\"@id\":\"https:\/\/authentictrees.com\/de\/products\/kerzenhalter\/kerzenhalter\/#primaryimage\",\"url\":\"https:\/\/authentictrees.com\/wp-content\/uploads\/2025\/03\/IMG_8581-scaled.jpg\",\"contentUrl\":\"https:\/\/authentictrees.com\/wp-content\/uploads\/2025\/03\/IMG_8581-scaled.jpg\",\"width\":2560,\"height\":1707},{\"@type\":\"BreadcrumbList\",\"@id\":\"https:\/\/authentictrees.com\/de\/products\/kerzenhalter\/kerzenhalter\/#breadcrumb\",\"itemListElement\":[{\"@type\":\"ListItem\",\"position\":1,\"name\":\"Home\",\"item\":\"https:\/\/authentictrees.com\/de\/\"},{\"@type\":\"ListItem\",\"position\":2,\"name\":\"Shop\",\"item\":\"https:\/\/authentictrees.com\/de\/shop\/\"},{\"@type\":\"ListItem\",\"position\":3,\"name\":\"Kerzenhalter\"}]},{\"@type\":\"WebSite\",\"@id\":\"https:\/\/authentictrees.com\/de\/#website\",\"url\":\"https:\/\/authentictrees.com\/de\/\",\"name\":\"Authentictrees.com\",\"description\":\"Boutique carpentry\",\"potentialAction\":[{\"@type\":\"SearchAction\",\"target\":{\"@type\":\"EntryPoint\",\"urlTemplate\":\"https:\/\/authentictrees.com\/de\/?s={search_term_string}\"},\"query-input\":{\"@type\":\"PropertyValueSpecification\",\"valueRequired\":true,\"valueName\":\"search_term_string\"}}],\"inLanguage\":\"de\"}]}<\/script>\n<!-- \/ Yoast SEO plugin. -->","yoast_head_json":{"title":"Kerzenhalter - Authentic Trees","description":"Handgefertigte Holz-Kerzenhalter aus kammergetrockneter Esche oder 200 Jahre alten Balken. Stilvoll, nachhaltig und f\u00fcr tropffreie Oberfl\u00e4chen konzipiert.","robots":{"index":"index","follow":"follow","max-snippet":"max-snippet:-1","max-image-preview":"max-image-preview:large","max-video-preview":"max-video-preview:-1"},"canonical":"https:\/\/authentictrees.com\/de\/products\/kerzenhalter\/kerzenhalter\/","og_locale":"de_DE","og_type":"article","og_title":"Kerzenhalter - Authentic Trees","og_description":"Handgefertigte Holz-Kerzenhalter aus kammergetrockneter Esche oder 200 Jahre alten Balken. Stilvoll, nachhaltig und f\u00fcr tropffreie Oberfl\u00e4chen konzipiert.","og_url":"https:\/\/authentictrees.com\/de\/products\/kerzenhalter\/kerzenhalter\/","og_site_name":"Authentictrees.com","article_modified_time":"2025-03-28T08:45:40+00:00","og_image":[{"width":2560,"height":1707,"url":"https:\/\/authentictrees.com\/wp-content\/uploads\/2023\/04\/IMG_8493-scaled.jpg","type":"image\/jpeg"}],"twitter_card":"summary_large_image","twitter_misc":{"Gesch\u00e4tzte Lesezeit":"2\u00a0Minuten"},"schema":{"@context":"https:\/\/schema.org","@graph":[{"@type":"WebPage","@id":"https:\/\/authentictrees.com\/de\/products\/kerzenhalter\/kerzenhalter\/","url":"https:\/\/authentictrees.com\/de\/products\/kerzenhalter\/kerzenhalter\/","name":"Kerzenhalter - Authentic Trees","isPartOf":{"@id":"https:\/\/authentictrees.com\/de\/#website"},"primaryImageOfPage":{"@id":"https:\/\/authentictrees.com\/de\/products\/kerzenhalter\/kerzenhalter\/#primaryimage"},"image":{"@id":"https:\/\/authentictrees.com\/de\/products\/kerzenhalter\/kerzenhalter\/#primaryimage"},"thumbnailUrl":"https:\/\/authentictrees.com\/wp-content\/uploads\/2025\/03\/IMG_8581-scaled.jpg","datePublished":"2025-03-04T13:29:55+00:00","dateModified":"2025-03-28T08:45:40+00:00","description":"Handgefertigte Holz-Kerzenhalter aus kammergetrockneter Esche oder 200 Jahre alten Balken. Stilvoll, nachhaltig und f\u00fcr tropffreie Oberfl\u00e4chen konzipiert.","breadcrumb":{"@id":"https:\/\/authentictrees.com\/de\/products\/kerzenhalter\/kerzenhalter\/#breadcrumb"},"inLanguage":"de","potentialAction":[{"@type":"ReadAction","target":["https:\/\/authentictrees.com\/de\/products\/kerzenhalter\/kerzenhalter\/"]}]},{"@type":"ImageObject","inLanguage":"de","@id":"https:\/\/authentictrees.com\/de\/products\/kerzenhalter\/kerzenhalter\/#primaryimage","url":"https:\/\/authentictrees.com\/wp-content\/uploads\/2025\/03\/IMG_8581-scaled.jpg","contentUrl":"https:\/\/authentictrees.com\/wp-content\/uploads\/2025\/03\/IMG_8581-scaled.jpg","width":2560,"height":1707},{"@type":"BreadcrumbList","@id":"https:\/\/authentictrees.com\/de\/products\/kerzenhalter\/kerzenhalter\/#breadcrumb","itemListElement":[{"@type":"ListItem","position":1,"name":"Home","item":"https:\/\/authentictrees.com\/de\/"},{"@type":"ListItem","position":2,"name":"Shop","item":"https:\/\/authentictrees.com\/de\/shop\/"},{"@type":"ListItem","position":3,"name":"Kerzenhalter"}]},{"@type":"WebSite","@id":"https:\/\/authentictrees.com\/de\/#website","url":"https:\/\/authentictrees.com\/de\/","name":"Authentictrees.com","description":"Boutique carpentry","potentialAction":[{"@type":"SearchAction","target":{"@type":"EntryPoint","urlTemplate":"https:\/\/authentictrees.com\/de\/?s={search_term_string}"},"query-input":{"@type":"PropertyValueSpecification","valueRequired":true,"valueName":"search_term_string"}}],"inLanguage":"de"}]}},"_links":{"self":[{"href":"https:\/\/authentictrees.com\/de\/wp-json\/wp\/v2\/product\/1669","targetHints":{"allow":["GET"]}}],"collection":[{"href":"https:\/\/authentictrees.com\/de\/wp-json\/wp\/v2\/product"}],"about":[{"href":"https:\/\/authentictrees.com\/de\/wp-json\/wp\/v2\/types\/product"}],"wp:featuredmedia":[{"embeddable":true,"href":"https:\/\/authentictrees.com\/de\/wp-json\/wp\/v2\/media\/3016"}],"wp:attachment":[{"href":"https:\/\/authentictrees.com\/de\/wp-json\/wp\/v2\/media?parent=1669"}],"wp:term":[{"taxonomy":"product_brand","embeddable":true,"href":"https:\/\/authentictrees.com\/de\/wp-json\/wp\/v2\/product_brand?post=1669"},{"taxonomy":"product_cat","embeddable":true,"href":"https:\/\/authentictrees.com\/de\/wp-json\/wp\/v2\/product_cat?post=1669"},{"taxonomy":"product_tag","embeddable":true,"href":"https:\/\/authentictrees.com\/de\/wp-json\/wp\/v2\/product_tag?post=1669"}],"curies":[{"name":"wp","href":"https:\/\/api.w.org\/{rel}","templated":true}]}}